{"id":12700,"date":"2025-12-11T21:09:27","date_gmt":"2025-12-11T21:09:27","guid":{"rendered":"https:\/\/magiedufeu.ch\/?post_type=product&#038;p=12700"},"modified":"2026-02-16T13:01:59","modified_gmt":"2026-02-16T13:01:59","slug":"poele-a-bois-ecosmall-plus-pierre-ollaire","status":"publish","type":"product","link":"https:\/\/magiedufeu.ch\/fr\/produit\/poele-a-bois-ecosmall-plus-pierre-ollaire\/","title":{"rendered":"Po\u00eale \u00e0 Bois ECOSMALL PLUS MAGIC FIRES Pierre Ollaire"},"content":{"rendered":"<h2>Pourquoi choisir le po\u00eale \u00e0 bois Ecosmall Plus Magic Fires ?<\/h2>\n<p>Ce magnifique po\u00eale \u00e0 bois est plus haut que le mod\u00e8le standard, il est id\u00e9al si vous avez de hauts plafonds. Gr\u00e2ce \u00e0 sa forme ronde, il s\u2019adapte \u00e0 tous les angles de votre maison. Selon l\u2019installation, vous pouvez faire pivoter le po\u00eale pour admirer le jeu des flammes, qu\u2019importe votre position dans la pi\u00e8ce.<\/p>\n<h2>Les avantages du po\u00eale \u00e0 bois Ecosmall Plus Magic Fires :<\/h2>\n<p>Gr\u00e2ce \u00e0 sa hauteur et \u00e0 la pierre ollaire, il a une capacit\u00e9 d\u2019accumulation de la chaleur qui est largement favoris\u00e9e. Le foyer du po\u00eale peut accueillir des b\u00fbches allant jusqu\u2019\u00e0 33 cm de longueur. Selon vos pr\u00e9f\u00e9rences, il est possible de raccorder les arriv\u00e9es d\u2019air en dessous ou derri\u00e8re le po\u00eale. Pour les sorties de fum\u00e9es, elles peuvent se faire dessus ou derri\u00e8re le po\u00eale.<\/p>\n<h3>Caract\u00e9ristiques principales du produit :<\/h3>\n<p>Poids : 138 kg<\/p>\n<p>Puissance : 7 kW<\/p>\n<p>Rendement : 82 %<\/p>\n<p>Largeur : 508 mm<\/p>\n<p>Profondeur : 508 mm<\/p>\n<p>Hauteur : 1135 mm<\/p>\n<p>&nbsp;<\/p>\n<p><strong><a href=\"https:\/\/magiedufeu.ch\/wp-content\/uploads\/2025\/12\/Design-sans-titre-1.pdf\">FICHE TECHNIQUE.ECOSMALL PLUS<\/a><\/strong><\/p>\n<p>&nbsp;<\/p>\n","protected":false},"excerpt":{"rendered":"<p>Poids : 138kg<\/p>\n<p>Puissance : 7kW<\/p>\n<p>Rendement : 82%<\/p>\n<p>Largeur : 508mm<\/p>\n<p>Profondeur : 508mm<\/p>\n<p>Hauteur : 1135mm<\/p>\n","protected":false},"featured_media":12758,"comment_status":"open","ping_status":"closed","template":"","meta":[],"product_cat":[210,207],"product_tag":[],"class_list":{"0":"post-12700","1":"product","2":"type-product","3":"status-publish","4":"has-post-thumbnail","6":"product_cat-bois-fr","7":"product_cat-poeles","9":"first","10":"instock","11":"taxable","12":"shipping-taxable","13":"purchasable","14":"product-type-simple"},"yoast_head":"<!-- This site is optimized with the Yoast SEO plugin v23.7 - https:\/\/yoast.com\/wordpress\/plugins\/seo\/ -->\n<title>Po\u00eale \u00e0 Bois ECOSMALL PLUS MAGIC FIRES Pierre Ollaire - Mosoni-Vuissoz Magie du Feu<\/title>\n<meta name=\"description\" content=\"Ce magnifique po\u00eale \u00e0 bois est plus haut que le mod\u00e8le standard, il est id\u00e9al si vous avez de hauts plafonds. Gr\u00e2ce \u00e0 sa forme ronde, il s\u2019adapte \u00e0 tous ...\" \/>\n<meta name=\"robots\" content=\"index, follow, max-snippet:-1, max-image-preview:large, max-video-preview:-1\" \/>\n<link rel=\"canonical\" href=\"https:\/\/magiedufeu.ch\/fr\/produit\/poele-a-bois-ecosmall-plus-pierre-ollaire\/\" \/>\n<meta property=\"og:locale\" content=\"fr_FR\" \/>\n<meta property=\"og:type\" content=\"article\" \/>\n<meta property=\"og:title\" content=\"Po\u00eale \u00e0 Bois ECOSMALL PLUS MAGIC FIRES Pierre Ollaire - Mosoni-Vuissoz Magie du Feu\" \/>\n<meta property=\"og:description\" content=\"Ce magnifique po\u00eale \u00e0 bois est plus haut que le mod\u00e8le standard, il est id\u00e9al si vous avez de hauts plafonds. Gr\u00e2ce \u00e0 sa forme ronde, il s\u2019adapte \u00e0 tous ...\" \/>\n<meta property=\"og:url\" content=\"https:\/\/magiedufeu.ch\/fr\/produit\/poele-a-bois-ecosmall-plus-pierre-ollaire\/\" \/>\n<meta property=\"og:site_name\" content=\"Mosoni-Vuissoz Magie du Feu\" \/>\n<meta property=\"article:publisher\" content=\"https:\/\/www.facebook.com\/magiedufeu.mdf\/\" \/>\n<meta property=\"article:modified_time\" content=\"2026-02-16T13:01:59+00:00\" \/>\n<meta property=\"og:image\" content=\"https:\/\/magiedufeu.ch\/wp-content\/uploads\/2025\/12\/Design-sans-titre-_2_.webp?wsr\" \/>\n\t<meta property=\"og:image:width\" content=\"1080\" \/>\n\t<meta property=\"og:image:height\" content=\"1080\" \/>\n\t<meta property=\"og:image:type\" content=\"image\/webp\" \/>\n<meta name=\"twitter:card\" content=\"summary_large_image\" \/>\n<meta name=\"twitter:label1\" content=\"Dur\u00e9e de lecture estim\u00e9e\" \/>\n\t<meta name=\"twitter:data1\" content=\"2 minutes\" \/>\n<script type=\"application\/ld+json\" class=\"yoast-schema-graph\">{\"@context\":\"https:\/\/schema.org\",\"@graph\":[{\"@type\":\"WebPage\",\"@id\":\"https:\/\/magiedufeu.ch\/fr\/produit\/poele-a-bois-ecosmall-plus-pierre-ollaire\/\",\"url\":\"https:\/\/magiedufeu.ch\/fr\/produit\/poele-a-bois-ecosmall-plus-pierre-ollaire\/\",\"name\":\"Po\u00eale \u00e0 Bois ECOSMALL PLUS MAGIC FIRES Pierre Ollaire - Mosoni-Vuissoz Magie du Feu\",\"isPartOf\":{\"@id\":\"https:\/\/magiedufeu.ch\/#website\"},\"primaryImageOfPage\":{\"@id\":\"https:\/\/magiedufeu.ch\/fr\/produit\/poele-a-bois-ecosmall-plus-pierre-ollaire\/#primaryimage\"},\"image\":{\"@id\":\"https:\/\/magiedufeu.ch\/fr\/produit\/poele-a-bois-ecosmall-plus-pierre-ollaire\/#primaryimage\"},\"thumbnailUrl\":\"https:\/\/magiedufeu.ch\/wp-content\/uploads\/2025\/12\/Design-sans-titre-_2_.webp?wsr\",\"datePublished\":\"2025-12-11T21:09:27+00:00\",\"dateModified\":\"2026-02-16T13:01:59+00:00\",\"description\":\"Ce magnifique po\u00eale \u00e0 bois est plus haut que le mod\u00e8le standard, il est id\u00e9al si vous avez de hauts plafonds. Gr\u00e2ce \u00e0 sa forme ronde, il s\u2019adapte \u00e0 tous ...\",\"breadcrumb\":{\"@id\":\"https:\/\/magiedufeu.ch\/fr\/produit\/poele-a-bois-ecosmall-plus-pierre-ollaire\/#breadcrumb\"},\"inLanguage\":\"fr-FR\",\"potentialAction\":[{\"@type\":\"ReadAction\",\"target\":[\"https:\/\/magiedufeu.ch\/fr\/produit\/poele-a-bois-ecosmall-plus-pierre-ollaire\/\"]}]},{\"@type\":\"ImageObject\",\"inLanguage\":\"fr-FR\",\"@id\":\"https:\/\/magiedufeu.ch\/fr\/produit\/poele-a-bois-ecosmall-plus-pierre-ollaire\/#primaryimage\",\"url\":\"https:\/\/magiedufeu.ch\/wp-content\/uploads\/2025\/12\/Design-sans-titre-_2_.webp?wsr\",\"contentUrl\":\"https:\/\/magiedufeu.ch\/wp-content\/uploads\/2025\/12\/Design-sans-titre-_2_.webp?wsr\",\"width\":1080,\"height\":1080},{\"@type\":\"BreadcrumbList\",\"@id\":\"https:\/\/magiedufeu.ch\/fr\/produit\/poele-a-bois-ecosmall-plus-pierre-ollaire\/#breadcrumb\",\"itemListElement\":[{\"@type\":\"ListItem\",\"position\":1,\"name\":\"Accueil\",\"item\":\"https:\/\/magiedufeu.ch\/\"},{\"@type\":\"ListItem\",\"position\":2,\"name\":\"Boutique\",\"item\":\"https:\/\/magiedufeu.ch\/fr\/boutique\/\"},{\"@type\":\"ListItem\",\"position\":3,\"name\":\"Po\u00eale \u00e0 Bois ECOSMALL PLUS MAGIC FIRES Pierre Ollaire\"}]},{\"@type\":\"WebSite\",\"@id\":\"https:\/\/magiedufeu.ch\/#website\",\"url\":\"https:\/\/magiedufeu.ch\/\",\"name\":\"Mosoni-Vuissoz Magie du Feu\",\"description\":\"\",\"publisher\":{\"@id\":\"https:\/\/magiedufeu.ch\/#organization\"},\"potentialAction\":[{\"@type\":\"SearchAction\",\"target\":{\"@type\":\"EntryPoint\",\"urlTemplate\":\"https:\/\/magiedufeu.ch\/?s={search_term_string}\"},\"query-input\":{\"@type\":\"PropertyValueSpecification\",\"valueRequired\":true,\"valueName\":\"search_term_string\"}}],\"inLanguage\":\"fr-FR\"},{\"@type\":\"Organization\",\"@id\":\"https:\/\/magiedufeu.ch\/#organization\",\"name\":\"Mosoni-Vuissoz Magie du Feu\",\"url\":\"https:\/\/magiedufeu.ch\/\",\"logo\":{\"@type\":\"ImageObject\",\"inLanguage\":\"fr-FR\",\"@id\":\"https:\/\/magiedufeu.ch\/#\/schema\/logo\/image\/\",\"url\":\"https:\/\/magiedufeu.ch\/wp-content\/uploads\/2021\/06\/Mosoni-Vuissoz-logo-1024x536-1-46d285e0.png\",\"contentUrl\":\"https:\/\/magiedufeu.ch\/wp-content\/uploads\/2021\/06\/Mosoni-Vuissoz-logo-1024x536-1-46d285e0.png\",\"width\":200,\"height\":105,\"caption\":\"Mosoni-Vuissoz Magie du Feu\"},\"image\":{\"@id\":\"https:\/\/magiedufeu.ch\/#\/schema\/logo\/image\/\"},\"sameAs\":[\"https:\/\/www.facebook.com\/magiedufeu.mdf\/\"]}]}<\/script>\n<!-- \/ Yoast SEO plugin. -->","yoast_head_json":{"title":"Po\u00eale \u00e0 Bois ECOSMALL PLUS MAGIC FIRES Pierre Ollaire - Mosoni-Vuissoz Magie du Feu","description":"Ce magnifique po\u00eale \u00e0 bois est plus haut que le mod\u00e8le standard, il est id\u00e9al si vous avez de hauts plafonds. Gr\u00e2ce \u00e0 sa forme ronde, il s\u2019adapte \u00e0 tous ...","robots":{"index":"index","follow":"follow","max-snippet":"max-snippet:-1","max-image-preview":"max-image-preview:large","max-video-preview":"max-video-preview:-1"},"canonical":"https:\/\/magiedufeu.ch\/fr\/produit\/poele-a-bois-ecosmall-plus-pierre-ollaire\/","og_locale":"fr_FR","og_type":"article","og_title":"Po\u00eale \u00e0 Bois ECOSMALL PLUS MAGIC FIRES Pierre Ollaire - Mosoni-Vuissoz Magie du Feu","og_description":"Ce magnifique po\u00eale \u00e0 bois est plus haut que le mod\u00e8le standard, il est id\u00e9al si vous avez de hauts plafonds. Gr\u00e2ce \u00e0 sa forme ronde, il s\u2019adapte \u00e0 tous ...","og_url":"https:\/\/magiedufeu.ch\/fr\/produit\/poele-a-bois-ecosmall-plus-pierre-ollaire\/","og_site_name":"Mosoni-Vuissoz Magie du Feu","article_publisher":"https:\/\/www.facebook.com\/magiedufeu.mdf\/","article_modified_time":"2026-02-16T13:01:59+00:00","og_image":[{"width":1080,"height":1080,"url":"https:\/\/magiedufeu.ch\/wp-content\/uploads\/2025\/12\/Design-sans-titre-_2_.webp?wsr","type":"image\/webp"}],"twitter_card":"summary_large_image","twitter_misc":{"Dur\u00e9e de lecture estim\u00e9e":"2 minutes"},"schema":{"@context":"https:\/\/schema.org","@graph":[{"@type":"WebPage","@id":"https:\/\/magiedufeu.ch\/fr\/produit\/poele-a-bois-ecosmall-plus-pierre-ollaire\/","url":"https:\/\/magiedufeu.ch\/fr\/produit\/poele-a-bois-ecosmall-plus-pierre-ollaire\/","name":"Po\u00eale \u00e0 Bois ECOSMALL PLUS MAGIC FIRES Pierre Ollaire - Mosoni-Vuissoz Magie du Feu","isPartOf":{"@id":"https:\/\/magiedufeu.ch\/#website"},"primaryImageOfPage":{"@id":"https:\/\/magiedufeu.ch\/fr\/produit\/poele-a-bois-ecosmall-plus-pierre-ollaire\/#primaryimage"},"image":{"@id":"https:\/\/magiedufeu.ch\/fr\/produit\/poele-a-bois-ecosmall-plus-pierre-ollaire\/#primaryimage"},"thumbnailUrl":"https:\/\/magiedufeu.ch\/wp-content\/uploads\/2025\/12\/Design-sans-titre-_2_.webp?wsr","datePublished":"2025-12-11T21:09:27+00:00","dateModified":"2026-02-16T13:01:59+00:00","description":"Ce magnifique po\u00eale \u00e0 bois est plus haut que le mod\u00e8le standard, il est id\u00e9al si vous avez de hauts plafonds. Gr\u00e2ce \u00e0 sa forme ronde, il s\u2019adapte \u00e0 tous ...","breadcrumb":{"@id":"https:\/\/magiedufeu.ch\/fr\/produit\/poele-a-bois-ecosmall-plus-pierre-ollaire\/#breadcrumb"},"inLanguage":"fr-FR","potentialAction":[{"@type":"ReadAction","target":["https:\/\/magiedufeu.ch\/fr\/produit\/poele-a-bois-ecosmall-plus-pierre-ollaire\/"]}]},{"@type":"ImageObject","inLanguage":"fr-FR","@id":"https:\/\/magiedufeu.ch\/fr\/produit\/poele-a-bois-ecosmall-plus-pierre-ollaire\/#primaryimage","url":"https:\/\/magiedufeu.ch\/wp-content\/uploads\/2025\/12\/Design-sans-titre-_2_.webp?wsr","contentUrl":"https:\/\/magiedufeu.ch\/wp-content\/uploads\/2025\/12\/Design-sans-titre-_2_.webp?wsr","width":1080,"height":1080},{"@type":"BreadcrumbList","@id":"https:\/\/magiedufeu.ch\/fr\/produit\/poele-a-bois-ecosmall-plus-pierre-ollaire\/#breadcrumb","itemListElement":[{"@type":"ListItem","position":1,"name":"Accueil","item":"https:\/\/magiedufeu.ch\/"},{"@type":"ListItem","position":2,"name":"Boutique","item":"https:\/\/magiedufeu.ch\/fr\/boutique\/"},{"@type":"ListItem","position":3,"name":"Po\u00eale \u00e0 Bois ECOSMALL PLUS MAGIC FIRES Pierre Ollaire"}]},{"@type":"WebSite","@id":"https:\/\/magiedufeu.ch\/#website","url":"https:\/\/magiedufeu.ch\/","name":"Mosoni-Vuissoz Magie du Feu","description":"","publisher":{"@id":"https:\/\/magiedufeu.ch\/#organization"},"potentialAction":[{"@type":"SearchAction","target":{"@type":"EntryPoint","urlTemplate":"https:\/\/magiedufeu.ch\/?s={search_term_string}"},"query-input":{"@type":"PropertyValueSpecification","valueRequired":true,"valueName":"search_term_string"}}],"inLanguage":"fr-FR"},{"@type":"Organization","@id":"https:\/\/magiedufeu.ch\/#organization","name":"Mosoni-Vuissoz Magie du Feu","url":"https:\/\/magiedufeu.ch\/","logo":{"@type":"ImageObject","inLanguage":"fr-FR","@id":"https:\/\/magiedufeu.ch\/#\/schema\/logo\/image\/","url":"https:\/\/magiedufeu.ch\/wp-content\/uploads\/2021\/06\/Mosoni-Vuissoz-logo-1024x536-1-46d285e0.png","contentUrl":"https:\/\/magiedufeu.ch\/wp-content\/uploads\/2021\/06\/Mosoni-Vuissoz-logo-1024x536-1-46d285e0.png","width":200,"height":105,"caption":"Mosoni-Vuissoz Magie du Feu"},"image":{"@id":"https:\/\/magiedufeu.ch\/#\/schema\/logo\/image\/"},"sameAs":["https:\/\/www.facebook.com\/magiedufeu.mdf\/"]}]}},"_links":{"self":[{"href":"https:\/\/magiedufeu.ch\/fr\/wp-json\/wp\/v2\/product\/12700","targetHints":{"allow":["GET"]}}],"collection":[{"href":"https:\/\/magiedufeu.ch\/fr\/wp-json\/wp\/v2\/product"}],"about":[{"href":"https:\/\/magiedufeu.ch\/fr\/wp-json\/wp\/v2\/types\/product"}],"replies":[{"embeddable":true,"href":"https:\/\/magiedufeu.ch\/fr\/wp-json\/wp\/v2\/comments?post=12700"}],"wp:featuredmedia":[{"embeddable":true,"href":"https:\/\/magiedufeu.ch\/fr\/wp-json\/wp\/v2\/media\/12758"}],"wp:attachment":[{"href":"https:\/\/magiedufeu.ch\/fr\/wp-json\/wp\/v2\/media?parent=12700"}],"wp:term":[{"taxonomy":"product_cat","embeddable":true,"href":"https:\/\/magiedufeu.ch\/fr\/wp-json\/wp\/v2\/product_cat?post=12700"},{"taxonomy":"product_tag","embeddable":true,"href":"https:\/\/magiedufeu.ch\/fr\/wp-json\/wp\/v2\/product_tag?post=12700"}],"curies":[{"name":"wp","href":"https:\/\/api.w.org\/{rel}","templated":true}]}}