{"id":11924,"date":"2024-11-05T16:47:28","date_gmt":"2024-11-05T16:47:28","guid":{"rendered":"https:\/\/magiedufeu.ch\/?post_type=product&#038;p=11924"},"modified":"2026-02-28T08:23:10","modified_gmt":"2026-02-28T08:23:10","slug":"cheminee-centrale-a-bois-ronde-rocal","status":"publish","type":"product","link":"https:\/\/magiedufeu.ch\/fr\/produit\/cheminee-centrale-a-bois-ronde-rocal\/","title":{"rendered":"Chemin\u00e9e Centrale \u00e0 Bois RONDE ROCAL"},"content":{"rendered":"<h2>Pourquoi choisir la chemin\u00e9e centrale Ronde Rocal ?<\/h2>\n<p>Cette chemin\u00e9e centrale de forme circulaire est pure pr\u00e9sence et simplicit\u00e9. Son design permet une vision totale du feu depuis n\u2019importe quel point de la pi\u00e8ce, s\u2019adaptant gr\u00e2ce \u00e0 sa taille \u00e0 tous les espaces.<\/p>\n<h2>Les avantages de la chemin\u00e9e centrale Ronde Rocal :<\/h2>\n<p>Il y a l&#8217;air primaire et secondaire qui sont pr\u00e9chauff\u00e9s. Sa peinture est anti-fum\u00e9e et anti-odeur. Il y a une possibilit\u00e9 d&#8217;entr\u00e9e d&#8217;air ext\u00e9rieure. De part sa taille ronde, il peut trouver sa place dans toutes les pi\u00e8ces de votre maison.<\/p>\n<h3>Caract\u00e9ristiques principales du produit :<\/h3>\n<p>Hauteur : 2910 mm<\/p>\n<p>Largeur : 654 mm<\/p>\n<p>Profondeur : 654 mm<\/p>\n<p class=\"x_MsoNormal\"><span lang=\"DE-CH\" data-olk-copy-source=\"MessageBody\">Rendement : 87,20 %<\/span><\/p>\n<p class=\"x_MsoNormal\"><span lang=\"DE-CH\">Puissance : 9,00 &#8211; 15,50 kW<\/span><\/p>\n<p class=\"x_MsoNormal\"><span lang=\"DE-CH\">Poids : 170 kg (sans le pied), 180 kg (avec pied)<\/span><\/p>\n<p>&nbsp;<\/p>\n<p><strong><a href=\"https:\/\/magiedufeu.ch\/wp-content\/uploads\/2024\/11\/Design-sans-titre-9.pdf\">FICHE TECHNIQUE.RONDE<\/a><\/strong><\/p>\n<p>&nbsp;<\/p>\n<p><strong>PRIX SUR DEMANDE.<\/strong><\/p>\n","protected":false},"excerpt":{"rendered":"<p>Hauteur : 2910 mm<\/p>\n<p>Largeur : 654 mm<\/p>\n<p>Profondeur : 654 mm<\/p>\n<p class=\"x_MsoNormal\"><span lang=\"DE-CH\" data-olk-copy-source=\"MessageBody\">Rendement : 87,20 %<\/span><\/p>\n<p class=\"x_MsoNormal\"><span lang=\"DE-CH\">Puissance : 9,00 &#8211; 15,50 kW<\/span><\/p>\n<p class=\"x_MsoNormal\"><span lang=\"DE-CH\">Poids : 170 kg (sans le pied), 180 kg (avec pied)<\/span><\/p>\n","protected":false},"featured_media":11925,"comment_status":"closed","ping_status":"closed","template":"","meta":[],"product_cat":[197,193],"product_tag":[],"class_list":{"0":"post-11924","1":"product","2":"type-product","3":"status-publish","4":"has-post-thumbnail","6":"product_cat-bois","7":"product_cat-cheminees-et-inserts","9":"first","10":"instock","11":"taxable","12":"shipping-taxable","13":"product-type-simple"},"yoast_head":"<!-- This site is optimized with the Yoast SEO plugin v23.7 - https:\/\/yoast.com\/wordpress\/plugins\/seo\/ -->\n<title>Chemin\u00e9e Centrale \u00e0 Bois RONDE ROCAL - Mosoni-Vuissoz Magie du Feu<\/title>\n<meta name=\"description\" content=\"Cette chemin\u00e9e centrale de forme circulaire est pure pr\u00e9sence et simplicit\u00e9. Son design permet une vision totale du feu depuis n\u2019importe quel point ...\" \/>\n<meta name=\"robots\" content=\"index, follow, max-snippet:-1, max-image-preview:large, max-video-preview:-1\" \/>\n<link rel=\"canonical\" href=\"https:\/\/magiedufeu.ch\/fr\/produit\/cheminee-centrale-a-bois-ronde-rocal\/\" \/>\n<meta property=\"og:locale\" content=\"fr_FR\" \/>\n<meta property=\"og:type\" content=\"article\" \/>\n<meta property=\"og:title\" content=\"Chemin\u00e9e Centrale \u00e0 Bois RONDE ROCAL - Mosoni-Vuissoz Magie du Feu\" \/>\n<meta property=\"og:description\" content=\"Cette chemin\u00e9e centrale de forme circulaire est pure pr\u00e9sence et simplicit\u00e9. Son design permet une vision totale du feu depuis n\u2019importe quel point ...\" \/>\n<meta property=\"og:url\" content=\"https:\/\/magiedufeu.ch\/fr\/produit\/cheminee-centrale-a-bois-ronde-rocal\/\" \/>\n<meta property=\"og:site_name\" content=\"Mosoni-Vuissoz Magie du Feu\" \/>\n<meta property=\"article:publisher\" content=\"https:\/\/www.facebook.com\/magiedufeu.mdf\/\" \/>\n<meta property=\"article:modified_time\" content=\"2026-02-28T08:23:10+00:00\" \/>\n<meta property=\"og:image\" content=\"https:\/\/magiedufeu.ch\/wp-content\/uploads\/2024\/11\/Poele-rond-central.png?wsr\" \/>\n\t<meta property=\"og:image:width\" content=\"1080\" \/>\n\t<meta property=\"og:image:height\" content=\"1080\" \/>\n\t<meta property=\"og:image:type\" content=\"image\/png\" \/>\n<meta name=\"twitter:card\" content=\"summary_large_image\" \/>\n<meta name=\"twitter:label1\" content=\"Dur\u00e9e de lecture estim\u00e9e\" \/>\n\t<meta name=\"twitter:data1\" content=\"1 minute\" \/>\n<script type=\"application\/ld+json\" class=\"yoast-schema-graph\">{\"@context\":\"https:\/\/schema.org\",\"@graph\":[{\"@type\":\"WebPage\",\"@id\":\"https:\/\/magiedufeu.ch\/fr\/produit\/cheminee-centrale-a-bois-ronde-rocal\/\",\"url\":\"https:\/\/magiedufeu.ch\/fr\/produit\/cheminee-centrale-a-bois-ronde-rocal\/\",\"name\":\"Chemin\u00e9e Centrale \u00e0 Bois RONDE ROCAL - Mosoni-Vuissoz Magie du Feu\",\"isPartOf\":{\"@id\":\"https:\/\/magiedufeu.ch\/#website\"},\"primaryImageOfPage\":{\"@id\":\"https:\/\/magiedufeu.ch\/fr\/produit\/cheminee-centrale-a-bois-ronde-rocal\/#primaryimage\"},\"image\":{\"@id\":\"https:\/\/magiedufeu.ch\/fr\/produit\/cheminee-centrale-a-bois-ronde-rocal\/#primaryimage\"},\"thumbnailUrl\":\"https:\/\/magiedufeu.ch\/wp-content\/uploads\/2024\/11\/Poele-rond-central.png?wsr\",\"datePublished\":\"2024-11-05T16:47:28+00:00\",\"dateModified\":\"2026-02-28T08:23:10+00:00\",\"description\":\"Cette chemin\u00e9e centrale de forme circulaire est pure pr\u00e9sence et simplicit\u00e9. Son design permet une vision totale du feu depuis n\u2019importe quel point ...\",\"breadcrumb\":{\"@id\":\"https:\/\/magiedufeu.ch\/fr\/produit\/cheminee-centrale-a-bois-ronde-rocal\/#breadcrumb\"},\"inLanguage\":\"fr-FR\",\"potentialAction\":[{\"@type\":\"ReadAction\",\"target\":[\"https:\/\/magiedufeu.ch\/fr\/produit\/cheminee-centrale-a-bois-ronde-rocal\/\"]}]},{\"@type\":\"ImageObject\",\"inLanguage\":\"fr-FR\",\"@id\":\"https:\/\/magiedufeu.ch\/fr\/produit\/cheminee-centrale-a-bois-ronde-rocal\/#primaryimage\",\"url\":\"https:\/\/magiedufeu.ch\/wp-content\/uploads\/2024\/11\/Poele-rond-central.png?wsr\",\"contentUrl\":\"https:\/\/magiedufeu.ch\/wp-content\/uploads\/2024\/11\/Poele-rond-central.png?wsr\",\"width\":1080,\"height\":1080},{\"@type\":\"BreadcrumbList\",\"@id\":\"https:\/\/magiedufeu.ch\/fr\/produit\/cheminee-centrale-a-bois-ronde-rocal\/#breadcrumb\",\"itemListElement\":[{\"@type\":\"ListItem\",\"position\":1,\"name\":\"Accueil\",\"item\":\"https:\/\/magiedufeu.ch\/\"},{\"@type\":\"ListItem\",\"position\":2,\"name\":\"Boutique\",\"item\":\"https:\/\/magiedufeu.ch\/fr\/boutique\/\"},{\"@type\":\"ListItem\",\"position\":3,\"name\":\"Chemin\u00e9e Centrale \u00e0 Bois RONDE ROCAL\"}]},{\"@type\":\"WebSite\",\"@id\":\"https:\/\/magiedufeu.ch\/#website\",\"url\":\"https:\/\/magiedufeu.ch\/\",\"name\":\"Mosoni-Vuissoz Magie du Feu\",\"description\":\"\",\"publisher\":{\"@id\":\"https:\/\/magiedufeu.ch\/#organization\"},\"potentialAction\":[{\"@type\":\"SearchAction\",\"target\":{\"@type\":\"EntryPoint\",\"urlTemplate\":\"https:\/\/magiedufeu.ch\/?s={search_term_string}\"},\"query-input\":{\"@type\":\"PropertyValueSpecification\",\"valueRequired\":true,\"valueName\":\"search_term_string\"}}],\"inLanguage\":\"fr-FR\"},{\"@type\":\"Organization\",\"@id\":\"https:\/\/magiedufeu.ch\/#organization\",\"name\":\"Mosoni-Vuissoz Magie du Feu\",\"url\":\"https:\/\/magiedufeu.ch\/\",\"logo\":{\"@type\":\"ImageObject\",\"inLanguage\":\"fr-FR\",\"@id\":\"https:\/\/magiedufeu.ch\/#\/schema\/logo\/image\/\",\"url\":\"https:\/\/magiedufeu.ch\/wp-content\/uploads\/2021\/06\/Mosoni-Vuissoz-logo-1024x536-1-46d285e0.png\",\"contentUrl\":\"https:\/\/magiedufeu.ch\/wp-content\/uploads\/2021\/06\/Mosoni-Vuissoz-logo-1024x536-1-46d285e0.png\",\"width\":200,\"height\":105,\"caption\":\"Mosoni-Vuissoz Magie du Feu\"},\"image\":{\"@id\":\"https:\/\/magiedufeu.ch\/#\/schema\/logo\/image\/\"},\"sameAs\":[\"https:\/\/www.facebook.com\/magiedufeu.mdf\/\"]}]}<\/script>\n<!-- \/ Yoast SEO plugin. -->","yoast_head_json":{"title":"Chemin\u00e9e Centrale \u00e0 Bois RONDE ROCAL - Mosoni-Vuissoz Magie du Feu","description":"Cette chemin\u00e9e centrale de forme circulaire est pure pr\u00e9sence et simplicit\u00e9. Son design permet une vision totale du feu depuis n\u2019importe quel point ...","robots":{"index":"index","follow":"follow","max-snippet":"max-snippet:-1","max-image-preview":"max-image-preview:large","max-video-preview":"max-video-preview:-1"},"canonical":"https:\/\/magiedufeu.ch\/fr\/produit\/cheminee-centrale-a-bois-ronde-rocal\/","og_locale":"fr_FR","og_type":"article","og_title":"Chemin\u00e9e Centrale \u00e0 Bois RONDE ROCAL - Mosoni-Vuissoz Magie du Feu","og_description":"Cette chemin\u00e9e centrale de forme circulaire est pure pr\u00e9sence et simplicit\u00e9. Son design permet une vision totale du feu depuis n\u2019importe quel point ...","og_url":"https:\/\/magiedufeu.ch\/fr\/produit\/cheminee-centrale-a-bois-ronde-rocal\/","og_site_name":"Mosoni-Vuissoz Magie du Feu","article_publisher":"https:\/\/www.facebook.com\/magiedufeu.mdf\/","article_modified_time":"2026-02-28T08:23:10+00:00","og_image":[{"width":1080,"height":1080,"url":"https:\/\/magiedufeu.ch\/wp-content\/uploads\/2024\/11\/Poele-rond-central.png?wsr","type":"image\/png"}],"twitter_card":"summary_large_image","twitter_misc":{"Dur\u00e9e de lecture estim\u00e9e":"1 minute"},"schema":{"@context":"https:\/\/schema.org","@graph":[{"@type":"WebPage","@id":"https:\/\/magiedufeu.ch\/fr\/produit\/cheminee-centrale-a-bois-ronde-rocal\/","url":"https:\/\/magiedufeu.ch\/fr\/produit\/cheminee-centrale-a-bois-ronde-rocal\/","name":"Chemin\u00e9e Centrale \u00e0 Bois RONDE ROCAL - Mosoni-Vuissoz Magie du Feu","isPartOf":{"@id":"https:\/\/magiedufeu.ch\/#website"},"primaryImageOfPage":{"@id":"https:\/\/magiedufeu.ch\/fr\/produit\/cheminee-centrale-a-bois-ronde-rocal\/#primaryimage"},"image":{"@id":"https:\/\/magiedufeu.ch\/fr\/produit\/cheminee-centrale-a-bois-ronde-rocal\/#primaryimage"},"thumbnailUrl":"https:\/\/magiedufeu.ch\/wp-content\/uploads\/2024\/11\/Poele-rond-central.png?wsr","datePublished":"2024-11-05T16:47:28+00:00","dateModified":"2026-02-28T08:23:10+00:00","description":"Cette chemin\u00e9e centrale de forme circulaire est pure pr\u00e9sence et simplicit\u00e9. Son design permet une vision totale du feu depuis n\u2019importe quel point ...","breadcrumb":{"@id":"https:\/\/magiedufeu.ch\/fr\/produit\/cheminee-centrale-a-bois-ronde-rocal\/#breadcrumb"},"inLanguage":"fr-FR","potentialAction":[{"@type":"ReadAction","target":["https:\/\/magiedufeu.ch\/fr\/produit\/cheminee-centrale-a-bois-ronde-rocal\/"]}]},{"@type":"ImageObject","inLanguage":"fr-FR","@id":"https:\/\/magiedufeu.ch\/fr\/produit\/cheminee-centrale-a-bois-ronde-rocal\/#primaryimage","url":"https:\/\/magiedufeu.ch\/wp-content\/uploads\/2024\/11\/Poele-rond-central.png?wsr","contentUrl":"https:\/\/magiedufeu.ch\/wp-content\/uploads\/2024\/11\/Poele-rond-central.png?wsr","width":1080,"height":1080},{"@type":"BreadcrumbList","@id":"https:\/\/magiedufeu.ch\/fr\/produit\/cheminee-centrale-a-bois-ronde-rocal\/#breadcrumb","itemListElement":[{"@type":"ListItem","position":1,"name":"Accueil","item":"https:\/\/magiedufeu.ch\/"},{"@type":"ListItem","position":2,"name":"Boutique","item":"https:\/\/magiedufeu.ch\/fr\/boutique\/"},{"@type":"ListItem","position":3,"name":"Chemin\u00e9e Centrale \u00e0 Bois RONDE ROCAL"}]},{"@type":"WebSite","@id":"https:\/\/magiedufeu.ch\/#website","url":"https:\/\/magiedufeu.ch\/","name":"Mosoni-Vuissoz Magie du Feu","description":"","publisher":{"@id":"https:\/\/magiedufeu.ch\/#organization"},"potentialAction":[{"@type":"SearchAction","target":{"@type":"EntryPoint","urlTemplate":"https:\/\/magiedufeu.ch\/?s={search_term_string}"},"query-input":{"@type":"PropertyValueSpecification","valueRequired":true,"valueName":"search_term_string"}}],"inLanguage":"fr-FR"},{"@type":"Organization","@id":"https:\/\/magiedufeu.ch\/#organization","name":"Mosoni-Vuissoz Magie du Feu","url":"https:\/\/magiedufeu.ch\/","logo":{"@type":"ImageObject","inLanguage":"fr-FR","@id":"https:\/\/magiedufeu.ch\/#\/schema\/logo\/image\/","url":"https:\/\/magiedufeu.ch\/wp-content\/uploads\/2021\/06\/Mosoni-Vuissoz-logo-1024x536-1-46d285e0.png","contentUrl":"https:\/\/magiedufeu.ch\/wp-content\/uploads\/2021\/06\/Mosoni-Vuissoz-logo-1024x536-1-46d285e0.png","width":200,"height":105,"caption":"Mosoni-Vuissoz Magie du Feu"},"image":{"@id":"https:\/\/magiedufeu.ch\/#\/schema\/logo\/image\/"},"sameAs":["https:\/\/www.facebook.com\/magiedufeu.mdf\/"]}]}},"_links":{"self":[{"href":"https:\/\/magiedufeu.ch\/fr\/wp-json\/wp\/v2\/product\/11924","targetHints":{"allow":["GET"]}}],"collection":[{"href":"https:\/\/magiedufeu.ch\/fr\/wp-json\/wp\/v2\/product"}],"about":[{"href":"https:\/\/magiedufeu.ch\/fr\/wp-json\/wp\/v2\/types\/product"}],"replies":[{"embeddable":true,"href":"https:\/\/magiedufeu.ch\/fr\/wp-json\/wp\/v2\/comments?post=11924"}],"wp:featuredmedia":[{"embeddable":true,"href":"https:\/\/magiedufeu.ch\/fr\/wp-json\/wp\/v2\/media\/11925"}],"wp:attachment":[{"href":"https:\/\/magiedufeu.ch\/fr\/wp-json\/wp\/v2\/media?parent=11924"}],"wp:term":[{"taxonomy":"product_cat","embeddable":true,"href":"https:\/\/magiedufeu.ch\/fr\/wp-json\/wp\/v2\/product_cat?post=11924"},{"taxonomy":"product_tag","embeddable":true,"href":"https:\/\/magiedufeu.ch\/fr\/wp-json\/wp\/v2\/product_tag?post=11924"}],"curies":[{"name":"wp","href":"https:\/\/api.w.org\/{rel}","templated":true}]}}