{"id":11896,"date":"2024-11-05T16:24:27","date_gmt":"2024-11-05T16:24:27","guid":{"rendered":"https:\/\/magiedufeu.ch\/?post_type=product&#038;p=11896"},"modified":"2026-03-31T15:15:17","modified_gmt":"2026-03-31T15:15:17","slug":"cassette-electrique-500","status":"publish","type":"product","link":"https:\/\/magiedufeu.ch\/fr\/produit\/cassette-electrique-500\/","title":{"rendered":"Cassette Electrique 500 DIMPLEX"},"content":{"rendered":"<h2>Pourquoi choisir une cassette \u00e9lectrique 500 Dimplex ?<\/h2>\n<p>Imaginez votre maison id\u00e9ale, sans ventilation ni chaleur, car les flammes sont compos\u00e9es exclusivement de vapeur d&#8217;eau et de LED. Vous pouvez tendre la main et toucher les flammes. Les mod\u00e8les r\u00e9volutionnaires Optimyst Cassette red\u00e9finissent la chemin\u00e9e \u00e9lectrique et vous permettent d&#8217;ajouter une fonction feu incroyablement r\u00e9aliste qui souligne le confort de la pi\u00e8ce.<\/p>\n<h2>Les avantages de la cassette \u00e9lectrique 500 Dimplex ?<\/h2>\n<p>Le r\u00e9servoir d&#8217;eau est facile \u00e0 remplir et offre environ 8 \u00e0 10 heures de fonctionnement continu avant de devoir \u00eatre rempli \u00e0 nouveau. Le raccordement IEC (g\u00e9n\u00e9rateur de vapeur) s&#8217;effectue rapidement pour une chemin\u00e9e. Il produit un effet de cr\u00e9pitement tr\u00e8s r\u00e9aliste dont vous pouvez r\u00e9gler le volume selon vos pr\u00e9f\u00e9rences. De plus, vous pouvez ajouter des b\u00fbches \u00e0 votre chemin\u00e9e \u00e9lectrique en tant qu&#8217;accessoires (prix : 395.-).<\/p>\n<h3>Caract\u00e9ristiques principales du produit :<\/h3>\n<p>Largeur : 51 cm<\/p>\n<p>Hauteur : 23 cm<\/p>\n<p>Profondeur : 30 cm<\/p>\n<p>Tension : 230 V\/50 Hz<\/p>\n<p>Puissance : 220 kW<\/p>\n<p>&nbsp;<\/p>\n<p><a href=\"https:\/\/magiedufeu.ch\/wp-content\/uploads\/2024\/11\/DATENBLATT.KASSETTE500.pdf\"><strong>FICHE TECHNIQUE.CASSETTE.500<\/strong><\/a><\/p>\n","protected":false},"excerpt":{"rendered":"<p>Largeur : 51 cm<\/p>\n<p>Hauteur : 23 cm<\/p>\n<p>Profondeur : 30 cm<\/p>\n<p>Tension : 230 V\/50 Hz<\/p>\n<p>Puissance : 220 kW<\/p>\n<p>&nbsp;<\/p>\n<p>&nbsp;<\/p>\n","protected":false},"featured_media":12529,"comment_status":"closed","ping_status":"closed","template":"","meta":[],"product_cat":[193,195],"product_tag":[],"class_list":{"0":"post-11896","1":"product","2":"type-product","3":"status-publish","4":"has-post-thumbnail","6":"product_cat-cheminees-et-inserts","7":"product_cat-electrique","9":"first","10":"instock","11":"taxable","12":"shipping-taxable","13":"purchasable","14":"product-type-simple"},"yoast_head":"<!-- This site is optimized with the Yoast SEO plugin v23.7 - https:\/\/yoast.com\/wordpress\/plugins\/seo\/ -->\n<title>Cassette Electrique 500 DIMPLEX - Mosoni-Vuissoz Magie du Feu<\/title>\n<meta name=\"description\" content=\"Imaginez votre maison id\u00e9ale, sans ventilation ni chaleur, car les flammes sont compos\u00e9es exclusivement de vapeur d&#039;eau et de LED. Vous pouvez tendre la ...\" \/>\n<meta name=\"robots\" content=\"index, follow, max-snippet:-1, max-image-preview:large, max-video-preview:-1\" \/>\n<link rel=\"canonical\" href=\"https:\/\/magiedufeu.ch\/fr\/produit\/cassette-electrique-500\/\" \/>\n<meta property=\"og:locale\" content=\"fr_FR\" \/>\n<meta property=\"og:type\" content=\"article\" \/>\n<meta property=\"og:title\" content=\"Cassette Electrique 500 DIMPLEX - Mosoni-Vuissoz Magie du Feu\" \/>\n<meta property=\"og:description\" content=\"Imaginez votre maison id\u00e9ale, sans ventilation ni chaleur, car les flammes sont compos\u00e9es exclusivement de vapeur d&#039;eau et de LED. Vous pouvez tendre la ...\" \/>\n<meta property=\"og:url\" content=\"https:\/\/magiedufeu.ch\/fr\/produit\/cassette-electrique-500\/\" \/>\n<meta property=\"og:site_name\" content=\"Mosoni-Vuissoz Magie du Feu\" \/>\n<meta property=\"article:publisher\" content=\"https:\/\/www.facebook.com\/magiedufeu.mdf\/\" \/>\n<meta property=\"article:modified_time\" content=\"2026-03-31T15:15:17+00:00\" \/>\n<meta property=\"og:image\" content=\"https:\/\/magiedufeu.ch\/wp-content\/uploads\/2024\/11\/Design-sans-titre-4.jpg?wsr\" \/>\n\t<meta property=\"og:image:width\" content=\"1080\" \/>\n\t<meta property=\"og:image:height\" content=\"1080\" \/>\n\t<meta property=\"og:image:type\" content=\"image\/jpeg\" \/>\n<meta name=\"twitter:card\" content=\"summary_large_image\" \/>\n<meta name=\"twitter:label1\" content=\"Dur\u00e9e de lecture estim\u00e9e\" \/>\n\t<meta name=\"twitter:data1\" content=\"2 minutes\" \/>\n<script type=\"application\/ld+json\" class=\"yoast-schema-graph\">{\"@context\":\"https:\/\/schema.org\",\"@graph\":[{\"@type\":\"WebPage\",\"@id\":\"https:\/\/magiedufeu.ch\/fr\/produit\/cassette-electrique-500\/\",\"url\":\"https:\/\/magiedufeu.ch\/fr\/produit\/cassette-electrique-500\/\",\"name\":\"Cassette Electrique 500 DIMPLEX - Mosoni-Vuissoz Magie du Feu\",\"isPartOf\":{\"@id\":\"https:\/\/magiedufeu.ch\/#website\"},\"primaryImageOfPage\":{\"@id\":\"https:\/\/magiedufeu.ch\/fr\/produit\/cassette-electrique-500\/#primaryimage\"},\"image\":{\"@id\":\"https:\/\/magiedufeu.ch\/fr\/produit\/cassette-electrique-500\/#primaryimage\"},\"thumbnailUrl\":\"https:\/\/magiedufeu.ch\/wp-content\/uploads\/2024\/11\/Design-sans-titre-4.jpg?wsr\",\"datePublished\":\"2024-11-05T16:24:27+00:00\",\"dateModified\":\"2026-03-31T15:15:17+00:00\",\"description\":\"Imaginez votre maison id\u00e9ale, sans ventilation ni chaleur, car les flammes sont compos\u00e9es exclusivement de vapeur d'eau et de LED. Vous pouvez tendre la ...\",\"breadcrumb\":{\"@id\":\"https:\/\/magiedufeu.ch\/fr\/produit\/cassette-electrique-500\/#breadcrumb\"},\"inLanguage\":\"fr-FR\",\"potentialAction\":[{\"@type\":\"ReadAction\",\"target\":[\"https:\/\/magiedufeu.ch\/fr\/produit\/cassette-electrique-500\/\"]}]},{\"@type\":\"ImageObject\",\"inLanguage\":\"fr-FR\",\"@id\":\"https:\/\/magiedufeu.ch\/fr\/produit\/cassette-electrique-500\/#primaryimage\",\"url\":\"https:\/\/magiedufeu.ch\/wp-content\/uploads\/2024\/11\/Design-sans-titre-4.jpg?wsr\",\"contentUrl\":\"https:\/\/magiedufeu.ch\/wp-content\/uploads\/2024\/11\/Design-sans-titre-4.jpg?wsr\",\"width\":1080,\"height\":1080},{\"@type\":\"BreadcrumbList\",\"@id\":\"https:\/\/magiedufeu.ch\/fr\/produit\/cassette-electrique-500\/#breadcrumb\",\"itemListElement\":[{\"@type\":\"ListItem\",\"position\":1,\"name\":\"Accueil\",\"item\":\"https:\/\/magiedufeu.ch\/\"},{\"@type\":\"ListItem\",\"position\":2,\"name\":\"Boutique\",\"item\":\"https:\/\/magiedufeu.ch\/fr\/boutique\/\"},{\"@type\":\"ListItem\",\"position\":3,\"name\":\"Cassette Electrique 500 DIMPLEX\"}]},{\"@type\":\"WebSite\",\"@id\":\"https:\/\/magiedufeu.ch\/#website\",\"url\":\"https:\/\/magiedufeu.ch\/\",\"name\":\"Mosoni-Vuissoz Magie du Feu\",\"description\":\"\",\"publisher\":{\"@id\":\"https:\/\/magiedufeu.ch\/#organization\"},\"potentialAction\":[{\"@type\":\"SearchAction\",\"target\":{\"@type\":\"EntryPoint\",\"urlTemplate\":\"https:\/\/magiedufeu.ch\/?s={search_term_string}\"},\"query-input\":{\"@type\":\"PropertyValueSpecification\",\"valueRequired\":true,\"valueName\":\"search_term_string\"}}],\"inLanguage\":\"fr-FR\"},{\"@type\":\"Organization\",\"@id\":\"https:\/\/magiedufeu.ch\/#organization\",\"name\":\"Mosoni-Vuissoz Magie du Feu\",\"url\":\"https:\/\/magiedufeu.ch\/\",\"logo\":{\"@type\":\"ImageObject\",\"inLanguage\":\"fr-FR\",\"@id\":\"https:\/\/magiedufeu.ch\/#\/schema\/logo\/image\/\",\"url\":\"https:\/\/magiedufeu.ch\/wp-content\/uploads\/2021\/06\/Mosoni-Vuissoz-logo-1024x536-1-46d285e0.png\",\"contentUrl\":\"https:\/\/magiedufeu.ch\/wp-content\/uploads\/2021\/06\/Mosoni-Vuissoz-logo-1024x536-1-46d285e0.png\",\"width\":200,\"height\":105,\"caption\":\"Mosoni-Vuissoz Magie du Feu\"},\"image\":{\"@id\":\"https:\/\/magiedufeu.ch\/#\/schema\/logo\/image\/\"},\"sameAs\":[\"https:\/\/www.facebook.com\/magiedufeu.mdf\/\"]}]}<\/script>\n<!-- \/ Yoast SEO plugin. -->","yoast_head_json":{"title":"Cassette Electrique 500 DIMPLEX - Mosoni-Vuissoz Magie du Feu","description":"Imaginez votre maison id\u00e9ale, sans ventilation ni chaleur, car les flammes sont compos\u00e9es exclusivement de vapeur d'eau et de LED. Vous pouvez tendre la ...","robots":{"index":"index","follow":"follow","max-snippet":"max-snippet:-1","max-image-preview":"max-image-preview:large","max-video-preview":"max-video-preview:-1"},"canonical":"https:\/\/magiedufeu.ch\/fr\/produit\/cassette-electrique-500\/","og_locale":"fr_FR","og_type":"article","og_title":"Cassette Electrique 500 DIMPLEX - Mosoni-Vuissoz Magie du Feu","og_description":"Imaginez votre maison id\u00e9ale, sans ventilation ni chaleur, car les flammes sont compos\u00e9es exclusivement de vapeur d'eau et de LED. Vous pouvez tendre la ...","og_url":"https:\/\/magiedufeu.ch\/fr\/produit\/cassette-electrique-500\/","og_site_name":"Mosoni-Vuissoz Magie du Feu","article_publisher":"https:\/\/www.facebook.com\/magiedufeu.mdf\/","article_modified_time":"2026-03-31T15:15:17+00:00","og_image":[{"width":1080,"height":1080,"url":"https:\/\/magiedufeu.ch\/wp-content\/uploads\/2024\/11\/Design-sans-titre-4.jpg?wsr","type":"image\/jpeg"}],"twitter_card":"summary_large_image","twitter_misc":{"Dur\u00e9e de lecture estim\u00e9e":"2 minutes"},"schema":{"@context":"https:\/\/schema.org","@graph":[{"@type":"WebPage","@id":"https:\/\/magiedufeu.ch\/fr\/produit\/cassette-electrique-500\/","url":"https:\/\/magiedufeu.ch\/fr\/produit\/cassette-electrique-500\/","name":"Cassette Electrique 500 DIMPLEX - Mosoni-Vuissoz Magie du Feu","isPartOf":{"@id":"https:\/\/magiedufeu.ch\/#website"},"primaryImageOfPage":{"@id":"https:\/\/magiedufeu.ch\/fr\/produit\/cassette-electrique-500\/#primaryimage"},"image":{"@id":"https:\/\/magiedufeu.ch\/fr\/produit\/cassette-electrique-500\/#primaryimage"},"thumbnailUrl":"https:\/\/magiedufeu.ch\/wp-content\/uploads\/2024\/11\/Design-sans-titre-4.jpg?wsr","datePublished":"2024-11-05T16:24:27+00:00","dateModified":"2026-03-31T15:15:17+00:00","description":"Imaginez votre maison id\u00e9ale, sans ventilation ni chaleur, car les flammes sont compos\u00e9es exclusivement de vapeur d'eau et de LED. Vous pouvez tendre la ...","breadcrumb":{"@id":"https:\/\/magiedufeu.ch\/fr\/produit\/cassette-electrique-500\/#breadcrumb"},"inLanguage":"fr-FR","potentialAction":[{"@type":"ReadAction","target":["https:\/\/magiedufeu.ch\/fr\/produit\/cassette-electrique-500\/"]}]},{"@type":"ImageObject","inLanguage":"fr-FR","@id":"https:\/\/magiedufeu.ch\/fr\/produit\/cassette-electrique-500\/#primaryimage","url":"https:\/\/magiedufeu.ch\/wp-content\/uploads\/2024\/11\/Design-sans-titre-4.jpg?wsr","contentUrl":"https:\/\/magiedufeu.ch\/wp-content\/uploads\/2024\/11\/Design-sans-titre-4.jpg?wsr","width":1080,"height":1080},{"@type":"BreadcrumbList","@id":"https:\/\/magiedufeu.ch\/fr\/produit\/cassette-electrique-500\/#breadcrumb","itemListElement":[{"@type":"ListItem","position":1,"name":"Accueil","item":"https:\/\/magiedufeu.ch\/"},{"@type":"ListItem","position":2,"name":"Boutique","item":"https:\/\/magiedufeu.ch\/fr\/boutique\/"},{"@type":"ListItem","position":3,"name":"Cassette Electrique 500 DIMPLEX"}]},{"@type":"WebSite","@id":"https:\/\/magiedufeu.ch\/#website","url":"https:\/\/magiedufeu.ch\/","name":"Mosoni-Vuissoz Magie du Feu","description":"","publisher":{"@id":"https:\/\/magiedufeu.ch\/#organization"},"potentialAction":[{"@type":"SearchAction","target":{"@type":"EntryPoint","urlTemplate":"https:\/\/magiedufeu.ch\/?s={search_term_string}"},"query-input":{"@type":"PropertyValueSpecification","valueRequired":true,"valueName":"search_term_string"}}],"inLanguage":"fr-FR"},{"@type":"Organization","@id":"https:\/\/magiedufeu.ch\/#organization","name":"Mosoni-Vuissoz Magie du Feu","url":"https:\/\/magiedufeu.ch\/","logo":{"@type":"ImageObject","inLanguage":"fr-FR","@id":"https:\/\/magiedufeu.ch\/#\/schema\/logo\/image\/","url":"https:\/\/magiedufeu.ch\/wp-content\/uploads\/2021\/06\/Mosoni-Vuissoz-logo-1024x536-1-46d285e0.png","contentUrl":"https:\/\/magiedufeu.ch\/wp-content\/uploads\/2021\/06\/Mosoni-Vuissoz-logo-1024x536-1-46d285e0.png","width":200,"height":105,"caption":"Mosoni-Vuissoz Magie du Feu"},"image":{"@id":"https:\/\/magiedufeu.ch\/#\/schema\/logo\/image\/"},"sameAs":["https:\/\/www.facebook.com\/magiedufeu.mdf\/"]}]}},"_links":{"self":[{"href":"https:\/\/magiedufeu.ch\/fr\/wp-json\/wp\/v2\/product\/11896","targetHints":{"allow":["GET"]}}],"collection":[{"href":"https:\/\/magiedufeu.ch\/fr\/wp-json\/wp\/v2\/product"}],"about":[{"href":"https:\/\/magiedufeu.ch\/fr\/wp-json\/wp\/v2\/types\/product"}],"replies":[{"embeddable":true,"href":"https:\/\/magiedufeu.ch\/fr\/wp-json\/wp\/v2\/comments?post=11896"}],"wp:featuredmedia":[{"embeddable":true,"href":"https:\/\/magiedufeu.ch\/fr\/wp-json\/wp\/v2\/media\/12529"}],"wp:attachment":[{"href":"https:\/\/magiedufeu.ch\/fr\/wp-json\/wp\/v2\/media?parent=11896"}],"wp:term":[{"taxonomy":"product_cat","embeddable":true,"href":"https:\/\/magiedufeu.ch\/fr\/wp-json\/wp\/v2\/product_cat?post=11896"},{"taxonomy":"product_tag","embeddable":true,"href":"https:\/\/magiedufeu.ch\/fr\/wp-json\/wp\/v2\/product_tag?post=11896"}],"curies":[{"name":"wp","href":"https:\/\/api.w.org\/{rel}","templated":true}]}}