{"id":11793,"date":"2024-11-02T10:52:17","date_gmt":"2024-11-02T10:52:17","guid":{"rendered":"https:\/\/magiedufeu.ch\/?post_type=product&#038;p=11793"},"modified":"2025-11-08T11:10:45","modified_gmt":"2025-11-08T11:10:45","slug":"cuisiniere-a-bois-a-eau-k-148-f","status":"publish","type":"product","link":"https:\/\/magiedufeu.ch\/fr\/produit\/cuisiniere-a-bois-a-eau-k-148-f\/","title":{"rendered":"Cuisini\u00e8re \u00e0 bois \u00e0 Eau K 148 F Blanc"},"content":{"rendered":"<h2>Pourquoi choisir la cuisini\u00e8re \u00e0 bois \u00e0 eau K 148 F ?<\/h2>\n<p>Le K 148 s\u00e9duit par son esth\u00e9tique attrayante, son cadre massif en acier inoxydable et sa plaque en acier robuste. La porte du foyer et la porte du cendrier sont refroidies par convection \u00e0 l&#8217;air, l&#8217;alimentation en air primaire et secondaire est r\u00e9glable.<\/p>\n<h2>Les avantages de la cuisini\u00e8re \u00e0 bois \u00e0 eau K 148 F ?<\/h2>\n<p>Le po\u00eale \u00e0 circulation d&#8217;eau dispose d&#8217;un grand foyer dans lequel des b\u00fbches jusqu&#8217;\u00e0 42 cm peuvent \u00eatre facilement introduites par l&#8217;avant ou par le haut. En hiver, la cuisini\u00e8re br\u00fble jusqu&#8217;\u00e0 12 heures \u00e0 faible puissance. Pour la cuisson, la grille peut \u00eatre r\u00e9gl\u00e9e en continu vers le haut \u00e0 l&#8217;aide d&#8217;une manivelle, m\u00eame pendant le fonctionnement; vous \u00e9conomisez ainsi du bois de chauffage et r\u00e9duisez le transfert de chaleur vers l&#8217;eau de chauffage. Le r\u00e9gulateur de temp\u00e9rature permet de r\u00e9gler avec pr\u00e9cision l&#8217;air de combustion et de contr\u00f4ler la temp\u00e9rature de d\u00e9part du chauffage et du four. Les thermom\u00e8tres situ\u00e9s dans la fen\u00eatre de visualisation du four ou sur la face avant vous permettent de contr\u00f4ler facilement les valeurs.<\/p>\n<h3>Caract\u00e9ristiques principales du produit :<\/h3>\n<p>R\u00e9servoir d&#8217;eau : 18.5 litres<\/p>\n<p>Hauteur : 850 mm<\/p>\n<p>Largeur : 905 mm<\/p>\n<p>Profondeur : 600 mm<\/p>\n<p>&nbsp;<\/p>\n<p><strong><a href=\"https:\/\/magiedufeu.ch\/wp-content\/uploads\/2024\/11\/FICHE-TECHNIQUE.K148F.pdf\">FICHE TECHNIQUE.K148F<\/a><\/strong><\/p>\n<p>&nbsp;<\/p>\n","protected":false},"excerpt":{"rendered":"<p>R\u00e9servoir d&#8217;eau : 18.5 litres<\/p>\n<p>Hauteur : 850 mm<\/p>\n<p>Largeur : 905 mm<\/p>\n<p>Profondeur : 600 mm<\/p>\n","protected":false},"featured_media":12579,"comment_status":"closed","ping_status":"closed","template":"","meta":[],"product_cat":[166,190],"product_tag":[],"class_list":{"0":"post-11793","1":"product","2":"type-product","3":"status-publish","4":"has-post-thumbnail","6":"product_cat-cuisinieres","7":"product_cat-hydro","9":"first","10":"instock","11":"taxable","12":"shipping-taxable","13":"purchasable","14":"product-type-simple"},"yoast_head":"<!-- This site is optimized with the Yoast SEO plugin v23.7 - https:\/\/yoast.com\/wordpress\/plugins\/seo\/ -->\n<title>Cuisini\u00e8re \u00e0 bois \u00e0 Eau K 148 F Blanc - Mosoni-Vuissoz Magie du Feu<\/title>\n<meta name=\"description\" content=\"Le K 148 s\u00e9duit par son esth\u00e9tique attrayante, son cadre massif en acier inoxydable et sa plaque en acier robuste. La porte du foyer et la porte du ...\" \/>\n<meta name=\"robots\" content=\"index, follow, max-snippet:-1, max-image-preview:large, max-video-preview:-1\" \/>\n<link rel=\"canonical\" href=\"https:\/\/magiedufeu.ch\/fr\/produit\/cuisiniere-a-bois-a-eau-k-148-f\/\" \/>\n<meta property=\"og:locale\" content=\"fr_FR\" \/>\n<meta property=\"og:type\" content=\"article\" \/>\n<meta property=\"og:title\" content=\"Cuisini\u00e8re \u00e0 bois \u00e0 Eau K 148 F Blanc - Mosoni-Vuissoz Magie du Feu\" \/>\n<meta property=\"og:description\" content=\"Le K 148 s\u00e9duit par son esth\u00e9tique attrayante, son cadre massif en acier inoxydable et sa plaque en acier robuste. La porte du foyer et la porte du ...\" \/>\n<meta property=\"og:url\" content=\"https:\/\/magiedufeu.ch\/fr\/produit\/cuisiniere-a-bois-a-eau-k-148-f\/\" \/>\n<meta property=\"og:site_name\" content=\"Mosoni-Vuissoz Magie du Feu\" \/>\n<meta property=\"article:publisher\" content=\"https:\/\/www.facebook.com\/magiedufeu.mdf\/\" \/>\n<meta property=\"article:modified_time\" content=\"2025-11-08T11:10:45+00:00\" \/>\n<meta property=\"og:image\" content=\"https:\/\/magiedufeu.ch\/wp-content\/uploads\/2024\/11\/Design-sans-titre-_34_.webp?wsr\" \/>\n\t<meta property=\"og:image:width\" content=\"1080\" \/>\n\t<meta property=\"og:image:height\" content=\"1080\" \/>\n\t<meta property=\"og:image:type\" content=\"image\/webp\" \/>\n<meta name=\"twitter:card\" content=\"summary_large_image\" \/>\n<meta name=\"twitter:label1\" content=\"Dur\u00e9e de lecture estim\u00e9e\" \/>\n\t<meta name=\"twitter:data1\" content=\"2 minutes\" \/>\n<script type=\"application\/ld+json\" class=\"yoast-schema-graph\">{\"@context\":\"https:\/\/schema.org\",\"@graph\":[{\"@type\":\"WebPage\",\"@id\":\"https:\/\/magiedufeu.ch\/fr\/produit\/cuisiniere-a-bois-a-eau-k-148-f\/\",\"url\":\"https:\/\/magiedufeu.ch\/fr\/produit\/cuisiniere-a-bois-a-eau-k-148-f\/\",\"name\":\"Cuisini\u00e8re \u00e0 bois \u00e0 Eau K 148 F Blanc - Mosoni-Vuissoz Magie du Feu\",\"isPartOf\":{\"@id\":\"https:\/\/magiedufeu.ch\/#website\"},\"primaryImageOfPage\":{\"@id\":\"https:\/\/magiedufeu.ch\/fr\/produit\/cuisiniere-a-bois-a-eau-k-148-f\/#primaryimage\"},\"image\":{\"@id\":\"https:\/\/magiedufeu.ch\/fr\/produit\/cuisiniere-a-bois-a-eau-k-148-f\/#primaryimage\"},\"thumbnailUrl\":\"https:\/\/magiedufeu.ch\/wp-content\/uploads\/2024\/11\/Design-sans-titre-_34_.webp?wsr\",\"datePublished\":\"2024-11-02T10:52:17+00:00\",\"dateModified\":\"2025-11-08T11:10:45+00:00\",\"description\":\"Le K 148 s\u00e9duit par son esth\u00e9tique attrayante, son cadre massif en acier inoxydable et sa plaque en acier robuste. La porte du foyer et la porte du ...\",\"breadcrumb\":{\"@id\":\"https:\/\/magiedufeu.ch\/fr\/produit\/cuisiniere-a-bois-a-eau-k-148-f\/#breadcrumb\"},\"inLanguage\":\"fr-FR\",\"potentialAction\":[{\"@type\":\"ReadAction\",\"target\":[\"https:\/\/magiedufeu.ch\/fr\/produit\/cuisiniere-a-bois-a-eau-k-148-f\/\"]}]},{\"@type\":\"ImageObject\",\"inLanguage\":\"fr-FR\",\"@id\":\"https:\/\/magiedufeu.ch\/fr\/produit\/cuisiniere-a-bois-a-eau-k-148-f\/#primaryimage\",\"url\":\"https:\/\/magiedufeu.ch\/wp-content\/uploads\/2024\/11\/Design-sans-titre-_34_.webp?wsr\",\"contentUrl\":\"https:\/\/magiedufeu.ch\/wp-content\/uploads\/2024\/11\/Design-sans-titre-_34_.webp?wsr\",\"width\":1080,\"height\":1080},{\"@type\":\"BreadcrumbList\",\"@id\":\"https:\/\/magiedufeu.ch\/fr\/produit\/cuisiniere-a-bois-a-eau-k-148-f\/#breadcrumb\",\"itemListElement\":[{\"@type\":\"ListItem\",\"position\":1,\"name\":\"Accueil\",\"item\":\"https:\/\/magiedufeu.ch\/\"},{\"@type\":\"ListItem\",\"position\":2,\"name\":\"Boutique\",\"item\":\"https:\/\/magiedufeu.ch\/fr\/boutique\/\"},{\"@type\":\"ListItem\",\"position\":3,\"name\":\"Cuisini\u00e8re \u00e0 bois \u00e0 Eau K 148 F Blanc\"}]},{\"@type\":\"WebSite\",\"@id\":\"https:\/\/magiedufeu.ch\/#website\",\"url\":\"https:\/\/magiedufeu.ch\/\",\"name\":\"Mosoni-Vuissoz Magie du Feu\",\"description\":\"\",\"publisher\":{\"@id\":\"https:\/\/magiedufeu.ch\/#organization\"},\"potentialAction\":[{\"@type\":\"SearchAction\",\"target\":{\"@type\":\"EntryPoint\",\"urlTemplate\":\"https:\/\/magiedufeu.ch\/?s={search_term_string}\"},\"query-input\":{\"@type\":\"PropertyValueSpecification\",\"valueRequired\":true,\"valueName\":\"search_term_string\"}}],\"inLanguage\":\"fr-FR\"},{\"@type\":\"Organization\",\"@id\":\"https:\/\/magiedufeu.ch\/#organization\",\"name\":\"Mosoni-Vuissoz Magie du Feu\",\"url\":\"https:\/\/magiedufeu.ch\/\",\"logo\":{\"@type\":\"ImageObject\",\"inLanguage\":\"fr-FR\",\"@id\":\"https:\/\/magiedufeu.ch\/#\/schema\/logo\/image\/\",\"url\":\"https:\/\/magiedufeu.ch\/wp-content\/uploads\/2021\/06\/Mosoni-Vuissoz-logo-1024x536-1-46d285e0.png\",\"contentUrl\":\"https:\/\/magiedufeu.ch\/wp-content\/uploads\/2021\/06\/Mosoni-Vuissoz-logo-1024x536-1-46d285e0.png\",\"width\":200,\"height\":105,\"caption\":\"Mosoni-Vuissoz Magie du Feu\"},\"image\":{\"@id\":\"https:\/\/magiedufeu.ch\/#\/schema\/logo\/image\/\"},\"sameAs\":[\"https:\/\/www.facebook.com\/magiedufeu.mdf\/\"]}]}<\/script>\n<!-- \/ Yoast SEO plugin. -->","yoast_head_json":{"title":"Cuisini\u00e8re \u00e0 bois \u00e0 Eau K 148 F Blanc - Mosoni-Vuissoz Magie du Feu","description":"Le K 148 s\u00e9duit par son esth\u00e9tique attrayante, son cadre massif en acier inoxydable et sa plaque en acier robuste. La porte du foyer et la porte du ...","robots":{"index":"index","follow":"follow","max-snippet":"max-snippet:-1","max-image-preview":"max-image-preview:large","max-video-preview":"max-video-preview:-1"},"canonical":"https:\/\/magiedufeu.ch\/fr\/produit\/cuisiniere-a-bois-a-eau-k-148-f\/","og_locale":"fr_FR","og_type":"article","og_title":"Cuisini\u00e8re \u00e0 bois \u00e0 Eau K 148 F Blanc - Mosoni-Vuissoz Magie du Feu","og_description":"Le K 148 s\u00e9duit par son esth\u00e9tique attrayante, son cadre massif en acier inoxydable et sa plaque en acier robuste. La porte du foyer et la porte du ...","og_url":"https:\/\/magiedufeu.ch\/fr\/produit\/cuisiniere-a-bois-a-eau-k-148-f\/","og_site_name":"Mosoni-Vuissoz Magie du Feu","article_publisher":"https:\/\/www.facebook.com\/magiedufeu.mdf\/","article_modified_time":"2025-11-08T11:10:45+00:00","og_image":[{"width":1080,"height":1080,"url":"https:\/\/magiedufeu.ch\/wp-content\/uploads\/2024\/11\/Design-sans-titre-_34_.webp?wsr","type":"image\/webp"}],"twitter_card":"summary_large_image","twitter_misc":{"Dur\u00e9e de lecture estim\u00e9e":"2 minutes"},"schema":{"@context":"https:\/\/schema.org","@graph":[{"@type":"WebPage","@id":"https:\/\/magiedufeu.ch\/fr\/produit\/cuisiniere-a-bois-a-eau-k-148-f\/","url":"https:\/\/magiedufeu.ch\/fr\/produit\/cuisiniere-a-bois-a-eau-k-148-f\/","name":"Cuisini\u00e8re \u00e0 bois \u00e0 Eau K 148 F Blanc - Mosoni-Vuissoz Magie du Feu","isPartOf":{"@id":"https:\/\/magiedufeu.ch\/#website"},"primaryImageOfPage":{"@id":"https:\/\/magiedufeu.ch\/fr\/produit\/cuisiniere-a-bois-a-eau-k-148-f\/#primaryimage"},"image":{"@id":"https:\/\/magiedufeu.ch\/fr\/produit\/cuisiniere-a-bois-a-eau-k-148-f\/#primaryimage"},"thumbnailUrl":"https:\/\/magiedufeu.ch\/wp-content\/uploads\/2024\/11\/Design-sans-titre-_34_.webp?wsr","datePublished":"2024-11-02T10:52:17+00:00","dateModified":"2025-11-08T11:10:45+00:00","description":"Le K 148 s\u00e9duit par son esth\u00e9tique attrayante, son cadre massif en acier inoxydable et sa plaque en acier robuste. La porte du foyer et la porte du ...","breadcrumb":{"@id":"https:\/\/magiedufeu.ch\/fr\/produit\/cuisiniere-a-bois-a-eau-k-148-f\/#breadcrumb"},"inLanguage":"fr-FR","potentialAction":[{"@type":"ReadAction","target":["https:\/\/magiedufeu.ch\/fr\/produit\/cuisiniere-a-bois-a-eau-k-148-f\/"]}]},{"@type":"ImageObject","inLanguage":"fr-FR","@id":"https:\/\/magiedufeu.ch\/fr\/produit\/cuisiniere-a-bois-a-eau-k-148-f\/#primaryimage","url":"https:\/\/magiedufeu.ch\/wp-content\/uploads\/2024\/11\/Design-sans-titre-_34_.webp?wsr","contentUrl":"https:\/\/magiedufeu.ch\/wp-content\/uploads\/2024\/11\/Design-sans-titre-_34_.webp?wsr","width":1080,"height":1080},{"@type":"BreadcrumbList","@id":"https:\/\/magiedufeu.ch\/fr\/produit\/cuisiniere-a-bois-a-eau-k-148-f\/#breadcrumb","itemListElement":[{"@type":"ListItem","position":1,"name":"Accueil","item":"https:\/\/magiedufeu.ch\/"},{"@type":"ListItem","position":2,"name":"Boutique","item":"https:\/\/magiedufeu.ch\/fr\/boutique\/"},{"@type":"ListItem","position":3,"name":"Cuisini\u00e8re \u00e0 bois \u00e0 Eau K 148 F Blanc"}]},{"@type":"WebSite","@id":"https:\/\/magiedufeu.ch\/#website","url":"https:\/\/magiedufeu.ch\/","name":"Mosoni-Vuissoz Magie du Feu","description":"","publisher":{"@id":"https:\/\/magiedufeu.ch\/#organization"},"potentialAction":[{"@type":"SearchAction","target":{"@type":"EntryPoint","urlTemplate":"https:\/\/magiedufeu.ch\/?s={search_term_string}"},"query-input":{"@type":"PropertyValueSpecification","valueRequired":true,"valueName":"search_term_string"}}],"inLanguage":"fr-FR"},{"@type":"Organization","@id":"https:\/\/magiedufeu.ch\/#organization","name":"Mosoni-Vuissoz Magie du Feu","url":"https:\/\/magiedufeu.ch\/","logo":{"@type":"ImageObject","inLanguage":"fr-FR","@id":"https:\/\/magiedufeu.ch\/#\/schema\/logo\/image\/","url":"https:\/\/magiedufeu.ch\/wp-content\/uploads\/2021\/06\/Mosoni-Vuissoz-logo-1024x536-1-46d285e0.png","contentUrl":"https:\/\/magiedufeu.ch\/wp-content\/uploads\/2021\/06\/Mosoni-Vuissoz-logo-1024x536-1-46d285e0.png","width":200,"height":105,"caption":"Mosoni-Vuissoz Magie du Feu"},"image":{"@id":"https:\/\/magiedufeu.ch\/#\/schema\/logo\/image\/"},"sameAs":["https:\/\/www.facebook.com\/magiedufeu.mdf\/"]}]}},"_links":{"self":[{"href":"https:\/\/magiedufeu.ch\/fr\/wp-json\/wp\/v2\/product\/11793","targetHints":{"allow":["GET"]}}],"collection":[{"href":"https:\/\/magiedufeu.ch\/fr\/wp-json\/wp\/v2\/product"}],"about":[{"href":"https:\/\/magiedufeu.ch\/fr\/wp-json\/wp\/v2\/types\/product"}],"replies":[{"embeddable":true,"href":"https:\/\/magiedufeu.ch\/fr\/wp-json\/wp\/v2\/comments?post=11793"}],"wp:featuredmedia":[{"embeddable":true,"href":"https:\/\/magiedufeu.ch\/fr\/wp-json\/wp\/v2\/media\/12579"}],"wp:attachment":[{"href":"https:\/\/magiedufeu.ch\/fr\/wp-json\/wp\/v2\/media?parent=11793"}],"wp:term":[{"taxonomy":"product_cat","embeddable":true,"href":"https:\/\/magiedufeu.ch\/fr\/wp-json\/wp\/v2\/product_cat?post=11793"},{"taxonomy":"product_tag","embeddable":true,"href":"https:\/\/magiedufeu.ch\/fr\/wp-json\/wp\/v2\/product_tag?post=11793"}],"curies":[{"name":"wp","href":"https:\/\/api.w.org\/{rel}","templated":true}]}}