{"id":11787,"date":"2024-11-02T10:42:02","date_gmt":"2024-11-02T10:42:02","guid":{"rendered":"https:\/\/magiedufeu.ch\/?post_type=product&#038;p=11787"},"modified":"2026-02-28T10:50:36","modified_gmt":"2026-02-28T10:50:36","slug":"cuisiniere-monte-rosa","status":"publish","type":"product","link":"https:\/\/magiedufeu.ch\/fr\/produit\/cuisiniere-monte-rosa\/","title":{"rendered":"Cuisini\u00e8re MONTE ROSA MAGIC FIRES"},"content":{"rendered":"<h2 class=\"x_MsoNormal\">Pourquoi choisir la cuisini\u00e8re Monte Rosa Magic Fires ?<\/h2>\n<p>Le rev\u00eatement en pierre serpentine martel\u00e9e et les finitions cuivr\u00e9es en font un rev\u00eatement id\u00e9al pour les environnements rustiques et de montagne. Cette cuisini\u00e8re combine un po\u00eale \u00e0 bois de 90 cm, un four \u00e9lectrique multifonction et une plaque de 60 cm en vitroc\u00e9ramique. De plus, la chaudi\u00e8re int\u00e9rieure est reli\u00e9e au syst\u00e8me de chauffage de la maison.<\/p>\n<h2>Les avantages de la cuisini\u00e8re Monte Rosa Magic Fires :<\/h2>\n<p>Gr\u00e2ce \u00e0 la chaudi\u00e8re interne, elle vous permet de chauffer votre maison avec la chaleur du bois. L\u2019efficacit\u00e9 de cette cuisini\u00e8re est parmi les plus efficaces de sa cat\u00e9gorie (85 %) et r\u00e9duit les d\u00e9chets de bois : en effet, elle permet de chauffer de grands espaces avec une consommation moyenne de bois de 3,6 kg\/h. Elle peut contenir des b\u00fbches allant jusqu&#8217;\u00e0 50 cm de long et doit \u00eatre remplie toutes les 2-3 heures environ. \u00a0Elle poss\u00e8de un grand four qui peut contenir jusqu\u2019\u00e0 trois plaques en m\u00eame temps. Le four \u00e9lectrique multifonction a une puissance maximale de 2,7 kW et un volume de 54 litres.<\/p>\n<h3>Caract\u00e9ristiques principales du produit :<\/h3>\n<p>Largeur\u00a0: 1400 mm<\/p>\n<p>Profondeur : 650 mm<\/p>\n<p>Hauteur : 900 mm<\/p>\n<p>Poids : 341 kg<\/p>\n<p>Rendement : 85 %<\/p>\n<p>Classe \u00e9nerg\u00e9tique : A+<\/p>\n<p>&nbsp;<\/p>\n<p><strong><a href=\"https:\/\/magiedufeu.ch\/wp-content\/uploads\/2024\/11\/Design-sans-titre-11.pdf\">FICHE TECHNIQUE.MONTE ROSA<\/a><\/strong><\/p>\n<p><strong>PRIX SUR DEMANDE.<\/strong><\/p>\n<p class=\"x_MsoNormal\">\n","protected":false},"excerpt":{"rendered":"<p>Largeur\u00a0: 1400 mm<\/p>\n<p>Profondeur : 650 mm<\/p>\n<p>Hauteur : 900 mm<\/p>\n<p>Poids : 341 kg<\/p>\n<p>Rendement : 85 %<\/p>\n<p>Classe \u00e9nerg\u00e9tique : A+<\/p>\n","protected":false},"featured_media":13112,"comment_status":"closed","ping_status":"closed","template":"","meta":[],"product_cat":[189,166],"product_tag":[],"class_list":{"0":"post-11787","1":"product","2":"type-product","3":"status-publish","4":"has-post-thumbnail","6":"product_cat-combine","7":"product_cat-cuisinieres","9":"first","10":"instock","11":"taxable","12":"shipping-taxable","13":"product-type-simple"},"yoast_head":"<!-- This site is optimized with the Yoast SEO plugin v23.7 - https:\/\/yoast.com\/wordpress\/plugins\/seo\/ -->\n<title>Cuisini\u00e8re MONTE ROSA MAGIC FIRES - Mosoni-Vuissoz Magie du Feu<\/title>\n<meta name=\"description\" content=\"Le rev\u00eatement en pierre serpentine martel\u00e9e et les finitions cuivr\u00e9es en font un rev\u00eatement id\u00e9al pour les environnements rustiques et de montagne ...\" \/>\n<meta name=\"robots\" content=\"index, follow, max-snippet:-1, max-image-preview:large, max-video-preview:-1\" \/>\n<link rel=\"canonical\" href=\"https:\/\/magiedufeu.ch\/fr\/produit\/cuisiniere-monte-rosa\/\" \/>\n<meta property=\"og:locale\" content=\"fr_FR\" \/>\n<meta property=\"og:type\" content=\"article\" \/>\n<meta property=\"og:title\" content=\"Cuisini\u00e8re MONTE ROSA MAGIC FIRES - Mosoni-Vuissoz Magie du Feu\" \/>\n<meta property=\"og:description\" content=\"Le rev\u00eatement en pierre serpentine martel\u00e9e et les finitions cuivr\u00e9es en font un rev\u00eatement id\u00e9al pour les environnements rustiques et de montagne ...\" \/>\n<meta property=\"og:url\" content=\"https:\/\/magiedufeu.ch\/fr\/produit\/cuisiniere-monte-rosa\/\" \/>\n<meta property=\"og:site_name\" content=\"Mosoni-Vuissoz Magie du Feu\" \/>\n<meta property=\"article:publisher\" content=\"https:\/\/www.facebook.com\/magiedufeu.mdf\/\" \/>\n<meta property=\"article:modified_time\" content=\"2026-02-28T10:50:36+00:00\" \/>\n<meta property=\"og:image\" content=\"https:\/\/magiedufeu.ch\/wp-content\/uploads\/2024\/11\/Poids-_-150-kg-Puissance-7-Kw-Rendement-80_8-_-Sortie-de-fumee-150-mm-Largeur-_-600-mm-Profondeur-_-21.webp?wsr\" \/>\n\t<meta property=\"og:image:width\" content=\"1080\" \/>\n\t<meta property=\"og:image:height\" content=\"1080\" \/>\n\t<meta property=\"og:image:type\" content=\"image\/webp\" \/>\n<meta name=\"twitter:card\" content=\"summary_large_image\" \/>\n<meta name=\"twitter:label1\" content=\"Dur\u00e9e de lecture estim\u00e9e\" \/>\n\t<meta name=\"twitter:data1\" content=\"2 minutes\" \/>\n<script type=\"application\/ld+json\" class=\"yoast-schema-graph\">{\"@context\":\"https:\/\/schema.org\",\"@graph\":[{\"@type\":\"WebPage\",\"@id\":\"https:\/\/magiedufeu.ch\/fr\/produit\/cuisiniere-monte-rosa\/\",\"url\":\"https:\/\/magiedufeu.ch\/fr\/produit\/cuisiniere-monte-rosa\/\",\"name\":\"Cuisini\u00e8re MONTE ROSA MAGIC FIRES - Mosoni-Vuissoz Magie du Feu\",\"isPartOf\":{\"@id\":\"https:\/\/magiedufeu.ch\/#website\"},\"primaryImageOfPage\":{\"@id\":\"https:\/\/magiedufeu.ch\/fr\/produit\/cuisiniere-monte-rosa\/#primaryimage\"},\"image\":{\"@id\":\"https:\/\/magiedufeu.ch\/fr\/produit\/cuisiniere-monte-rosa\/#primaryimage\"},\"thumbnailUrl\":\"https:\/\/magiedufeu.ch\/wp-content\/uploads\/2024\/11\/Poids-_-150-kg-Puissance-7-Kw-Rendement-80_8-_-Sortie-de-fumee-150-mm-Largeur-_-600-mm-Profondeur-_-21.webp?wsr\",\"datePublished\":\"2024-11-02T10:42:02+00:00\",\"dateModified\":\"2026-02-28T10:50:36+00:00\",\"description\":\"Le rev\u00eatement en pierre serpentine martel\u00e9e et les finitions cuivr\u00e9es en font un rev\u00eatement id\u00e9al pour les environnements rustiques et de montagne ...\",\"breadcrumb\":{\"@id\":\"https:\/\/magiedufeu.ch\/fr\/produit\/cuisiniere-monte-rosa\/#breadcrumb\"},\"inLanguage\":\"fr-FR\",\"potentialAction\":[{\"@type\":\"ReadAction\",\"target\":[\"https:\/\/magiedufeu.ch\/fr\/produit\/cuisiniere-monte-rosa\/\"]}]},{\"@type\":\"ImageObject\",\"inLanguage\":\"fr-FR\",\"@id\":\"https:\/\/magiedufeu.ch\/fr\/produit\/cuisiniere-monte-rosa\/#primaryimage\",\"url\":\"https:\/\/magiedufeu.ch\/wp-content\/uploads\/2024\/11\/Poids-_-150-kg-Puissance-7-Kw-Rendement-80_8-_-Sortie-de-fumee-150-mm-Largeur-_-600-mm-Profondeur-_-21.webp?wsr\",\"contentUrl\":\"https:\/\/magiedufeu.ch\/wp-content\/uploads\/2024\/11\/Poids-_-150-kg-Puissance-7-Kw-Rendement-80_8-_-Sortie-de-fumee-150-mm-Largeur-_-600-mm-Profondeur-_-21.webp?wsr\",\"width\":1080,\"height\":1080},{\"@type\":\"BreadcrumbList\",\"@id\":\"https:\/\/magiedufeu.ch\/fr\/produit\/cuisiniere-monte-rosa\/#breadcrumb\",\"itemListElement\":[{\"@type\":\"ListItem\",\"position\":1,\"name\":\"Accueil\",\"item\":\"https:\/\/magiedufeu.ch\/\"},{\"@type\":\"ListItem\",\"position\":2,\"name\":\"Boutique\",\"item\":\"https:\/\/magiedufeu.ch\/fr\/boutique\/\"},{\"@type\":\"ListItem\",\"position\":3,\"name\":\"Cuisini\u00e8re MONTE ROSA MAGIC FIRES\"}]},{\"@type\":\"WebSite\",\"@id\":\"https:\/\/magiedufeu.ch\/#website\",\"url\":\"https:\/\/magiedufeu.ch\/\",\"name\":\"Mosoni-Vuissoz Magie du Feu\",\"description\":\"\",\"publisher\":{\"@id\":\"https:\/\/magiedufeu.ch\/#organization\"},\"potentialAction\":[{\"@type\":\"SearchAction\",\"target\":{\"@type\":\"EntryPoint\",\"urlTemplate\":\"https:\/\/magiedufeu.ch\/?s={search_term_string}\"},\"query-input\":{\"@type\":\"PropertyValueSpecification\",\"valueRequired\":true,\"valueName\":\"search_term_string\"}}],\"inLanguage\":\"fr-FR\"},{\"@type\":\"Organization\",\"@id\":\"https:\/\/magiedufeu.ch\/#organization\",\"name\":\"Mosoni-Vuissoz Magie du Feu\",\"url\":\"https:\/\/magiedufeu.ch\/\",\"logo\":{\"@type\":\"ImageObject\",\"inLanguage\":\"fr-FR\",\"@id\":\"https:\/\/magiedufeu.ch\/#\/schema\/logo\/image\/\",\"url\":\"https:\/\/magiedufeu.ch\/wp-content\/uploads\/2021\/06\/Mosoni-Vuissoz-logo-1024x536-1-46d285e0.png\",\"contentUrl\":\"https:\/\/magiedufeu.ch\/wp-content\/uploads\/2021\/06\/Mosoni-Vuissoz-logo-1024x536-1-46d285e0.png\",\"width\":200,\"height\":105,\"caption\":\"Mosoni-Vuissoz Magie du Feu\"},\"image\":{\"@id\":\"https:\/\/magiedufeu.ch\/#\/schema\/logo\/image\/\"},\"sameAs\":[\"https:\/\/www.facebook.com\/magiedufeu.mdf\/\"]}]}<\/script>\n<!-- \/ Yoast SEO plugin. -->","yoast_head_json":{"title":"Cuisini\u00e8re MONTE ROSA MAGIC FIRES - Mosoni-Vuissoz Magie du Feu","description":"Le rev\u00eatement en pierre serpentine martel\u00e9e et les finitions cuivr\u00e9es en font un rev\u00eatement id\u00e9al pour les environnements rustiques et de montagne ...","robots":{"index":"index","follow":"follow","max-snippet":"max-snippet:-1","max-image-preview":"max-image-preview:large","max-video-preview":"max-video-preview:-1"},"canonical":"https:\/\/magiedufeu.ch\/fr\/produit\/cuisiniere-monte-rosa\/","og_locale":"fr_FR","og_type":"article","og_title":"Cuisini\u00e8re MONTE ROSA MAGIC FIRES - Mosoni-Vuissoz Magie du Feu","og_description":"Le rev\u00eatement en pierre serpentine martel\u00e9e et les finitions cuivr\u00e9es en font un rev\u00eatement id\u00e9al pour les environnements rustiques et de montagne ...","og_url":"https:\/\/magiedufeu.ch\/fr\/produit\/cuisiniere-monte-rosa\/","og_site_name":"Mosoni-Vuissoz Magie du Feu","article_publisher":"https:\/\/www.facebook.com\/magiedufeu.mdf\/","article_modified_time":"2026-02-28T10:50:36+00:00","og_image":[{"width":1080,"height":1080,"url":"https:\/\/magiedufeu.ch\/wp-content\/uploads\/2024\/11\/Poids-_-150-kg-Puissance-7-Kw-Rendement-80_8-_-Sortie-de-fumee-150-mm-Largeur-_-600-mm-Profondeur-_-21.webp?wsr","type":"image\/webp"}],"twitter_card":"summary_large_image","twitter_misc":{"Dur\u00e9e de lecture estim\u00e9e":"2 minutes"},"schema":{"@context":"https:\/\/schema.org","@graph":[{"@type":"WebPage","@id":"https:\/\/magiedufeu.ch\/fr\/produit\/cuisiniere-monte-rosa\/","url":"https:\/\/magiedufeu.ch\/fr\/produit\/cuisiniere-monte-rosa\/","name":"Cuisini\u00e8re MONTE ROSA MAGIC FIRES - Mosoni-Vuissoz Magie du Feu","isPartOf":{"@id":"https:\/\/magiedufeu.ch\/#website"},"primaryImageOfPage":{"@id":"https:\/\/magiedufeu.ch\/fr\/produit\/cuisiniere-monte-rosa\/#primaryimage"},"image":{"@id":"https:\/\/magiedufeu.ch\/fr\/produit\/cuisiniere-monte-rosa\/#primaryimage"},"thumbnailUrl":"https:\/\/magiedufeu.ch\/wp-content\/uploads\/2024\/11\/Poids-_-150-kg-Puissance-7-Kw-Rendement-80_8-_-Sortie-de-fumee-150-mm-Largeur-_-600-mm-Profondeur-_-21.webp?wsr","datePublished":"2024-11-02T10:42:02+00:00","dateModified":"2026-02-28T10:50:36+00:00","description":"Le rev\u00eatement en pierre serpentine martel\u00e9e et les finitions cuivr\u00e9es en font un rev\u00eatement id\u00e9al pour les environnements rustiques et de montagne ...","breadcrumb":{"@id":"https:\/\/magiedufeu.ch\/fr\/produit\/cuisiniere-monte-rosa\/#breadcrumb"},"inLanguage":"fr-FR","potentialAction":[{"@type":"ReadAction","target":["https:\/\/magiedufeu.ch\/fr\/produit\/cuisiniere-monte-rosa\/"]}]},{"@type":"ImageObject","inLanguage":"fr-FR","@id":"https:\/\/magiedufeu.ch\/fr\/produit\/cuisiniere-monte-rosa\/#primaryimage","url":"https:\/\/magiedufeu.ch\/wp-content\/uploads\/2024\/11\/Poids-_-150-kg-Puissance-7-Kw-Rendement-80_8-_-Sortie-de-fumee-150-mm-Largeur-_-600-mm-Profondeur-_-21.webp?wsr","contentUrl":"https:\/\/magiedufeu.ch\/wp-content\/uploads\/2024\/11\/Poids-_-150-kg-Puissance-7-Kw-Rendement-80_8-_-Sortie-de-fumee-150-mm-Largeur-_-600-mm-Profondeur-_-21.webp?wsr","width":1080,"height":1080},{"@type":"BreadcrumbList","@id":"https:\/\/magiedufeu.ch\/fr\/produit\/cuisiniere-monte-rosa\/#breadcrumb","itemListElement":[{"@type":"ListItem","position":1,"name":"Accueil","item":"https:\/\/magiedufeu.ch\/"},{"@type":"ListItem","position":2,"name":"Boutique","item":"https:\/\/magiedufeu.ch\/fr\/boutique\/"},{"@type":"ListItem","position":3,"name":"Cuisini\u00e8re MONTE ROSA MAGIC FIRES"}]},{"@type":"WebSite","@id":"https:\/\/magiedufeu.ch\/#website","url":"https:\/\/magiedufeu.ch\/","name":"Mosoni-Vuissoz Magie du Feu","description":"","publisher":{"@id":"https:\/\/magiedufeu.ch\/#organization"},"potentialAction":[{"@type":"SearchAction","target":{"@type":"EntryPoint","urlTemplate":"https:\/\/magiedufeu.ch\/?s={search_term_string}"},"query-input":{"@type":"PropertyValueSpecification","valueRequired":true,"valueName":"search_term_string"}}],"inLanguage":"fr-FR"},{"@type":"Organization","@id":"https:\/\/magiedufeu.ch\/#organization","name":"Mosoni-Vuissoz Magie du Feu","url":"https:\/\/magiedufeu.ch\/","logo":{"@type":"ImageObject","inLanguage":"fr-FR","@id":"https:\/\/magiedufeu.ch\/#\/schema\/logo\/image\/","url":"https:\/\/magiedufeu.ch\/wp-content\/uploads\/2021\/06\/Mosoni-Vuissoz-logo-1024x536-1-46d285e0.png","contentUrl":"https:\/\/magiedufeu.ch\/wp-content\/uploads\/2021\/06\/Mosoni-Vuissoz-logo-1024x536-1-46d285e0.png","width":200,"height":105,"caption":"Mosoni-Vuissoz Magie du Feu"},"image":{"@id":"https:\/\/magiedufeu.ch\/#\/schema\/logo\/image\/"},"sameAs":["https:\/\/www.facebook.com\/magiedufeu.mdf\/"]}]}},"_links":{"self":[{"href":"https:\/\/magiedufeu.ch\/fr\/wp-json\/wp\/v2\/product\/11787","targetHints":{"allow":["GET"]}}],"collection":[{"href":"https:\/\/magiedufeu.ch\/fr\/wp-json\/wp\/v2\/product"}],"about":[{"href":"https:\/\/magiedufeu.ch\/fr\/wp-json\/wp\/v2\/types\/product"}],"replies":[{"embeddable":true,"href":"https:\/\/magiedufeu.ch\/fr\/wp-json\/wp\/v2\/comments?post=11787"}],"wp:featuredmedia":[{"embeddable":true,"href":"https:\/\/magiedufeu.ch\/fr\/wp-json\/wp\/v2\/media\/13112"}],"wp:attachment":[{"href":"https:\/\/magiedufeu.ch\/fr\/wp-json\/wp\/v2\/media?parent=11787"}],"wp:term":[{"taxonomy":"product_cat","embeddable":true,"href":"https:\/\/magiedufeu.ch\/fr\/wp-json\/wp\/v2\/product_cat?post=11787"},{"taxonomy":"product_tag","embeddable":true,"href":"https:\/\/magiedufeu.ch\/fr\/wp-json\/wp\/v2\/product_tag?post=11787"}],"curies":[{"name":"wp","href":"https:\/\/api.w.org\/{rel}","templated":true}]}}