{"id":11779,"date":"2000-01-01T00:00:00","date_gmt":"2025-02-14T09:25:07","guid":{"rendered":"https:\/\/magiedufeu.ch\/?post_type=product&#038;p=11779"},"modified":"2025-11-18T21:27:06","modified_gmt":"2025-11-18T21:27:06","slug":"poele-a-bois-inspire-55-h-heta-noir","status":"publish","type":"product","link":"https:\/\/magiedufeu.ch\/fr\/produit\/poele-a-bois-inspire-55-h-heta-noir\/","title":{"rendered":"Po\u00eale \u00e0 Bois INSPIRE 55h HETA noir avec Niche \u00e0 bois et Plaque de Cuisson"},"content":{"rendered":"<h2>Pourquoi choisir le po\u00eale \u00e0 bois Inspire Heta ?<\/h2>\n<p>Avec ses lignes \u00e9pur\u00e9es et ses mat\u00e9riaux chics, le po\u00eale Inspire convient \u00e0 toutes les maisons et \u00e0 tous les styles d&#8217;int\u00e9rieur. Le po\u00eale Inspire \u00e0 la mode est parfait pour les petites pi\u00e8ces, les maisons d&#8217;\u00e9t\u00e9 traditionnelles ou les cabanes en rondins. La combustion des po\u00eales Inspire est incroyablement simple \u00e0 r\u00e9gler et d\u00e9j\u00e0 \u00e0 partir de 3 KW, elle est tout simplement formidable. La large chambre de combustion de l&#8217;Inspire 55 offre une belle vue panoramique sur les flammes et vous avez beaucoup de place pour le bois de chauffage. La grande vitre garantit une chaleur rayonnante et fait de l&#8217;Inspire 55 un po\u00eale tr\u00e8s polyvalent. Il est \u00e9galement disponible avec un compartiment \u00e0 bois pratique dans le socle, de sorte que votre bois de chauffage soit toujours \u00e0 port\u00e9e de main. L&#8217;Inspire 55HK est un po\u00eale-chemin\u00e9e pour le chauffage et la cuisine. Le point fort est la plaque de cuisson polie et en relief de 42 x 16 cm, int\u00e9gr\u00e9e dans la plaque sup\u00e9rieure et pouvant accueillir plusieurs casseroles. Voir tous nos po\u00eales ind\u00e9pendants.<\/p>\n<h2>Les avantages du po\u00eale \u00e0 bois Inspire Heta :<\/h2>\n<p>Ce po\u00eale est facile \u00e0 utiliser et convient aux petits espaces de vie comme les mayens et les appartements. Il dispose d&#8217;un espace de rangement pour les b\u00fbches, ce qui est pratique.<\/p>\n<h3>Caract\u00e9ristiques principales du produit :<\/h3>\n<p>Hauteur : 555 mm<\/p>\n<p>Largeur : 652 mm<\/p>\n<p>Profondeur : 403 mm<\/p>\n<p>Largeur int\u00e9rieure de la chambre de combustion : 560 mm<\/p>\n<p>&nbsp;<\/p>\n<p><strong><a href=\"https:\/\/magiedufeu.ch\/wp-content\/uploads\/2000\/01\/DATENBLATT.INSPIRE-55-H.pdf\">FICHE TECHNIQUE.INSPIRE 55 H<\/a><\/strong><\/p>\n","protected":false},"excerpt":{"rendered":"<p>Hauteur : 555 mm<\/p>\n<p>Largeur : 652 mm<\/p>\n<p>Profondeur : 403 mm<\/p>\n<p>Largeur int\u00e9rieure de la chambre de combustion : 560 mm<\/p>\n<p>&nbsp;<\/p>\n","protected":false},"featured_media":12133,"comment_status":"closed","ping_status":"closed","template":"","meta":[],"product_cat":[210,207],"product_tag":[480,3891,1953,568,847,530],"class_list":{"0":"post-11779","1":"product","2":"type-product","3":"status-publish","4":"has-post-thumbnail","6":"product_cat-bois-fr","7":"product_cat-poeles","8":"product_tag-heta","9":"product_tag-inspire-55-h","10":"product_tag-niche-a-bois","11":"product_tag-noir","12":"product_tag-plaque-de-cuisson","13":"product_tag-poele-a-bois","15":"first","16":"outofstock","17":"taxable","18":"shipping-taxable","19":"purchasable","20":"product-type-simple"},"yoast_head":"<!-- This site is optimized with the Yoast SEO plugin v23.7 - https:\/\/yoast.com\/wordpress\/plugins\/seo\/ -->\n<title>Po\u00eale \u00e0 Bois INSPIRE 55h HETA noir avec Niche \u00e0 bois et Plaque de Cuisson - Mosoni-Vuissoz Magie du Feu<\/title>\n<meta name=\"description\" content=\"Avec ses lignes \u00e9pur\u00e9es et ses mat\u00e9riaux chics, le po\u00eale HETA INSPIRE est parfait pour les petites pi\u00e8ces, les maisons d&#039;\u00e9t\u00e9 traditionnelles et ...\" \/>\n<meta name=\"robots\" content=\"index, follow, max-snippet:-1, max-image-preview:large, max-video-preview:-1\" \/>\n<link rel=\"canonical\" href=\"https:\/\/magiedufeu.ch\/fr\/produit\/poele-a-bois-inspire-55-h-heta-noir\/\" \/>\n<meta property=\"og:locale\" content=\"fr_FR\" \/>\n<meta property=\"og:type\" content=\"article\" \/>\n<meta property=\"og:title\" content=\"Po\u00eale \u00e0 Bois INSPIRE 55h HETA noir avec Niche \u00e0 bois et Plaque de Cuisson - Mosoni-Vuissoz Magie du Feu\" \/>\n<meta property=\"og:description\" content=\"Avec ses lignes \u00e9pur\u00e9es et ses mat\u00e9riaux chics, le po\u00eale HETA INSPIRE est parfait pour les petites pi\u00e8ces, les maisons d&#039;\u00e9t\u00e9 traditionnelles et ...\" \/>\n<meta property=\"og:url\" content=\"https:\/\/magiedufeu.ch\/fr\/produit\/poele-a-bois-inspire-55-h-heta-noir\/\" \/>\n<meta property=\"og:site_name\" content=\"Mosoni-Vuissoz Magie du Feu\" \/>\n<meta property=\"article:publisher\" content=\"https:\/\/www.facebook.com\/magiedufeu.mdf\/\" \/>\n<meta property=\"article:modified_time\" content=\"2025-11-18T21:27:06+00:00\" \/>\n<meta property=\"og:image\" content=\"https:\/\/magiedufeu.ch\/wp-content\/uploads\/2000\/01\/Design-sans-titre-_5_.webp?wsr\" \/>\n\t<meta property=\"og:image:width\" content=\"1080\" \/>\n\t<meta property=\"og:image:height\" content=\"1080\" \/>\n\t<meta property=\"og:image:type\" content=\"image\/webp\" \/>\n<meta name=\"twitter:card\" content=\"summary_large_image\" \/>\n<meta name=\"twitter:label1\" content=\"Dur\u00e9e de lecture estim\u00e9e\" \/>\n\t<meta name=\"twitter:data1\" content=\"2 minutes\" \/>\n<script type=\"application\/ld+json\" class=\"yoast-schema-graph\">{\"@context\":\"https:\/\/schema.org\",\"@graph\":[{\"@type\":\"WebPage\",\"@id\":\"https:\/\/magiedufeu.ch\/fr\/produit\/poele-a-bois-inspire-55-h-heta-noir\/\",\"url\":\"https:\/\/magiedufeu.ch\/fr\/produit\/poele-a-bois-inspire-55-h-heta-noir\/\",\"name\":\"Po\u00eale \u00e0 Bois INSPIRE 55h HETA noir avec Niche \u00e0 bois et Plaque de Cuisson - Mosoni-Vuissoz Magie du Feu\",\"isPartOf\":{\"@id\":\"https:\/\/magiedufeu.ch\/#website\"},\"primaryImageOfPage\":{\"@id\":\"https:\/\/magiedufeu.ch\/fr\/produit\/poele-a-bois-inspire-55-h-heta-noir\/#primaryimage\"},\"image\":{\"@id\":\"https:\/\/magiedufeu.ch\/fr\/produit\/poele-a-bois-inspire-55-h-heta-noir\/#primaryimage\"},\"thumbnailUrl\":\"https:\/\/magiedufeu.ch\/wp-content\/uploads\/2000\/01\/Design-sans-titre-_5_.webp?wsr\",\"datePublished\":\"2025-02-14T09:25:07+00:00\",\"dateModified\":\"2025-11-18T21:27:06+00:00\",\"description\":\"Avec ses lignes \u00e9pur\u00e9es et ses mat\u00e9riaux chics, le po\u00eale HETA INSPIRE est parfait pour les petites pi\u00e8ces, les maisons d'\u00e9t\u00e9 traditionnelles et ...\",\"breadcrumb\":{\"@id\":\"https:\/\/magiedufeu.ch\/fr\/produit\/poele-a-bois-inspire-55-h-heta-noir\/#breadcrumb\"},\"inLanguage\":\"fr-FR\",\"potentialAction\":[{\"@type\":\"ReadAction\",\"target\":[\"https:\/\/magiedufeu.ch\/fr\/produit\/poele-a-bois-inspire-55-h-heta-noir\/\"]}]},{\"@type\":\"ImageObject\",\"inLanguage\":\"fr-FR\",\"@id\":\"https:\/\/magiedufeu.ch\/fr\/produit\/poele-a-bois-inspire-55-h-heta-noir\/#primaryimage\",\"url\":\"https:\/\/magiedufeu.ch\/wp-content\/uploads\/2000\/01\/Design-sans-titre-_5_.webp?wsr\",\"contentUrl\":\"https:\/\/magiedufeu.ch\/wp-content\/uploads\/2000\/01\/Design-sans-titre-_5_.webp?wsr\",\"width\":1080,\"height\":1080},{\"@type\":\"BreadcrumbList\",\"@id\":\"https:\/\/magiedufeu.ch\/fr\/produit\/poele-a-bois-inspire-55-h-heta-noir\/#breadcrumb\",\"itemListElement\":[{\"@type\":\"ListItem\",\"position\":1,\"name\":\"Accueil\",\"item\":\"https:\/\/magiedufeu.ch\/\"},{\"@type\":\"ListItem\",\"position\":2,\"name\":\"Boutique\",\"item\":\"https:\/\/magiedufeu.ch\/fr\/boutique\/\"},{\"@type\":\"ListItem\",\"position\":3,\"name\":\"Po\u00eale \u00e0 Bois INSPIRE 55h HETA noir avec Niche \u00e0 bois et Plaque de Cuisson\"}]},{\"@type\":\"WebSite\",\"@id\":\"https:\/\/magiedufeu.ch\/#website\",\"url\":\"https:\/\/magiedufeu.ch\/\",\"name\":\"Mosoni-Vuissoz Magie du Feu\",\"description\":\"\",\"publisher\":{\"@id\":\"https:\/\/magiedufeu.ch\/#organization\"},\"potentialAction\":[{\"@type\":\"SearchAction\",\"target\":{\"@type\":\"EntryPoint\",\"urlTemplate\":\"https:\/\/magiedufeu.ch\/?s={search_term_string}\"},\"query-input\":{\"@type\":\"PropertyValueSpecification\",\"valueRequired\":true,\"valueName\":\"search_term_string\"}}],\"inLanguage\":\"fr-FR\"},{\"@type\":\"Organization\",\"@id\":\"https:\/\/magiedufeu.ch\/#organization\",\"name\":\"Mosoni-Vuissoz Magie du Feu\",\"url\":\"https:\/\/magiedufeu.ch\/\",\"logo\":{\"@type\":\"ImageObject\",\"inLanguage\":\"fr-FR\",\"@id\":\"https:\/\/magiedufeu.ch\/#\/schema\/logo\/image\/\",\"url\":\"https:\/\/magiedufeu.ch\/wp-content\/uploads\/2021\/06\/Mosoni-Vuissoz-logo-1024x536-1-46d285e0.png\",\"contentUrl\":\"https:\/\/magiedufeu.ch\/wp-content\/uploads\/2021\/06\/Mosoni-Vuissoz-logo-1024x536-1-46d285e0.png\",\"width\":200,\"height\":105,\"caption\":\"Mosoni-Vuissoz Magie du Feu\"},\"image\":{\"@id\":\"https:\/\/magiedufeu.ch\/#\/schema\/logo\/image\/\"},\"sameAs\":[\"https:\/\/www.facebook.com\/magiedufeu.mdf\/\"]}]}<\/script>\n<!-- \/ Yoast SEO plugin. -->","yoast_head_json":{"title":"Po\u00eale \u00e0 Bois INSPIRE 55h HETA noir avec Niche \u00e0 bois et Plaque de Cuisson - Mosoni-Vuissoz Magie du Feu","description":"Avec ses lignes \u00e9pur\u00e9es et ses mat\u00e9riaux chics, le po\u00eale HETA INSPIRE est parfait pour les petites pi\u00e8ces, les maisons d'\u00e9t\u00e9 traditionnelles et ...","robots":{"index":"index","follow":"follow","max-snippet":"max-snippet:-1","max-image-preview":"max-image-preview:large","max-video-preview":"max-video-preview:-1"},"canonical":"https:\/\/magiedufeu.ch\/fr\/produit\/poele-a-bois-inspire-55-h-heta-noir\/","og_locale":"fr_FR","og_type":"article","og_title":"Po\u00eale \u00e0 Bois INSPIRE 55h HETA noir avec Niche \u00e0 bois et Plaque de Cuisson - Mosoni-Vuissoz Magie du Feu","og_description":"Avec ses lignes \u00e9pur\u00e9es et ses mat\u00e9riaux chics, le po\u00eale HETA INSPIRE est parfait pour les petites pi\u00e8ces, les maisons d'\u00e9t\u00e9 traditionnelles et ...","og_url":"https:\/\/magiedufeu.ch\/fr\/produit\/poele-a-bois-inspire-55-h-heta-noir\/","og_site_name":"Mosoni-Vuissoz Magie du Feu","article_publisher":"https:\/\/www.facebook.com\/magiedufeu.mdf\/","article_modified_time":"2025-11-18T21:27:06+00:00","og_image":[{"width":1080,"height":1080,"url":"https:\/\/magiedufeu.ch\/wp-content\/uploads\/2000\/01\/Design-sans-titre-_5_.webp?wsr","type":"image\/webp"}],"twitter_card":"summary_large_image","twitter_misc":{"Dur\u00e9e de lecture estim\u00e9e":"2 minutes"},"schema":{"@context":"https:\/\/schema.org","@graph":[{"@type":"WebPage","@id":"https:\/\/magiedufeu.ch\/fr\/produit\/poele-a-bois-inspire-55-h-heta-noir\/","url":"https:\/\/magiedufeu.ch\/fr\/produit\/poele-a-bois-inspire-55-h-heta-noir\/","name":"Po\u00eale \u00e0 Bois INSPIRE 55h HETA noir avec Niche \u00e0 bois et Plaque de Cuisson - Mosoni-Vuissoz Magie du Feu","isPartOf":{"@id":"https:\/\/magiedufeu.ch\/#website"},"primaryImageOfPage":{"@id":"https:\/\/magiedufeu.ch\/fr\/produit\/poele-a-bois-inspire-55-h-heta-noir\/#primaryimage"},"image":{"@id":"https:\/\/magiedufeu.ch\/fr\/produit\/poele-a-bois-inspire-55-h-heta-noir\/#primaryimage"},"thumbnailUrl":"https:\/\/magiedufeu.ch\/wp-content\/uploads\/2000\/01\/Design-sans-titre-_5_.webp?wsr","datePublished":"2025-02-14T09:25:07+00:00","dateModified":"2025-11-18T21:27:06+00:00","description":"Avec ses lignes \u00e9pur\u00e9es et ses mat\u00e9riaux chics, le po\u00eale HETA INSPIRE est parfait pour les petites pi\u00e8ces, les maisons d'\u00e9t\u00e9 traditionnelles et ...","breadcrumb":{"@id":"https:\/\/magiedufeu.ch\/fr\/produit\/poele-a-bois-inspire-55-h-heta-noir\/#breadcrumb"},"inLanguage":"fr-FR","potentialAction":[{"@type":"ReadAction","target":["https:\/\/magiedufeu.ch\/fr\/produit\/poele-a-bois-inspire-55-h-heta-noir\/"]}]},{"@type":"ImageObject","inLanguage":"fr-FR","@id":"https:\/\/magiedufeu.ch\/fr\/produit\/poele-a-bois-inspire-55-h-heta-noir\/#primaryimage","url":"https:\/\/magiedufeu.ch\/wp-content\/uploads\/2000\/01\/Design-sans-titre-_5_.webp?wsr","contentUrl":"https:\/\/magiedufeu.ch\/wp-content\/uploads\/2000\/01\/Design-sans-titre-_5_.webp?wsr","width":1080,"height":1080},{"@type":"BreadcrumbList","@id":"https:\/\/magiedufeu.ch\/fr\/produit\/poele-a-bois-inspire-55-h-heta-noir\/#breadcrumb","itemListElement":[{"@type":"ListItem","position":1,"name":"Accueil","item":"https:\/\/magiedufeu.ch\/"},{"@type":"ListItem","position":2,"name":"Boutique","item":"https:\/\/magiedufeu.ch\/fr\/boutique\/"},{"@type":"ListItem","position":3,"name":"Po\u00eale \u00e0 Bois INSPIRE 55h HETA noir avec Niche \u00e0 bois et Plaque de Cuisson"}]},{"@type":"WebSite","@id":"https:\/\/magiedufeu.ch\/#website","url":"https:\/\/magiedufeu.ch\/","name":"Mosoni-Vuissoz Magie du Feu","description":"","publisher":{"@id":"https:\/\/magiedufeu.ch\/#organization"},"potentialAction":[{"@type":"SearchAction","target":{"@type":"EntryPoint","urlTemplate":"https:\/\/magiedufeu.ch\/?s={search_term_string}"},"query-input":{"@type":"PropertyValueSpecification","valueRequired":true,"valueName":"search_term_string"}}],"inLanguage":"fr-FR"},{"@type":"Organization","@id":"https:\/\/magiedufeu.ch\/#organization","name":"Mosoni-Vuissoz Magie du Feu","url":"https:\/\/magiedufeu.ch\/","logo":{"@type":"ImageObject","inLanguage":"fr-FR","@id":"https:\/\/magiedufeu.ch\/#\/schema\/logo\/image\/","url":"https:\/\/magiedufeu.ch\/wp-content\/uploads\/2021\/06\/Mosoni-Vuissoz-logo-1024x536-1-46d285e0.png","contentUrl":"https:\/\/magiedufeu.ch\/wp-content\/uploads\/2021\/06\/Mosoni-Vuissoz-logo-1024x536-1-46d285e0.png","width":200,"height":105,"caption":"Mosoni-Vuissoz Magie du Feu"},"image":{"@id":"https:\/\/magiedufeu.ch\/#\/schema\/logo\/image\/"},"sameAs":["https:\/\/www.facebook.com\/magiedufeu.mdf\/"]}]}},"_links":{"self":[{"href":"https:\/\/magiedufeu.ch\/fr\/wp-json\/wp\/v2\/product\/11779","targetHints":{"allow":["GET"]}}],"collection":[{"href":"https:\/\/magiedufeu.ch\/fr\/wp-json\/wp\/v2\/product"}],"about":[{"href":"https:\/\/magiedufeu.ch\/fr\/wp-json\/wp\/v2\/types\/product"}],"replies":[{"embeddable":true,"href":"https:\/\/magiedufeu.ch\/fr\/wp-json\/wp\/v2\/comments?post=11779"}],"wp:featuredmedia":[{"embeddable":true,"href":"https:\/\/magiedufeu.ch\/fr\/wp-json\/wp\/v2\/media\/12133"}],"wp:attachment":[{"href":"https:\/\/magiedufeu.ch\/fr\/wp-json\/wp\/v2\/media?parent=11779"}],"wp:term":[{"taxonomy":"product_cat","embeddable":true,"href":"https:\/\/magiedufeu.ch\/fr\/wp-json\/wp\/v2\/product_cat?post=11779"},{"taxonomy":"product_tag","embeddable":true,"href":"https:\/\/magiedufeu.ch\/fr\/wp-json\/wp\/v2\/product_tag?post=11779"}],"curies":[{"name":"wp","href":"https:\/\/api.w.org\/{rel}","templated":true}]}}