{"id":11642,"date":"2024-10-11T14:59:00","date_gmt":"2024-10-11T14:59:00","guid":{"rendered":"https:\/\/magiedufeu.ch\/?post_type=product&#038;p=11642"},"modified":"2025-12-10T16:21:54","modified_gmt":"2025-12-10T16:21:54","slug":"tambour-a-chataignes-motorise-avec-ou-sans-rechaud-a-gaz","status":"publish","type":"product","link":"https:\/\/magiedufeu.ch\/fr\/produit\/tambour-a-chataignes-motorise-avec-ou-sans-rechaud-a-gaz\/","title":{"rendered":"Brisoloir \/ Tambour \u00e0 ch\u00e2taignes motoris\u00e9 avec ou sans r\u00e9chaud \u00e0 gaz"},"content":{"rendered":"<p>Ce brisoloir est artisanal. La taille du tambour \u00e0 ch\u00e2taignes est de 420 mm et le diam\u00e8tre est de 270 mm. Le tambour peut contenir environ 7 kg de ch\u00e2taignes.<\/p>\n<p>Concernant les prix, vous pouvez prendre le set complet qui co\u00fbte 961.80.- TTC ou bien choisir ce que vous souhaitez et dans ce cas l\u00e0 payer s\u00e9par\u00e9ment comme illustr\u00e9 ci-dessous :<\/p>\n<ul>\n<li>Prix tambour seul : 399.- TTC<\/li>\n<li>Moteur avec tourne broche : 395.- TTC<\/li>\n<li>Br\u00fbleur \u00e0 gaz avec d\u00e9tendeur : 165.80.- TTC<\/li>\n<\/ul>\n<p>Information : Vous pouvez \u00e9galement utiliser le feu de bois sous le tambour, pas uniquement le gaz.<\/p>\n","protected":false},"excerpt":{"rendered":"<p>Ce brisoloir est artisanal. La taille du tambour \u00e0 ch\u00e2taignes est de 420 mm et le diam\u00e8tre est de 270 mm. Le tambour peut contenir environ 7 kg de ch\u00e2taignes. Concernant les prix, vous pouvez prendre le set complet qui co\u00fbte 961.80.- TTC ou bien choisir ce que vous souhaitez et dans ce cas l\u00e0 [&hellip;]<\/p>\n","protected":false},"featured_media":11644,"comment_status":"open","ping_status":"closed","template":"","meta":[],"product_cat":[204,203,355,225],"product_tag":[],"class_list":{"0":"post-11642","1":"product","2":"type-product","3":"status-publish","4":"has-post-thumbnail","6":"product_cat-accessoires-de-cheminees","7":"product_cat-accessoires-pour-grills-et-planchas","8":"product_cat-offres-speciale-startseite","9":"product_cat-offres-speciales","11":"first","12":"instock","13":"taxable","14":"shipping-taxable","15":"product-type-variable","16":"has-default-attributes"},"yoast_head":"<!-- This site is optimized with the Yoast SEO plugin v23.7 - https:\/\/yoast.com\/wordpress\/plugins\/seo\/ -->\n<title>Brisoloir \/ Tambour \u00e0 ch\u00e2taignes motoris\u00e9 avec ou sans r\u00e9chaud \u00e0 gaz - Mosoni-Vuissoz Magie du Feu<\/title>\n<meta name=\"robots\" content=\"index, follow, max-snippet:-1, max-image-preview:large, max-video-preview:-1\" \/>\n<link rel=\"canonical\" href=\"https:\/\/magiedufeu.ch\/fr\/produit\/tambour-a-chataignes-motorise-avec-ou-sans-rechaud-a-gaz\/\" \/>\n<meta property=\"og:locale\" content=\"fr_FR\" \/>\n<meta property=\"og:type\" content=\"article\" \/>\n<meta property=\"og:title\" content=\"Brisoloir \/ Tambour \u00e0 ch\u00e2taignes motoris\u00e9 avec ou sans r\u00e9chaud \u00e0 gaz - Mosoni-Vuissoz Magie du Feu\" \/>\n<meta property=\"og:description\" content=\"Ce brisoloir est artisanal. La taille du tambour \u00e0 ch\u00e2taignes est de 420 mm et le diam\u00e8tre est de 270 mm. Le tambour peut contenir environ 7 kg de ch\u00e2taignes. Concernant les prix, vous pouvez prendre le set complet qui co\u00fbte 961.80.- TTC ou bien choisir ce que vous souhaitez et dans ce cas l\u00e0 [&hellip;]\" \/>\n<meta property=\"og:url\" content=\"https:\/\/magiedufeu.ch\/fr\/produit\/tambour-a-chataignes-motorise-avec-ou-sans-rechaud-a-gaz\/\" \/>\n<meta property=\"og:site_name\" content=\"Mosoni-Vuissoz Magie du Feu\" \/>\n<meta property=\"article:publisher\" content=\"https:\/\/www.facebook.com\/magiedufeu.mdf\/\" \/>\n<meta property=\"article:modified_time\" content=\"2025-12-10T16:21:54+00:00\" \/>\n<meta property=\"og:image\" content=\"https:\/\/magiedufeu.ch\/wp-content\/uploads\/2024\/10\/Design-sans-titre-48.png?wsr\" \/>\n\t<meta property=\"og:image:width\" content=\"1080\" \/>\n\t<meta property=\"og:image:height\" content=\"1080\" \/>\n\t<meta property=\"og:image:type\" content=\"image\/png\" \/>\n<meta name=\"twitter:card\" content=\"summary_large_image\" \/>\n<meta name=\"twitter:label1\" content=\"Dur\u00e9e de lecture estim\u00e9e\" \/>\n\t<meta name=\"twitter:data1\" content=\"1 minute\" \/>\n<script type=\"application\/ld+json\" class=\"yoast-schema-graph\">{\"@context\":\"https:\/\/schema.org\",\"@graph\":[{\"@type\":\"WebPage\",\"@id\":\"https:\/\/magiedufeu.ch\/fr\/produit\/tambour-a-chataignes-motorise-avec-ou-sans-rechaud-a-gaz\/\",\"url\":\"https:\/\/magiedufeu.ch\/fr\/produit\/tambour-a-chataignes-motorise-avec-ou-sans-rechaud-a-gaz\/\",\"name\":\"Brisoloir \/ Tambour \u00e0 ch\u00e2taignes motoris\u00e9 avec ou sans r\u00e9chaud \u00e0 gaz - Mosoni-Vuissoz Magie du Feu\",\"isPartOf\":{\"@id\":\"https:\/\/magiedufeu.ch\/#website\"},\"primaryImageOfPage\":{\"@id\":\"https:\/\/magiedufeu.ch\/fr\/produit\/tambour-a-chataignes-motorise-avec-ou-sans-rechaud-a-gaz\/#primaryimage\"},\"image\":{\"@id\":\"https:\/\/magiedufeu.ch\/fr\/produit\/tambour-a-chataignes-motorise-avec-ou-sans-rechaud-a-gaz\/#primaryimage\"},\"thumbnailUrl\":\"https:\/\/magiedufeu.ch\/wp-content\/uploads\/2024\/10\/Design-sans-titre-48.png?wsr\",\"datePublished\":\"2024-10-11T14:59:00+00:00\",\"dateModified\":\"2025-12-10T16:21:54+00:00\",\"breadcrumb\":{\"@id\":\"https:\/\/magiedufeu.ch\/fr\/produit\/tambour-a-chataignes-motorise-avec-ou-sans-rechaud-a-gaz\/#breadcrumb\"},\"inLanguage\":\"fr-FR\",\"potentialAction\":[{\"@type\":\"ReadAction\",\"target\":[\"https:\/\/magiedufeu.ch\/fr\/produit\/tambour-a-chataignes-motorise-avec-ou-sans-rechaud-a-gaz\/\"]}]},{\"@type\":\"ImageObject\",\"inLanguage\":\"fr-FR\",\"@id\":\"https:\/\/magiedufeu.ch\/fr\/produit\/tambour-a-chataignes-motorise-avec-ou-sans-rechaud-a-gaz\/#primaryimage\",\"url\":\"https:\/\/magiedufeu.ch\/wp-content\/uploads\/2024\/10\/Design-sans-titre-48.png?wsr\",\"contentUrl\":\"https:\/\/magiedufeu.ch\/wp-content\/uploads\/2024\/10\/Design-sans-titre-48.png?wsr\",\"width\":1080,\"height\":1080},{\"@type\":\"BreadcrumbList\",\"@id\":\"https:\/\/magiedufeu.ch\/fr\/produit\/tambour-a-chataignes-motorise-avec-ou-sans-rechaud-a-gaz\/#breadcrumb\",\"itemListElement\":[{\"@type\":\"ListItem\",\"position\":1,\"name\":\"Accueil\",\"item\":\"https:\/\/magiedufeu.ch\/\"},{\"@type\":\"ListItem\",\"position\":2,\"name\":\"Boutique\",\"item\":\"https:\/\/magiedufeu.ch\/fr\/boutique\/\"},{\"@type\":\"ListItem\",\"position\":3,\"name\":\"Brisoloir \/ Tambour \u00e0 ch\u00e2taignes motoris\u00e9 avec ou sans r\u00e9chaud \u00e0 gaz\"}]},{\"@type\":\"WebSite\",\"@id\":\"https:\/\/magiedufeu.ch\/#website\",\"url\":\"https:\/\/magiedufeu.ch\/\",\"name\":\"Mosoni-Vuissoz Magie du Feu\",\"description\":\"\",\"publisher\":{\"@id\":\"https:\/\/magiedufeu.ch\/#organization\"},\"potentialAction\":[{\"@type\":\"SearchAction\",\"target\":{\"@type\":\"EntryPoint\",\"urlTemplate\":\"https:\/\/magiedufeu.ch\/?s={search_term_string}\"},\"query-input\":{\"@type\":\"PropertyValueSpecification\",\"valueRequired\":true,\"valueName\":\"search_term_string\"}}],\"inLanguage\":\"fr-FR\"},{\"@type\":\"Organization\",\"@id\":\"https:\/\/magiedufeu.ch\/#organization\",\"name\":\"Mosoni-Vuissoz Magie du Feu\",\"url\":\"https:\/\/magiedufeu.ch\/\",\"logo\":{\"@type\":\"ImageObject\",\"inLanguage\":\"fr-FR\",\"@id\":\"https:\/\/magiedufeu.ch\/#\/schema\/logo\/image\/\",\"url\":\"https:\/\/magiedufeu.ch\/wp-content\/uploads\/2021\/06\/Mosoni-Vuissoz-logo-1024x536-1-46d285e0.png\",\"contentUrl\":\"https:\/\/magiedufeu.ch\/wp-content\/uploads\/2021\/06\/Mosoni-Vuissoz-logo-1024x536-1-46d285e0.png\",\"width\":200,\"height\":105,\"caption\":\"Mosoni-Vuissoz Magie du Feu\"},\"image\":{\"@id\":\"https:\/\/magiedufeu.ch\/#\/schema\/logo\/image\/\"},\"sameAs\":[\"https:\/\/www.facebook.com\/magiedufeu.mdf\/\"]}]}<\/script>\n<!-- \/ Yoast SEO plugin. -->","yoast_head_json":{"title":"Brisoloir \/ Tambour \u00e0 ch\u00e2taignes motoris\u00e9 avec ou sans r\u00e9chaud \u00e0 gaz - Mosoni-Vuissoz Magie du Feu","robots":{"index":"index","follow":"follow","max-snippet":"max-snippet:-1","max-image-preview":"max-image-preview:large","max-video-preview":"max-video-preview:-1"},"canonical":"https:\/\/magiedufeu.ch\/fr\/produit\/tambour-a-chataignes-motorise-avec-ou-sans-rechaud-a-gaz\/","og_locale":"fr_FR","og_type":"article","og_title":"Brisoloir \/ Tambour \u00e0 ch\u00e2taignes motoris\u00e9 avec ou sans r\u00e9chaud \u00e0 gaz - Mosoni-Vuissoz Magie du Feu","og_description":"Ce brisoloir est artisanal. La taille du tambour \u00e0 ch\u00e2taignes est de 420 mm et le diam\u00e8tre est de 270 mm. Le tambour peut contenir environ 7 kg de ch\u00e2taignes. Concernant les prix, vous pouvez prendre le set complet qui co\u00fbte 961.80.- TTC ou bien choisir ce que vous souhaitez et dans ce cas l\u00e0 [&hellip;]","og_url":"https:\/\/magiedufeu.ch\/fr\/produit\/tambour-a-chataignes-motorise-avec-ou-sans-rechaud-a-gaz\/","og_site_name":"Mosoni-Vuissoz Magie du Feu","article_publisher":"https:\/\/www.facebook.com\/magiedufeu.mdf\/","article_modified_time":"2025-12-10T16:21:54+00:00","og_image":[{"width":1080,"height":1080,"url":"https:\/\/magiedufeu.ch\/wp-content\/uploads\/2024\/10\/Design-sans-titre-48.png?wsr","type":"image\/png"}],"twitter_card":"summary_large_image","twitter_misc":{"Dur\u00e9e de lecture estim\u00e9e":"1 minute"},"schema":{"@context":"https:\/\/schema.org","@graph":[{"@type":"WebPage","@id":"https:\/\/magiedufeu.ch\/fr\/produit\/tambour-a-chataignes-motorise-avec-ou-sans-rechaud-a-gaz\/","url":"https:\/\/magiedufeu.ch\/fr\/produit\/tambour-a-chataignes-motorise-avec-ou-sans-rechaud-a-gaz\/","name":"Brisoloir \/ Tambour \u00e0 ch\u00e2taignes motoris\u00e9 avec ou sans r\u00e9chaud \u00e0 gaz - Mosoni-Vuissoz Magie du Feu","isPartOf":{"@id":"https:\/\/magiedufeu.ch\/#website"},"primaryImageOfPage":{"@id":"https:\/\/magiedufeu.ch\/fr\/produit\/tambour-a-chataignes-motorise-avec-ou-sans-rechaud-a-gaz\/#primaryimage"},"image":{"@id":"https:\/\/magiedufeu.ch\/fr\/produit\/tambour-a-chataignes-motorise-avec-ou-sans-rechaud-a-gaz\/#primaryimage"},"thumbnailUrl":"https:\/\/magiedufeu.ch\/wp-content\/uploads\/2024\/10\/Design-sans-titre-48.png?wsr","datePublished":"2024-10-11T14:59:00+00:00","dateModified":"2025-12-10T16:21:54+00:00","breadcrumb":{"@id":"https:\/\/magiedufeu.ch\/fr\/produit\/tambour-a-chataignes-motorise-avec-ou-sans-rechaud-a-gaz\/#breadcrumb"},"inLanguage":"fr-FR","potentialAction":[{"@type":"ReadAction","target":["https:\/\/magiedufeu.ch\/fr\/produit\/tambour-a-chataignes-motorise-avec-ou-sans-rechaud-a-gaz\/"]}]},{"@type":"ImageObject","inLanguage":"fr-FR","@id":"https:\/\/magiedufeu.ch\/fr\/produit\/tambour-a-chataignes-motorise-avec-ou-sans-rechaud-a-gaz\/#primaryimage","url":"https:\/\/magiedufeu.ch\/wp-content\/uploads\/2024\/10\/Design-sans-titre-48.png?wsr","contentUrl":"https:\/\/magiedufeu.ch\/wp-content\/uploads\/2024\/10\/Design-sans-titre-48.png?wsr","width":1080,"height":1080},{"@type":"BreadcrumbList","@id":"https:\/\/magiedufeu.ch\/fr\/produit\/tambour-a-chataignes-motorise-avec-ou-sans-rechaud-a-gaz\/#breadcrumb","itemListElement":[{"@type":"ListItem","position":1,"name":"Accueil","item":"https:\/\/magiedufeu.ch\/"},{"@type":"ListItem","position":2,"name":"Boutique","item":"https:\/\/magiedufeu.ch\/fr\/boutique\/"},{"@type":"ListItem","position":3,"name":"Brisoloir \/ Tambour \u00e0 ch\u00e2taignes motoris\u00e9 avec ou sans r\u00e9chaud \u00e0 gaz"}]},{"@type":"WebSite","@id":"https:\/\/magiedufeu.ch\/#website","url":"https:\/\/magiedufeu.ch\/","name":"Mosoni-Vuissoz Magie du Feu","description":"","publisher":{"@id":"https:\/\/magiedufeu.ch\/#organization"},"potentialAction":[{"@type":"SearchAction","target":{"@type":"EntryPoint","urlTemplate":"https:\/\/magiedufeu.ch\/?s={search_term_string}"},"query-input":{"@type":"PropertyValueSpecification","valueRequired":true,"valueName":"search_term_string"}}],"inLanguage":"fr-FR"},{"@type":"Organization","@id":"https:\/\/magiedufeu.ch\/#organization","name":"Mosoni-Vuissoz Magie du Feu","url":"https:\/\/magiedufeu.ch\/","logo":{"@type":"ImageObject","inLanguage":"fr-FR","@id":"https:\/\/magiedufeu.ch\/#\/schema\/logo\/image\/","url":"https:\/\/magiedufeu.ch\/wp-content\/uploads\/2021\/06\/Mosoni-Vuissoz-logo-1024x536-1-46d285e0.png","contentUrl":"https:\/\/magiedufeu.ch\/wp-content\/uploads\/2021\/06\/Mosoni-Vuissoz-logo-1024x536-1-46d285e0.png","width":200,"height":105,"caption":"Mosoni-Vuissoz Magie du Feu"},"image":{"@id":"https:\/\/magiedufeu.ch\/#\/schema\/logo\/image\/"},"sameAs":["https:\/\/www.facebook.com\/magiedufeu.mdf\/"]}]}},"_links":{"self":[{"href":"https:\/\/magiedufeu.ch\/fr\/wp-json\/wp\/v2\/product\/11642","targetHints":{"allow":["GET"]}}],"collection":[{"href":"https:\/\/magiedufeu.ch\/fr\/wp-json\/wp\/v2\/product"}],"about":[{"href":"https:\/\/magiedufeu.ch\/fr\/wp-json\/wp\/v2\/types\/product"}],"replies":[{"embeddable":true,"href":"https:\/\/magiedufeu.ch\/fr\/wp-json\/wp\/v2\/comments?post=11642"}],"wp:featuredmedia":[{"embeddable":true,"href":"https:\/\/magiedufeu.ch\/fr\/wp-json\/wp\/v2\/media\/11644"}],"wp:attachment":[{"href":"https:\/\/magiedufeu.ch\/fr\/wp-json\/wp\/v2\/media?parent=11642"}],"wp:term":[{"taxonomy":"product_cat","embeddable":true,"href":"https:\/\/magiedufeu.ch\/fr\/wp-json\/wp\/v2\/product_cat?post=11642"},{"taxonomy":"product_tag","embeddable":true,"href":"https:\/\/magiedufeu.ch\/fr\/wp-json\/wp\/v2\/product_tag?post=11642"}],"curies":[{"name":"wp","href":"https:\/\/api.w.org\/{rel}","templated":true}]}}