{"id":11325,"date":"2024-09-12T09:40:25","date_gmt":"2024-09-12T09:40:25","guid":{"rendered":"https:\/\/magiedufeu.ch\/?post_type=product&#038;p=11325"},"modified":"2025-11-18T21:11:41","modified_gmt":"2025-11-18T21:11:41","slug":"poele-a-bois-heta-aqua-805","status":"publish","type":"product","link":"https:\/\/magiedufeu.ch\/fr\/produit\/poele-a-bois-heta-aqua-805\/","title":{"rendered":"Po\u00eale \u00e0 Bois Scan-Line AQUA 805 HETA Pierre ollaire"},"content":{"rendered":"<h2>Pourquoi choisir le po\u00eale \u00e0 bois Scan-Line Aqua 805 ?<\/h2>\n<p>Gr\u00e2ce \u00e0 l\u2019innovation de ce po\u00eale, vous aurez une r\u00e9gulation constante de la temp\u00e9rature qui assure une combustion uniforme et une utilisation optimale de l&#8217;\u00e9nergie. Lors du raccordement du po\u00eale, assurez-vous qu&#8217;il re\u00e7oit au moins 140 litres d&#8217;eau par heure via la pompe de circulation en option et que l&#8217;installation existante est \u00e9quip\u00e9e d&#8217;une soupape de s\u00e9curit\u00e9 qui s&#8217;active \u00e0 une surpression maximale de 2,5 bars. C&#8217;est un po\u00eale \u00e0 eau qui a \u00e9t\u00e9 d\u00e9velopp\u00e9 avec un syst\u00e8me unique \u00e0 double chambre. En plus du chauffage classique des pi\u00e8ces au bois, le po\u00eale chauffe de grandes quantit\u00e9s d&#8217;eau pour divers types d&#8217;habitations.<\/p>\n<h2>Les avantages du po\u00eale \u00e0 bois Scan-Line Aqua 805 :<\/h2>\n<p>Ce po\u00eale a la particularit\u00e9 de r\u00e9duire la chaleur rayonn\u00e9e ce qui permet une diffusion plus uniforme dans la pi\u00e8ce. Il a une combustion propre pour l\u2019environnement et un rendement d\u2019environ 80 %.<\/p>\n<p>L&#8217;Aqua Kit emp\u00eache l&#8217;encrassement de l&#8217;\u00e9changeur de chaleur en augmentant la temp\u00e9rature de retour \u00e0 l&#8217;aide de la vanne thermique (un bypass).<\/p>\n<p>Le kit Aqua en option n&#8217;est pas compris dans le prix du po\u00eale Aqua.<\/p>\n<h3>Caract\u00e9ristiques principales du produit :<\/h3>\n<div class=\"specifications\">Hauteur : 1216 mm<\/div>\n<div><\/div>\n<div class=\"specifications\">Largeur : 576 mm<\/div>\n<div><\/div>\n<div class=\"specifications\">Profondeur : 506 mm<\/div>\n<div><\/div>\n<div>Largeur int\u00e9rieure de la chambre de combustion : 330 mm<\/div>\n<div><\/div>\n<p><strong><a href=\"https:\/\/magiedufeu.ch\/wp-content\/uploads\/2024\/09\/DATENBLATT.SL805AQUA-1.pdf\">FICHE TECHNIQUE.SL.805<\/a><\/strong><\/p>\n<p><strong><a href=\"https:\/\/magiedufeu.ch\/wp-content\/uploads\/2024\/09\/AQUA-KIT-SL.805.pdf\">AQUA KIT SL.805<\/a><\/strong><\/p>\n","protected":false},"excerpt":{"rendered":"<div class=\"specifications\">Hauteur : 1216 mm<\/div>\n<div><\/div>\n<div class=\"specifications\">Largeur : 576 mm<\/div>\n<div><\/div>\n<div class=\"specifications\">Profondeur : 506 mm<\/div>\n<div><\/div>\n<div class=\"specifications\">Largeur int\u00e9rieure de la chambre de combustion : 330 mm<\/div>\n","protected":false},"featured_media":12475,"comment_status":"closed","ping_status":"closed","template":"","meta":[],"product_cat":[211,207],"product_tag":[],"class_list":{"0":"post-11325","1":"product","2":"type-product","3":"status-publish","4":"has-post-thumbnail","6":"product_cat-hydro-fr-2","7":"product_cat-poeles","9":"first","10":"outofstock","11":"taxable","12":"shipping-taxable","13":"product-type-simple"},"yoast_head":"<!-- This site is optimized with the Yoast SEO plugin v23.7 - https:\/\/yoast.com\/wordpress\/plugins\/seo\/ -->\n<title>Po\u00eale \u00e0 Bois Scan-Line AQUA 805 HETA Pierre ollaire - Mosoni-Vuissoz Magie du Feu<\/title>\n<meta name=\"description\" content=\"Gr\u00e2ce \u00e0 l\u2019innovation de ce po\u00eale, vous aurez une r\u00e9gulation constante de la temp\u00e9rature qui assure une combustion uniforme et une utilisation optimale ...\" \/>\n<meta name=\"robots\" content=\"index, follow, max-snippet:-1, max-image-preview:large, max-video-preview:-1\" \/>\n<link rel=\"canonical\" href=\"https:\/\/magiedufeu.ch\/fr\/produit\/poele-a-bois-heta-aqua-805\/\" \/>\n<meta property=\"og:locale\" content=\"fr_FR\" \/>\n<meta property=\"og:type\" content=\"article\" \/>\n<meta property=\"og:title\" content=\"Po\u00eale \u00e0 Bois Scan-Line AQUA 805 HETA Pierre ollaire - Mosoni-Vuissoz Magie du Feu\" \/>\n<meta property=\"og:description\" content=\"Gr\u00e2ce \u00e0 l\u2019innovation de ce po\u00eale, vous aurez une r\u00e9gulation constante de la temp\u00e9rature qui assure une combustion uniforme et une utilisation optimale ...\" \/>\n<meta property=\"og:url\" content=\"https:\/\/magiedufeu.ch\/fr\/produit\/poele-a-bois-heta-aqua-805\/\" \/>\n<meta property=\"og:site_name\" content=\"Mosoni-Vuissoz Magie du Feu\" \/>\n<meta property=\"article:publisher\" content=\"https:\/\/www.facebook.com\/magiedufeu.mdf\/\" \/>\n<meta property=\"article:modified_time\" content=\"2025-11-18T21:11:41+00:00\" \/>\n<meta property=\"og:image\" content=\"https:\/\/magiedufeu.ch\/wp-content\/uploads\/2024\/09\/Design-sans-titre-2.webp?wsr\" \/>\n\t<meta property=\"og:image:width\" content=\"1080\" \/>\n\t<meta property=\"og:image:height\" content=\"1080\" \/>\n\t<meta property=\"og:image:type\" content=\"image\/webp\" \/>\n<meta name=\"twitter:card\" content=\"summary_large_image\" \/>\n<meta name=\"twitter:label1\" content=\"Dur\u00e9e de lecture estim\u00e9e\" \/>\n\t<meta name=\"twitter:data1\" content=\"2 minutes\" \/>\n<script type=\"application\/ld+json\" class=\"yoast-schema-graph\">{\"@context\":\"https:\/\/schema.org\",\"@graph\":[{\"@type\":\"WebPage\",\"@id\":\"https:\/\/magiedufeu.ch\/fr\/produit\/poele-a-bois-heta-aqua-805\/\",\"url\":\"https:\/\/magiedufeu.ch\/fr\/produit\/poele-a-bois-heta-aqua-805\/\",\"name\":\"Po\u00eale \u00e0 Bois Scan-Line AQUA 805 HETA Pierre ollaire - Mosoni-Vuissoz Magie du Feu\",\"isPartOf\":{\"@id\":\"https:\/\/magiedufeu.ch\/#website\"},\"primaryImageOfPage\":{\"@id\":\"https:\/\/magiedufeu.ch\/fr\/produit\/poele-a-bois-heta-aqua-805\/#primaryimage\"},\"image\":{\"@id\":\"https:\/\/magiedufeu.ch\/fr\/produit\/poele-a-bois-heta-aqua-805\/#primaryimage\"},\"thumbnailUrl\":\"https:\/\/magiedufeu.ch\/wp-content\/uploads\/2024\/09\/Design-sans-titre-2.webp?wsr\",\"datePublished\":\"2024-09-12T09:40:25+00:00\",\"dateModified\":\"2025-11-18T21:11:41+00:00\",\"description\":\"Gr\u00e2ce \u00e0 l\u2019innovation de ce po\u00eale, vous aurez une r\u00e9gulation constante de la temp\u00e9rature qui assure une combustion uniforme et une utilisation optimale ...\",\"breadcrumb\":{\"@id\":\"https:\/\/magiedufeu.ch\/fr\/produit\/poele-a-bois-heta-aqua-805\/#breadcrumb\"},\"inLanguage\":\"fr-FR\",\"potentialAction\":[{\"@type\":\"ReadAction\",\"target\":[\"https:\/\/magiedufeu.ch\/fr\/produit\/poele-a-bois-heta-aqua-805\/\"]}]},{\"@type\":\"ImageObject\",\"inLanguage\":\"fr-FR\",\"@id\":\"https:\/\/magiedufeu.ch\/fr\/produit\/poele-a-bois-heta-aqua-805\/#primaryimage\",\"url\":\"https:\/\/magiedufeu.ch\/wp-content\/uploads\/2024\/09\/Design-sans-titre-2.webp?wsr\",\"contentUrl\":\"https:\/\/magiedufeu.ch\/wp-content\/uploads\/2024\/09\/Design-sans-titre-2.webp?wsr\",\"width\":1080,\"height\":1080},{\"@type\":\"BreadcrumbList\",\"@id\":\"https:\/\/magiedufeu.ch\/fr\/produit\/poele-a-bois-heta-aqua-805\/#breadcrumb\",\"itemListElement\":[{\"@type\":\"ListItem\",\"position\":1,\"name\":\"Accueil\",\"item\":\"https:\/\/magiedufeu.ch\/\"},{\"@type\":\"ListItem\",\"position\":2,\"name\":\"Boutique\",\"item\":\"https:\/\/magiedufeu.ch\/fr\/boutique\/\"},{\"@type\":\"ListItem\",\"position\":3,\"name\":\"Po\u00eale \u00e0 Bois Scan-Line AQUA 805 HETA Pierre ollaire\"}]},{\"@type\":\"WebSite\",\"@id\":\"https:\/\/magiedufeu.ch\/#website\",\"url\":\"https:\/\/magiedufeu.ch\/\",\"name\":\"Mosoni-Vuissoz Magie du Feu\",\"description\":\"\",\"publisher\":{\"@id\":\"https:\/\/magiedufeu.ch\/#organization\"},\"potentialAction\":[{\"@type\":\"SearchAction\",\"target\":{\"@type\":\"EntryPoint\",\"urlTemplate\":\"https:\/\/magiedufeu.ch\/?s={search_term_string}\"},\"query-input\":{\"@type\":\"PropertyValueSpecification\",\"valueRequired\":true,\"valueName\":\"search_term_string\"}}],\"inLanguage\":\"fr-FR\"},{\"@type\":\"Organization\",\"@id\":\"https:\/\/magiedufeu.ch\/#organization\",\"name\":\"Mosoni-Vuissoz Magie du Feu\",\"url\":\"https:\/\/magiedufeu.ch\/\",\"logo\":{\"@type\":\"ImageObject\",\"inLanguage\":\"fr-FR\",\"@id\":\"https:\/\/magiedufeu.ch\/#\/schema\/logo\/image\/\",\"url\":\"https:\/\/magiedufeu.ch\/wp-content\/uploads\/2021\/06\/Mosoni-Vuissoz-logo-1024x536-1-46d285e0.png\",\"contentUrl\":\"https:\/\/magiedufeu.ch\/wp-content\/uploads\/2021\/06\/Mosoni-Vuissoz-logo-1024x536-1-46d285e0.png\",\"width\":200,\"height\":105,\"caption\":\"Mosoni-Vuissoz Magie du Feu\"},\"image\":{\"@id\":\"https:\/\/magiedufeu.ch\/#\/schema\/logo\/image\/\"},\"sameAs\":[\"https:\/\/www.facebook.com\/magiedufeu.mdf\/\"]}]}<\/script>\n<!-- \/ Yoast SEO plugin. -->","yoast_head_json":{"title":"Po\u00eale \u00e0 Bois Scan-Line AQUA 805 HETA Pierre ollaire - Mosoni-Vuissoz Magie du Feu","description":"Gr\u00e2ce \u00e0 l\u2019innovation de ce po\u00eale, vous aurez une r\u00e9gulation constante de la temp\u00e9rature qui assure une combustion uniforme et une utilisation optimale ...","robots":{"index":"index","follow":"follow","max-snippet":"max-snippet:-1","max-image-preview":"max-image-preview:large","max-video-preview":"max-video-preview:-1"},"canonical":"https:\/\/magiedufeu.ch\/fr\/produit\/poele-a-bois-heta-aqua-805\/","og_locale":"fr_FR","og_type":"article","og_title":"Po\u00eale \u00e0 Bois Scan-Line AQUA 805 HETA Pierre ollaire - Mosoni-Vuissoz Magie du Feu","og_description":"Gr\u00e2ce \u00e0 l\u2019innovation de ce po\u00eale, vous aurez une r\u00e9gulation constante de la temp\u00e9rature qui assure une combustion uniforme et une utilisation optimale ...","og_url":"https:\/\/magiedufeu.ch\/fr\/produit\/poele-a-bois-heta-aqua-805\/","og_site_name":"Mosoni-Vuissoz Magie du Feu","article_publisher":"https:\/\/www.facebook.com\/magiedufeu.mdf\/","article_modified_time":"2025-11-18T21:11:41+00:00","og_image":[{"width":1080,"height":1080,"url":"https:\/\/magiedufeu.ch\/wp-content\/uploads\/2024\/09\/Design-sans-titre-2.webp?wsr","type":"image\/webp"}],"twitter_card":"summary_large_image","twitter_misc":{"Dur\u00e9e de lecture estim\u00e9e":"2 minutes"},"schema":{"@context":"https:\/\/schema.org","@graph":[{"@type":"WebPage","@id":"https:\/\/magiedufeu.ch\/fr\/produit\/poele-a-bois-heta-aqua-805\/","url":"https:\/\/magiedufeu.ch\/fr\/produit\/poele-a-bois-heta-aqua-805\/","name":"Po\u00eale \u00e0 Bois Scan-Line AQUA 805 HETA Pierre ollaire - Mosoni-Vuissoz Magie du Feu","isPartOf":{"@id":"https:\/\/magiedufeu.ch\/#website"},"primaryImageOfPage":{"@id":"https:\/\/magiedufeu.ch\/fr\/produit\/poele-a-bois-heta-aqua-805\/#primaryimage"},"image":{"@id":"https:\/\/magiedufeu.ch\/fr\/produit\/poele-a-bois-heta-aqua-805\/#primaryimage"},"thumbnailUrl":"https:\/\/magiedufeu.ch\/wp-content\/uploads\/2024\/09\/Design-sans-titre-2.webp?wsr","datePublished":"2024-09-12T09:40:25+00:00","dateModified":"2025-11-18T21:11:41+00:00","description":"Gr\u00e2ce \u00e0 l\u2019innovation de ce po\u00eale, vous aurez une r\u00e9gulation constante de la temp\u00e9rature qui assure une combustion uniforme et une utilisation optimale ...","breadcrumb":{"@id":"https:\/\/magiedufeu.ch\/fr\/produit\/poele-a-bois-heta-aqua-805\/#breadcrumb"},"inLanguage":"fr-FR","potentialAction":[{"@type":"ReadAction","target":["https:\/\/magiedufeu.ch\/fr\/produit\/poele-a-bois-heta-aqua-805\/"]}]},{"@type":"ImageObject","inLanguage":"fr-FR","@id":"https:\/\/magiedufeu.ch\/fr\/produit\/poele-a-bois-heta-aqua-805\/#primaryimage","url":"https:\/\/magiedufeu.ch\/wp-content\/uploads\/2024\/09\/Design-sans-titre-2.webp?wsr","contentUrl":"https:\/\/magiedufeu.ch\/wp-content\/uploads\/2024\/09\/Design-sans-titre-2.webp?wsr","width":1080,"height":1080},{"@type":"BreadcrumbList","@id":"https:\/\/magiedufeu.ch\/fr\/produit\/poele-a-bois-heta-aqua-805\/#breadcrumb","itemListElement":[{"@type":"ListItem","position":1,"name":"Accueil","item":"https:\/\/magiedufeu.ch\/"},{"@type":"ListItem","position":2,"name":"Boutique","item":"https:\/\/magiedufeu.ch\/fr\/boutique\/"},{"@type":"ListItem","position":3,"name":"Po\u00eale \u00e0 Bois Scan-Line AQUA 805 HETA Pierre ollaire"}]},{"@type":"WebSite","@id":"https:\/\/magiedufeu.ch\/#website","url":"https:\/\/magiedufeu.ch\/","name":"Mosoni-Vuissoz Magie du Feu","description":"","publisher":{"@id":"https:\/\/magiedufeu.ch\/#organization"},"potentialAction":[{"@type":"SearchAction","target":{"@type":"EntryPoint","urlTemplate":"https:\/\/magiedufeu.ch\/?s={search_term_string}"},"query-input":{"@type":"PropertyValueSpecification","valueRequired":true,"valueName":"search_term_string"}}],"inLanguage":"fr-FR"},{"@type":"Organization","@id":"https:\/\/magiedufeu.ch\/#organization","name":"Mosoni-Vuissoz Magie du Feu","url":"https:\/\/magiedufeu.ch\/","logo":{"@type":"ImageObject","inLanguage":"fr-FR","@id":"https:\/\/magiedufeu.ch\/#\/schema\/logo\/image\/","url":"https:\/\/magiedufeu.ch\/wp-content\/uploads\/2021\/06\/Mosoni-Vuissoz-logo-1024x536-1-46d285e0.png","contentUrl":"https:\/\/magiedufeu.ch\/wp-content\/uploads\/2021\/06\/Mosoni-Vuissoz-logo-1024x536-1-46d285e0.png","width":200,"height":105,"caption":"Mosoni-Vuissoz Magie du Feu"},"image":{"@id":"https:\/\/magiedufeu.ch\/#\/schema\/logo\/image\/"},"sameAs":["https:\/\/www.facebook.com\/magiedufeu.mdf\/"]}]}},"_links":{"self":[{"href":"https:\/\/magiedufeu.ch\/fr\/wp-json\/wp\/v2\/product\/11325","targetHints":{"allow":["GET"]}}],"collection":[{"href":"https:\/\/magiedufeu.ch\/fr\/wp-json\/wp\/v2\/product"}],"about":[{"href":"https:\/\/magiedufeu.ch\/fr\/wp-json\/wp\/v2\/types\/product"}],"replies":[{"embeddable":true,"href":"https:\/\/magiedufeu.ch\/fr\/wp-json\/wp\/v2\/comments?post=11325"}],"wp:featuredmedia":[{"embeddable":true,"href":"https:\/\/magiedufeu.ch\/fr\/wp-json\/wp\/v2\/media\/12475"}],"wp:attachment":[{"href":"https:\/\/magiedufeu.ch\/fr\/wp-json\/wp\/v2\/media?parent=11325"}],"wp:term":[{"taxonomy":"product_cat","embeddable":true,"href":"https:\/\/magiedufeu.ch\/fr\/wp-json\/wp\/v2\/product_cat?post=11325"},{"taxonomy":"product_tag","embeddable":true,"href":"https:\/\/magiedufeu.ch\/fr\/wp-json\/wp\/v2\/product_tag?post=11325"}],"curies":[{"name":"wp","href":"https:\/\/api.w.org\/{rel}","templated":true}]}}