{"id":10388,"date":"2000-01-01T00:00:00","date_gmt":"2000-01-01T00:00:00","guid":{"rendered":"https:\/\/magiedufeu.ch\/?post_type=product&#038;p=10388"},"modified":"2026-03-25T12:36:29","modified_gmt":"2026-03-25T12:36:29","slug":"west-magic-fires-mini-poele-a-pellet-5kw-couleur-blanche","status":"publish","type":"product","link":"https:\/\/magiedufeu.ch\/fr\/produit\/west-magic-fires-mini-poele-a-pellet-5kw-couleur-blanche\/","title":{"rendered":"WEST-MAGIC FIRES MINI PO\u00caLE \u00c0 PELLETS 5KW COULEUR BLANCHE"},"content":{"rendered":"<p>Le po\u00eale \u00e0 pellets West-Magic Fires Mini 5kW de couleur blanche est le choix id\u00e9al pour chauffer votre maison de mani\u00e8re efficace et \u00e9l\u00e9gante. Avec une puissance de 5kW, ce po\u00eale \u00e0 pellets offre une chaleur agr\u00e9able et constante dans toutes les pi\u00e8ces de votre maison. Ce po\u00eale \u00e0 pellets n&#8217;est pas seulement performant, il est \u00e9galement facile \u00e0 utiliser. Son panneau de commande intuitif vous permet de r\u00e9gler la temp\u00e9rature et la puissance de chauffage selon vos pr\u00e9f\u00e9rences. Il dispose \u00e9galement d&#8217;une fonction de minuterie qui vous permet de planifier l&#8217;allumage et l&#8217;extinction du po\u00eale, pour un confort optimal. L&#8217;un des principaux avantages de ce po\u00eale \u00e0 pellets est sa grande capacit\u00e9 de stockage. Avec son r\u00e9servoir de granul\u00e9s de 15 kg, vous n&#8217;aurez pas \u00e0 vous soucier de le remplir fr\u00e9quemment. De plus, il est \u00e9quip\u00e9 d&#8217;un syst\u00e8me de combustion automatique qui garantit une utilisation efficace des granul\u00e9s, r\u00e9duisant ainsi les co\u00fbts de chauffage. En ce qui concerne la s\u00e9curit\u00e9, ce po\u00eale \u00e0 pellets est \u00e9quip\u00e9 d&#8217;un syst\u00e8me de s\u00e9curit\u00e9 avanc\u00e9 qui pr\u00e9vient les surchauffes et les surtensions. Vous pouvez donc l&#8217;utiliser en toute tranquillit\u00e9, sachant que votre maison est chauff\u00e9e de mani\u00e8re s\u00fbre et fiable. Avec le po\u00eale \u00e0 pellets West-Magic Fires Mini 5kW de couleur blanche, vous optez pour un produit de haute qualit\u00e9 qui allie performance, facilit\u00e9 d&#8217;utilisation et s\u00e9curit\u00e9. Profitez d&#8217;une chaleur agr\u00e9able et constante tout en r\u00e9duisant vos co\u00fbts de chauffage. Ajoutez une touche d&#8217;\u00e9l\u00e9gance \u00e0 votre int\u00e9rieur avec ce po\u00eale \u00e0 pellets au design moderne et \u00e9pur\u00e9. Offrez-vous le confort et la chaleur dont vous avez besoin avec le po\u00eale \u00e0 pellets West-Magic Fires Mini 5kW de couleur blanche. Ne laissez pas le froid p\u00e9n\u00e9trer dans votre maison. Optez pour la qualit\u00e9 et l&#8217;efficacit\u00e9 pour un hiver chaud et agr\u00e9able. Puissance (kW) : 5<br \/>\n\u00d8 sortie de fum\u00e9e (mm) : 80<br \/>\nPoids (kg) : 50<br \/>\nDimensions de l&#8217;appareil (H x L x P) (mm) : 880 x 470 x 280<br \/>\nProduction de fum\u00e9e (g\/s) : 2,7<br \/>\nType : po\u00eale \u00e0 feu continu<br \/>\nCombustible : Pellet<br \/>\nRaccordement du conduit de fum\u00e9e : en haut, \u00e0 l&#8217;arri\u00e8re<br \/>\nVolume de chauffe maximal (m\u00b2) : 104<br \/>\nDistances de s\u00e9curit\u00e9 \u00e0 l&#8217;arri\u00e8re \/ sur les c\u00f4t\u00e9s \/ dans la zone de rayonnement (mm) : 200 \/ 200 \/ 800<br \/>\nCouleur : blanc<br \/>\nRendement env.: 89 % <\/p>\n<p>&nbsp;<\/p>\n","protected":false},"excerpt":{"rendered":"<p>Le po\u00eale \u00e0 pellets West-Magic Fires Mini 5kW de couleur blanche est le choix id\u00e9al pour chauffer votre maison de mani\u00e8re efficace et \u00e9l\u00e9gante. Avec une puissance de 5kW, ce po\u00eale \u00e0 pellets offre une chaleur agr\u00e9able et constante dans toutes les pi\u00e8ces de votre maison. Ce po\u00eale \u00e0 pellets n&#8217;est pas seulement performant, il est \u00e9galement facile \u00e0 utiliser. Son panneau de commande intuitif vous permet de r\u00e9gler la temp\u00e9rature et la puissance de chauffage selon vos pr\u00e9f\u00e9rences. Il dispose \u00e9galement d&#8217;une fonction de minuterie qui vous permet de planifier l&#8217;allumage et l&#8217;extinction du po\u00eale, pour un confort optimal. L&#8217;un des principaux avantages de ce po\u00eale \u00e0 pellets est sa grande capacit\u00e9 de stockage. Avec son r\u00e9servoir de granul\u00e9s de 15 kg, vous n&#8217;aurez pas \u00e0 vous soucier de le remplir fr\u00e9quemment. De plus, il est \u00e9quip\u00e9 d&#8217;un syst\u00e8me de combustion automatique qui garantit une utilisation efficace des granul\u00e9s, r\u00e9duisant ainsi les co\u00fbts de chauffage. En ce qui concerne la s\u00e9curit\u00e9, ce po\u00eale \u00e0 pellets est \u00e9quip\u00e9 d&#8217;un syst\u00e8me de s\u00e9curit\u00e9 avanc\u00e9 qui pr\u00e9vient les surchauffes et les surtensions. Vous pouvez donc l&#8217;utiliser en toute tranquillit\u00e9, sachant que votre maison est chauff\u00e9e de mani\u00e8re s\u00fbre et fiable. Avec le po\u00eale \u00e0 pellets West-Magic Fires Mini 5kW de couleur blanche, vous optez pour un produit de haute qualit\u00e9 qui allie performance, facilit\u00e9 d&#8217;utilisation et s\u00e9curit\u00e9. Profitez d&#8217;une chaleur agr\u00e9able et constante tout en r\u00e9duisant vos co\u00fbts de chauffage. Ajoutez une touche d&#8217;\u00e9l\u00e9gance \u00e0 votre int\u00e9rieur avec ce po\u00eale \u00e0 pellets au design moderne et \u00e9pur\u00e9. Offrez-vous le confort et la chaleur dont vous avez besoin avec le po\u00eale \u00e0 pellets West-Magic Fires Mini 5kW de couleur blanche. Ne laissez pas le froid p\u00e9n\u00e9trer dans votre maison. Optez pour la qualit\u00e9 et l&#8217;efficacit\u00e9 pour un hiver chaud et agr\u00e9able. Puissance (kW) : 5<br \/>\n\u00d8 sortie de fum\u00e9e (mm) : 80<br \/>\nPoids (kg) : 50<br \/>\nDimensions de l&#8217;appareil (H x L x P) (mm) : 880 x 470 x 280<br \/>\nProduction de fum\u00e9e (g\/s) : 2,7<br \/>\nType : po\u00eale \u00e0 feu continu<br \/>\nCombustible : Pellet<br \/>\nRaccordement du conduit de fum\u00e9e : en haut, \u00e0 l&#8217;arri\u00e8re<br \/>\nVolume de chauffe maximal (m\u00b2) : 104<br \/>\nDistances de s\u00e9curit\u00e9 \u00e0 l&#8217;arri\u00e8re \/ sur les c\u00f4t\u00e9s \/ dans la zone de rayonnement (mm) : 200 \/ 200 \/ 800<br \/>\nCouleur : blanc<br \/>\nRendement env.: 89 % <\/p>\n<p>&nbsp;<\/p>\n","protected":false},"featured_media":11006,"comment_status":"closed","ping_status":"closed","template":"","meta":[],"product_cat":[213,207],"product_tag":[],"class_list":{"0":"post-10388","1":"product","2":"type-product","3":"status-publish","4":"has-post-thumbnail","6":"product_cat-pellets-fr-2","7":"product_cat-poeles","9":"first","10":"instock","11":"taxable","12":"shipping-taxable","13":"purchasable","14":"product-type-simple"},"yoast_head":"<!-- This site is optimized with the Yoast SEO plugin v23.7 - https:\/\/yoast.com\/wordpress\/plugins\/seo\/ -->\n<title>WEST-MAGIC FIRES MINI PO\u00caLE \u00c0 PELLETS 5KW COULEUR BLANCHE - Mosoni-Vuissoz Magie du Feu<\/title>\n<meta name=\"robots\" content=\"index, follow, max-snippet:-1, max-image-preview:large, max-video-preview:-1\" \/>\n<link rel=\"canonical\" href=\"https:\/\/magiedufeu.ch\/fr\/produit\/west-magic-fires-mini-poele-a-pellet-5kw-couleur-blanche\/\" \/>\n<meta property=\"og:locale\" content=\"fr_FR\" \/>\n<meta property=\"og:type\" content=\"article\" \/>\n<meta property=\"og:title\" content=\"WEST-MAGIC FIRES MINI PO\u00caLE \u00c0 PELLETS 5KW COULEUR BLANCHE - Mosoni-Vuissoz Magie du Feu\" \/>\n<meta property=\"og:description\" content=\"Le po\u00eale \u00e0 pellets West-Magic Fires Mini 5kW de couleur blanche est le choix id\u00e9al pour chauffer votre maison de mani\u00e8re efficace et \u00e9l\u00e9gante. Avec une puissance de 5kW, ce po\u00eale \u00e0 pellets offre une chaleur agr\u00e9able et constante dans toutes les pi\u00e8ces de votre maison. Ce po\u00eale \u00e0 pellets n&#039;est pas seulement performant, il est \u00e9galement facile \u00e0 utiliser. Son panneau de commande intuitif vous permet de r\u00e9gler la temp\u00e9rature et la puissance de chauffage selon vos pr\u00e9f\u00e9rences. Il dispose \u00e9galement d&#039;une fonction de minuterie qui vous permet de planifier l&#039;allumage et l&#039;extinction du po\u00eale, pour un confort optimal. L&#039;un des principaux avantages de ce po\u00eale \u00e0 pellets est sa grande capacit\u00e9 de stockage. Avec son r\u00e9servoir de granul\u00e9s de 15 kg, vous n&#039;aurez pas \u00e0 vous soucier de le remplir fr\u00e9quemment. De plus, il est \u00e9quip\u00e9 d&#039;un syst\u00e8me de combustion automatique qui garantit une utilisation efficace des granul\u00e9s, r\u00e9duisant ainsi les co\u00fbts de chauffage. En ce qui concerne la s\u00e9curit\u00e9, ce po\u00eale \u00e0 pellets est \u00e9quip\u00e9 d&#039;un syst\u00e8me de s\u00e9curit\u00e9 avanc\u00e9 qui pr\u00e9vient les surchauffes et les surtensions. Vous pouvez donc l&#039;utiliser en toute tranquillit\u00e9, sachant que votre maison est chauff\u00e9e de mani\u00e8re s\u00fbre et fiable. Avec le po\u00eale \u00e0 pellets West-Magic Fires Mini 5kW de couleur blanche, vous optez pour un produit de haute qualit\u00e9 qui allie performance, facilit\u00e9 d&#039;utilisation et s\u00e9curit\u00e9. Profitez d&#039;une chaleur agr\u00e9able et constante tout en r\u00e9duisant vos co\u00fbts de chauffage. Ajoutez une touche d&#039;\u00e9l\u00e9gance \u00e0 votre int\u00e9rieur avec ce po\u00eale \u00e0 pellets au design moderne et \u00e9pur\u00e9. Offrez-vous le confort et la chaleur dont vous avez besoin avec le po\u00eale \u00e0 pellets West-Magic Fires Mini 5kW de couleur blanche. Ne laissez pas le froid p\u00e9n\u00e9trer dans votre maison. Optez pour la qualit\u00e9 et l&#039;efficacit\u00e9 pour un hiver chaud et agr\u00e9able. Puissance (kW) : 5 \u00d8 sortie de fum\u00e9e (mm) : 80 Poids (kg) : 50 Dimensions de l&#039;appareil (H x L x P) (mm) : 880 x 470 x 280 Production de fum\u00e9e (g\/s) : 2,7 Type : po\u00eale \u00e0 feu continu Combustible : Pellet Raccordement du conduit de fum\u00e9e : en haut, \u00e0 l&#039;arri\u00e8re Volume de chauffe maximal (m\u00b2) : 104 Distances de s\u00e9curit\u00e9 \u00e0 l&#039;arri\u00e8re \/ sur les c\u00f4t\u00e9s \/ dans la zone de rayonnement (mm) : 200 \/ 200 \/ 800 Couleur : blanc Rendement env.: 89 %                   &nbsp;\" \/>\n<meta property=\"og:url\" content=\"https:\/\/magiedufeu.ch\/fr\/produit\/west-magic-fires-mini-poele-a-pellet-5kw-couleur-blanche\/\" \/>\n<meta property=\"og:site_name\" content=\"Mosoni-Vuissoz Magie du Feu\" \/>\n<meta property=\"article:publisher\" content=\"https:\/\/www.facebook.com\/magiedufeu.mdf\/\" \/>\n<meta property=\"article:modified_time\" content=\"2026-03-25T12:36:29+00:00\" \/>\n<meta property=\"og:image\" content=\"https:\/\/magiedufeu.ch\/wp-content\/uploads\/2024\/09\/MAGIC-FIRES-PELLET-2-1.png?wsr\" \/>\n\t<meta property=\"og:image:width\" content=\"1080\" \/>\n\t<meta property=\"og:image:height\" content=\"1080\" \/>\n\t<meta property=\"og:image:type\" content=\"image\/png\" \/>\n<meta name=\"twitter:card\" content=\"summary_large_image\" \/>\n<meta name=\"twitter:label1\" content=\"Dur\u00e9e de lecture estim\u00e9e\" \/>\n\t<meta name=\"twitter:data1\" content=\"3 minutes\" \/>\n<script type=\"application\/ld+json\" class=\"yoast-schema-graph\">{\"@context\":\"https:\/\/schema.org\",\"@graph\":[{\"@type\":\"WebPage\",\"@id\":\"https:\/\/magiedufeu.ch\/fr\/produit\/west-magic-fires-mini-poele-a-pellet-5kw-couleur-blanche\/\",\"url\":\"https:\/\/magiedufeu.ch\/fr\/produit\/west-magic-fires-mini-poele-a-pellet-5kw-couleur-blanche\/\",\"name\":\"WEST-MAGIC FIRES MINI PO\u00caLE \u00c0 PELLETS 5KW COULEUR BLANCHE - Mosoni-Vuissoz Magie du Feu\",\"isPartOf\":{\"@id\":\"https:\/\/magiedufeu.ch\/#website\"},\"primaryImageOfPage\":{\"@id\":\"https:\/\/magiedufeu.ch\/fr\/produit\/west-magic-fires-mini-poele-a-pellet-5kw-couleur-blanche\/#primaryimage\"},\"image\":{\"@id\":\"https:\/\/magiedufeu.ch\/fr\/produit\/west-magic-fires-mini-poele-a-pellet-5kw-couleur-blanche\/#primaryimage\"},\"thumbnailUrl\":\"https:\/\/magiedufeu.ch\/wp-content\/uploads\/2024\/09\/MAGIC-FIRES-PELLET-2-1.png?wsr\",\"datePublished\":\"2000-01-01T00:00:00+00:00\",\"dateModified\":\"2026-03-25T12:36:29+00:00\",\"breadcrumb\":{\"@id\":\"https:\/\/magiedufeu.ch\/fr\/produit\/west-magic-fires-mini-poele-a-pellet-5kw-couleur-blanche\/#breadcrumb\"},\"inLanguage\":\"fr-FR\",\"potentialAction\":[{\"@type\":\"ReadAction\",\"target\":[\"https:\/\/magiedufeu.ch\/fr\/produit\/west-magic-fires-mini-poele-a-pellet-5kw-couleur-blanche\/\"]}]},{\"@type\":\"ImageObject\",\"inLanguage\":\"fr-FR\",\"@id\":\"https:\/\/magiedufeu.ch\/fr\/produit\/west-magic-fires-mini-poele-a-pellet-5kw-couleur-blanche\/#primaryimage\",\"url\":\"https:\/\/magiedufeu.ch\/wp-content\/uploads\/2024\/09\/MAGIC-FIRES-PELLET-2-1.png?wsr\",\"contentUrl\":\"https:\/\/magiedufeu.ch\/wp-content\/uploads\/2024\/09\/MAGIC-FIRES-PELLET-2-1.png?wsr\",\"width\":1080,\"height\":1080},{\"@type\":\"BreadcrumbList\",\"@id\":\"https:\/\/magiedufeu.ch\/fr\/produit\/west-magic-fires-mini-poele-a-pellet-5kw-couleur-blanche\/#breadcrumb\",\"itemListElement\":[{\"@type\":\"ListItem\",\"position\":1,\"name\":\"Accueil\",\"item\":\"https:\/\/magiedufeu.ch\/\"},{\"@type\":\"ListItem\",\"position\":2,\"name\":\"Boutique\",\"item\":\"https:\/\/magiedufeu.ch\/fr\/boutique\/\"},{\"@type\":\"ListItem\",\"position\":3,\"name\":\"WEST-MAGIC FIRES MINI PO\u00caLE \u00c0 PELLETS 5KW COULEUR BLANCHE\"}]},{\"@type\":\"WebSite\",\"@id\":\"https:\/\/magiedufeu.ch\/#website\",\"url\":\"https:\/\/magiedufeu.ch\/\",\"name\":\"Mosoni-Vuissoz Magie du Feu\",\"description\":\"\",\"publisher\":{\"@id\":\"https:\/\/magiedufeu.ch\/#organization\"},\"potentialAction\":[{\"@type\":\"SearchAction\",\"target\":{\"@type\":\"EntryPoint\",\"urlTemplate\":\"https:\/\/magiedufeu.ch\/?s={search_term_string}\"},\"query-input\":{\"@type\":\"PropertyValueSpecification\",\"valueRequired\":true,\"valueName\":\"search_term_string\"}}],\"inLanguage\":\"fr-FR\"},{\"@type\":\"Organization\",\"@id\":\"https:\/\/magiedufeu.ch\/#organization\",\"name\":\"Mosoni-Vuissoz Magie du Feu\",\"url\":\"https:\/\/magiedufeu.ch\/\",\"logo\":{\"@type\":\"ImageObject\",\"inLanguage\":\"fr-FR\",\"@id\":\"https:\/\/magiedufeu.ch\/#\/schema\/logo\/image\/\",\"url\":\"https:\/\/magiedufeu.ch\/wp-content\/uploads\/2021\/06\/Mosoni-Vuissoz-logo-1024x536-1-46d285e0.png\",\"contentUrl\":\"https:\/\/magiedufeu.ch\/wp-content\/uploads\/2021\/06\/Mosoni-Vuissoz-logo-1024x536-1-46d285e0.png\",\"width\":200,\"height\":105,\"caption\":\"Mosoni-Vuissoz Magie du Feu\"},\"image\":{\"@id\":\"https:\/\/magiedufeu.ch\/#\/schema\/logo\/image\/\"},\"sameAs\":[\"https:\/\/www.facebook.com\/magiedufeu.mdf\/\"]}]}<\/script>\n<!-- \/ Yoast SEO plugin. -->","yoast_head_json":{"title":"WEST-MAGIC FIRES MINI PO\u00caLE \u00c0 PELLETS 5KW COULEUR BLANCHE - Mosoni-Vuissoz Magie du Feu","robots":{"index":"index","follow":"follow","max-snippet":"max-snippet:-1","max-image-preview":"max-image-preview:large","max-video-preview":"max-video-preview:-1"},"canonical":"https:\/\/magiedufeu.ch\/fr\/produit\/west-magic-fires-mini-poele-a-pellet-5kw-couleur-blanche\/","og_locale":"fr_FR","og_type":"article","og_title":"WEST-MAGIC FIRES MINI PO\u00caLE \u00c0 PELLETS 5KW COULEUR BLANCHE - Mosoni-Vuissoz Magie du Feu","og_description":"Le po\u00eale \u00e0 pellets West-Magic Fires Mini 5kW de couleur blanche est le choix id\u00e9al pour chauffer votre maison de mani\u00e8re efficace et \u00e9l\u00e9gante. Avec une puissance de 5kW, ce po\u00eale \u00e0 pellets offre une chaleur agr\u00e9able et constante dans toutes les pi\u00e8ces de votre maison. Ce po\u00eale \u00e0 pellets n'est pas seulement performant, il est \u00e9galement facile \u00e0 utiliser. Son panneau de commande intuitif vous permet de r\u00e9gler la temp\u00e9rature et la puissance de chauffage selon vos pr\u00e9f\u00e9rences. Il dispose \u00e9galement d'une fonction de minuterie qui vous permet de planifier l'allumage et l'extinction du po\u00eale, pour un confort optimal. L'un des principaux avantages de ce po\u00eale \u00e0 pellets est sa grande capacit\u00e9 de stockage. Avec son r\u00e9servoir de granul\u00e9s de 15 kg, vous n'aurez pas \u00e0 vous soucier de le remplir fr\u00e9quemment. De plus, il est \u00e9quip\u00e9 d'un syst\u00e8me de combustion automatique qui garantit une utilisation efficace des granul\u00e9s, r\u00e9duisant ainsi les co\u00fbts de chauffage. En ce qui concerne la s\u00e9curit\u00e9, ce po\u00eale \u00e0 pellets est \u00e9quip\u00e9 d'un syst\u00e8me de s\u00e9curit\u00e9 avanc\u00e9 qui pr\u00e9vient les surchauffes et les surtensions. Vous pouvez donc l'utiliser en toute tranquillit\u00e9, sachant que votre maison est chauff\u00e9e de mani\u00e8re s\u00fbre et fiable. Avec le po\u00eale \u00e0 pellets West-Magic Fires Mini 5kW de couleur blanche, vous optez pour un produit de haute qualit\u00e9 qui allie performance, facilit\u00e9 d'utilisation et s\u00e9curit\u00e9. Profitez d'une chaleur agr\u00e9able et constante tout en r\u00e9duisant vos co\u00fbts de chauffage. Ajoutez une touche d'\u00e9l\u00e9gance \u00e0 votre int\u00e9rieur avec ce po\u00eale \u00e0 pellets au design moderne et \u00e9pur\u00e9. Offrez-vous le confort et la chaleur dont vous avez besoin avec le po\u00eale \u00e0 pellets West-Magic Fires Mini 5kW de couleur blanche. Ne laissez pas le froid p\u00e9n\u00e9trer dans votre maison. Optez pour la qualit\u00e9 et l'efficacit\u00e9 pour un hiver chaud et agr\u00e9able. Puissance (kW) : 5 \u00d8 sortie de fum\u00e9e (mm) : 80 Poids (kg) : 50 Dimensions de l'appareil (H x L x P) (mm) : 880 x 470 x 280 Production de fum\u00e9e (g\/s) : 2,7 Type : po\u00eale \u00e0 feu continu Combustible : Pellet Raccordement du conduit de fum\u00e9e : en haut, \u00e0 l'arri\u00e8re Volume de chauffe maximal (m\u00b2) : 104 Distances de s\u00e9curit\u00e9 \u00e0 l'arri\u00e8re \/ sur les c\u00f4t\u00e9s \/ dans la zone de rayonnement (mm) : 200 \/ 200 \/ 800 Couleur : blanc Rendement env.: 89 %                   &nbsp;","og_url":"https:\/\/magiedufeu.ch\/fr\/produit\/west-magic-fires-mini-poele-a-pellet-5kw-couleur-blanche\/","og_site_name":"Mosoni-Vuissoz Magie du Feu","article_publisher":"https:\/\/www.facebook.com\/magiedufeu.mdf\/","article_modified_time":"2026-03-25T12:36:29+00:00","og_image":[{"width":1080,"height":1080,"url":"https:\/\/magiedufeu.ch\/wp-content\/uploads\/2024\/09\/MAGIC-FIRES-PELLET-2-1.png?wsr","type":"image\/png"}],"twitter_card":"summary_large_image","twitter_misc":{"Dur\u00e9e de lecture estim\u00e9e":"3 minutes"},"schema":{"@context":"https:\/\/schema.org","@graph":[{"@type":"WebPage","@id":"https:\/\/magiedufeu.ch\/fr\/produit\/west-magic-fires-mini-poele-a-pellet-5kw-couleur-blanche\/","url":"https:\/\/magiedufeu.ch\/fr\/produit\/west-magic-fires-mini-poele-a-pellet-5kw-couleur-blanche\/","name":"WEST-MAGIC FIRES MINI PO\u00caLE \u00c0 PELLETS 5KW COULEUR BLANCHE - Mosoni-Vuissoz Magie du Feu","isPartOf":{"@id":"https:\/\/magiedufeu.ch\/#website"},"primaryImageOfPage":{"@id":"https:\/\/magiedufeu.ch\/fr\/produit\/west-magic-fires-mini-poele-a-pellet-5kw-couleur-blanche\/#primaryimage"},"image":{"@id":"https:\/\/magiedufeu.ch\/fr\/produit\/west-magic-fires-mini-poele-a-pellet-5kw-couleur-blanche\/#primaryimage"},"thumbnailUrl":"https:\/\/magiedufeu.ch\/wp-content\/uploads\/2024\/09\/MAGIC-FIRES-PELLET-2-1.png?wsr","datePublished":"2000-01-01T00:00:00+00:00","dateModified":"2026-03-25T12:36:29+00:00","breadcrumb":{"@id":"https:\/\/magiedufeu.ch\/fr\/produit\/west-magic-fires-mini-poele-a-pellet-5kw-couleur-blanche\/#breadcrumb"},"inLanguage":"fr-FR","potentialAction":[{"@type":"ReadAction","target":["https:\/\/magiedufeu.ch\/fr\/produit\/west-magic-fires-mini-poele-a-pellet-5kw-couleur-blanche\/"]}]},{"@type":"ImageObject","inLanguage":"fr-FR","@id":"https:\/\/magiedufeu.ch\/fr\/produit\/west-magic-fires-mini-poele-a-pellet-5kw-couleur-blanche\/#primaryimage","url":"https:\/\/magiedufeu.ch\/wp-content\/uploads\/2024\/09\/MAGIC-FIRES-PELLET-2-1.png?wsr","contentUrl":"https:\/\/magiedufeu.ch\/wp-content\/uploads\/2024\/09\/MAGIC-FIRES-PELLET-2-1.png?wsr","width":1080,"height":1080},{"@type":"BreadcrumbList","@id":"https:\/\/magiedufeu.ch\/fr\/produit\/west-magic-fires-mini-poele-a-pellet-5kw-couleur-blanche\/#breadcrumb","itemListElement":[{"@type":"ListItem","position":1,"name":"Accueil","item":"https:\/\/magiedufeu.ch\/"},{"@type":"ListItem","position":2,"name":"Boutique","item":"https:\/\/magiedufeu.ch\/fr\/boutique\/"},{"@type":"ListItem","position":3,"name":"WEST-MAGIC FIRES MINI PO\u00caLE \u00c0 PELLETS 5KW COULEUR BLANCHE"}]},{"@type":"WebSite","@id":"https:\/\/magiedufeu.ch\/#website","url":"https:\/\/magiedufeu.ch\/","name":"Mosoni-Vuissoz Magie du Feu","description":"","publisher":{"@id":"https:\/\/magiedufeu.ch\/#organization"},"potentialAction":[{"@type":"SearchAction","target":{"@type":"EntryPoint","urlTemplate":"https:\/\/magiedufeu.ch\/?s={search_term_string}"},"query-input":{"@type":"PropertyValueSpecification","valueRequired":true,"valueName":"search_term_string"}}],"inLanguage":"fr-FR"},{"@type":"Organization","@id":"https:\/\/magiedufeu.ch\/#organization","name":"Mosoni-Vuissoz Magie du Feu","url":"https:\/\/magiedufeu.ch\/","logo":{"@type":"ImageObject","inLanguage":"fr-FR","@id":"https:\/\/magiedufeu.ch\/#\/schema\/logo\/image\/","url":"https:\/\/magiedufeu.ch\/wp-content\/uploads\/2021\/06\/Mosoni-Vuissoz-logo-1024x536-1-46d285e0.png","contentUrl":"https:\/\/magiedufeu.ch\/wp-content\/uploads\/2021\/06\/Mosoni-Vuissoz-logo-1024x536-1-46d285e0.png","width":200,"height":105,"caption":"Mosoni-Vuissoz Magie du Feu"},"image":{"@id":"https:\/\/magiedufeu.ch\/#\/schema\/logo\/image\/"},"sameAs":["https:\/\/www.facebook.com\/magiedufeu.mdf\/"]}]}},"_links":{"self":[{"href":"https:\/\/magiedufeu.ch\/fr\/wp-json\/wp\/v2\/product\/10388","targetHints":{"allow":["GET"]}}],"collection":[{"href":"https:\/\/magiedufeu.ch\/fr\/wp-json\/wp\/v2\/product"}],"about":[{"href":"https:\/\/magiedufeu.ch\/fr\/wp-json\/wp\/v2\/types\/product"}],"replies":[{"embeddable":true,"href":"https:\/\/magiedufeu.ch\/fr\/wp-json\/wp\/v2\/comments?post=10388"}],"wp:featuredmedia":[{"embeddable":true,"href":"https:\/\/magiedufeu.ch\/fr\/wp-json\/wp\/v2\/media\/11006"}],"wp:attachment":[{"href":"https:\/\/magiedufeu.ch\/fr\/wp-json\/wp\/v2\/media?parent=10388"}],"wp:term":[{"taxonomy":"product_cat","embeddable":true,"href":"https:\/\/magiedufeu.ch\/fr\/wp-json\/wp\/v2\/product_cat?post=10388"},{"taxonomy":"product_tag","embeddable":true,"href":"https:\/\/magiedufeu.ch\/fr\/wp-json\/wp\/v2\/product_tag?post=10388"}],"curies":[{"name":"wp","href":"https:\/\/api.w.org\/{rel}","templated":true}]}}