{"id":10080,"date":"2000-01-01T00:00:00","date_gmt":"2000-01-01T00:00:00","guid":{"rendered":"https:\/\/magiedufeu.ch\/?post_type=product&#038;p=10080"},"modified":"2025-11-11T13:32:05","modified_gmt":"2025-11-11T13:32:05","slug":"wamsler-cuisiniere-a-bois-w3-50-noir-acier-poignee-elegance","status":"publish","type":"product","link":"https:\/\/magiedufeu.ch\/fr\/produit\/wamsler-cuisiniere-a-bois-w3-50-noir-acier-poignee-elegance\/","title":{"rendered":"CUISINI\u00c8RE \u00c0 BOIS W3-50 NOIR ACIER POIGN\u00c9E \u00c9L\u00c9GANCE"},"content":{"rendered":"<p>La Green Box, la chambre de combustion du W3, assure une combustion presque sans r\u00e9sidus gr\u00e2ce \u00e0 un triple air et au syst\u00e8me Feuplus. Avec le syst\u00e8me de chauffage automatique, le chauffage est un jeu d&#8217;enfant. Un capteur de temp\u00e9rature int\u00e9gr\u00e9 r\u00e9gule l&#8217;arriv\u00e9e d&#8217;air pendant la phase de chauffage et, pendant le fonctionnement, les commandes claires permettent un r\u00e9glage pr\u00e9cis du volet de chauffage et de l&#8217;air primaire. La fonction Airlogic adapte l&#8217;arriv\u00e9e d&#8217;air au combustible s\u00e9lectionn\u00e9 afin de garantir un apport d&#8217;air optimal. Le W3 offre une surface de cuisson utilisable de mani\u00e8re optimale dans toutes les situations, avec des points chauds pour une \u00e9bullition rapide et des zones pour continuer \u00e0 cuire ou \u00e0 r\u00e9chauffer. Les fonctions Easy-Clean et le syst\u00e8me de contact et de charge du chargeur offrent beaucoup de commodit\u00e9. Poign\u00e9e r\u00e9frig\u00e9rante, fonction de refroidissement et de nettoyage de la vitre et ISOplus L&#8217;\u00e9quipement pour une int\u00e9gration compl\u00e8te garantit une isolation thermique optimale. Le W3 est \u00e9quip\u00e9 de s\u00e9rie d&#8217;une prise d&#8217;air ext\u00e9rieur en option, qui peut \u00eatre utilis\u00e9e pour l&#8217;alimentation en air de combustion depuis l&#8217;ext\u00e9rieur. Disponible en alternative avec une plaque c\u00e9ramique et une plaque combin\u00e9e. Buse d&#8217;\u00e9vacuation pour le raccordement sup\u00e9rieur et panneau ISO disponibles en tant qu&#8217;accessoires optionnels.<\/p>\n<p>&nbsp;<\/p>\n<p>Profondeur : 600 mm<\/p>\n<p>Largeur : 500 mm<\/p>\n<p>Hauteur : 920 mm<\/p>\n<p>Puissance calorifique nominale : 6 kW<\/p>\n<p>&nbsp;<\/p>\n<p><strong><a href=\"https:\/\/magiedufeu.ch\/wp-content\/uploads\/2000\/01\/DATENBLATT.W3-50.pdf\">DESSIN TECHNIQUE.W3-50<\/a><\/strong><\/p>\n","protected":false},"excerpt":{"rendered":"<p>Profondeur : 600 mm<\/p>\n<p>&nbsp;<\/p>\n<p>Largeur : 500 mm<\/p>\n<p>&nbsp;<\/p>\n<p>Hauteur : 920 mm<\/p>\n<p>&nbsp;<\/p>\n<p>Puissance calorifique nominale : 6 kW<\/p>\n<p>&nbsp;<\/p>\n","protected":false},"featured_media":11849,"comment_status":"closed","ping_status":"closed","template":"","meta":[],"product_cat":[165,166],"product_tag":[2415,769,577,568,2416,2414,589],"class_list":{"0":"post-10080","1":"product","2":"type-product","3":"status-publish","4":"has-post-thumbnail","6":"product_cat-bois-cuisinieres","7":"product_cat-cuisinieres","8":"product_tag-85cm","9":"product_tag-acier","10":"product_tag-cuisiniere-a-bois","11":"product_tag-noir","12":"product_tag-poignee-elegance","13":"product_tag-w3-50","14":"product_tag-wamsler","16":"first","17":"instock","18":"taxable","19":"shipping-taxable","20":"purchasable","21":"product-type-simple"},"yoast_head":"<!-- This site is optimized with the Yoast SEO plugin v23.7 - https:\/\/yoast.com\/wordpress\/plugins\/seo\/ -->\n<title>CUISINI\u00c8RE \u00c0 BOIS W3-50 NOIR ACIER POIGN\u00c9E \u00c9L\u00c9GANCE - Mosoni-Vuissoz Magie du Feu<\/title>\n<meta name=\"robots\" content=\"index, follow, max-snippet:-1, max-image-preview:large, max-video-preview:-1\" \/>\n<link rel=\"canonical\" href=\"https:\/\/magiedufeu.ch\/fr\/produit\/wamsler-cuisiniere-a-bois-w3-50-noir-acier-poignee-elegance\/\" \/>\n<meta property=\"og:locale\" content=\"fr_FR\" \/>\n<meta property=\"og:type\" content=\"article\" \/>\n<meta property=\"og:title\" content=\"CUISINI\u00c8RE \u00c0 BOIS W3-50 NOIR ACIER POIGN\u00c9E \u00c9L\u00c9GANCE - Mosoni-Vuissoz Magie du Feu\" \/>\n<meta property=\"og:description\" content=\"Profondeur : 600 mm  &nbsp;  Largeur : 500 mm  &nbsp;  Hauteur : 920 mm  &nbsp;  Puissance calorifique nominale : 6 kW  &nbsp;\" \/>\n<meta property=\"og:url\" content=\"https:\/\/magiedufeu.ch\/fr\/produit\/wamsler-cuisiniere-a-bois-w3-50-noir-acier-poignee-elegance\/\" \/>\n<meta property=\"og:site_name\" content=\"Mosoni-Vuissoz Magie du Feu\" \/>\n<meta property=\"article:publisher\" content=\"https:\/\/www.facebook.com\/magiedufeu.mdf\/\" \/>\n<meta property=\"article:modified_time\" content=\"2025-11-11T13:32:05+00:00\" \/>\n<meta property=\"og:image\" content=\"https:\/\/magiedufeu.ch\/wp-content\/uploads\/2000\/01\/Design-sans-titre-71.png?wsr\" \/>\n\t<meta property=\"og:image:width\" content=\"1080\" \/>\n\t<meta property=\"og:image:height\" content=\"1080\" \/>\n\t<meta property=\"og:image:type\" content=\"image\/png\" \/>\n<meta name=\"twitter:card\" content=\"summary_large_image\" \/>\n<meta name=\"twitter:label1\" content=\"Dur\u00e9e de lecture estim\u00e9e\" \/>\n\t<meta name=\"twitter:data1\" content=\"2 minutes\" \/>\n<script type=\"application\/ld+json\" class=\"yoast-schema-graph\">{\"@context\":\"https:\/\/schema.org\",\"@graph\":[{\"@type\":\"WebPage\",\"@id\":\"https:\/\/magiedufeu.ch\/fr\/produit\/wamsler-cuisiniere-a-bois-w3-50-noir-acier-poignee-elegance\/\",\"url\":\"https:\/\/magiedufeu.ch\/fr\/produit\/wamsler-cuisiniere-a-bois-w3-50-noir-acier-poignee-elegance\/\",\"name\":\"CUISINI\u00c8RE \u00c0 BOIS W3-50 NOIR ACIER POIGN\u00c9E \u00c9L\u00c9GANCE - Mosoni-Vuissoz Magie du Feu\",\"isPartOf\":{\"@id\":\"https:\/\/magiedufeu.ch\/#website\"},\"primaryImageOfPage\":{\"@id\":\"https:\/\/magiedufeu.ch\/fr\/produit\/wamsler-cuisiniere-a-bois-w3-50-noir-acier-poignee-elegance\/#primaryimage\"},\"image\":{\"@id\":\"https:\/\/magiedufeu.ch\/fr\/produit\/wamsler-cuisiniere-a-bois-w3-50-noir-acier-poignee-elegance\/#primaryimage\"},\"thumbnailUrl\":\"https:\/\/magiedufeu.ch\/wp-content\/uploads\/2000\/01\/Design-sans-titre-71.png?wsr\",\"datePublished\":\"2000-01-01T00:00:00+00:00\",\"dateModified\":\"2025-11-11T13:32:05+00:00\",\"breadcrumb\":{\"@id\":\"https:\/\/magiedufeu.ch\/fr\/produit\/wamsler-cuisiniere-a-bois-w3-50-noir-acier-poignee-elegance\/#breadcrumb\"},\"inLanguage\":\"fr-FR\",\"potentialAction\":[{\"@type\":\"ReadAction\",\"target\":[\"https:\/\/magiedufeu.ch\/fr\/produit\/wamsler-cuisiniere-a-bois-w3-50-noir-acier-poignee-elegance\/\"]}]},{\"@type\":\"ImageObject\",\"inLanguage\":\"fr-FR\",\"@id\":\"https:\/\/magiedufeu.ch\/fr\/produit\/wamsler-cuisiniere-a-bois-w3-50-noir-acier-poignee-elegance\/#primaryimage\",\"url\":\"https:\/\/magiedufeu.ch\/wp-content\/uploads\/2000\/01\/Design-sans-titre-71.png?wsr\",\"contentUrl\":\"https:\/\/magiedufeu.ch\/wp-content\/uploads\/2000\/01\/Design-sans-titre-71.png?wsr\",\"width\":1080,\"height\":1080},{\"@type\":\"BreadcrumbList\",\"@id\":\"https:\/\/magiedufeu.ch\/fr\/produit\/wamsler-cuisiniere-a-bois-w3-50-noir-acier-poignee-elegance\/#breadcrumb\",\"itemListElement\":[{\"@type\":\"ListItem\",\"position\":1,\"name\":\"Accueil\",\"item\":\"https:\/\/magiedufeu.ch\/\"},{\"@type\":\"ListItem\",\"position\":2,\"name\":\"Boutique\",\"item\":\"https:\/\/magiedufeu.ch\/fr\/boutique\/\"},{\"@type\":\"ListItem\",\"position\":3,\"name\":\"CUISINI\u00c8RE \u00c0 BOIS W3-50 NOIR ACIER POIGN\u00c9E \u00c9L\u00c9GANCE\"}]},{\"@type\":\"WebSite\",\"@id\":\"https:\/\/magiedufeu.ch\/#website\",\"url\":\"https:\/\/magiedufeu.ch\/\",\"name\":\"Mosoni-Vuissoz Magie du Feu\",\"description\":\"\",\"publisher\":{\"@id\":\"https:\/\/magiedufeu.ch\/#organization\"},\"potentialAction\":[{\"@type\":\"SearchAction\",\"target\":{\"@type\":\"EntryPoint\",\"urlTemplate\":\"https:\/\/magiedufeu.ch\/?s={search_term_string}\"},\"query-input\":{\"@type\":\"PropertyValueSpecification\",\"valueRequired\":true,\"valueName\":\"search_term_string\"}}],\"inLanguage\":\"fr-FR\"},{\"@type\":\"Organization\",\"@id\":\"https:\/\/magiedufeu.ch\/#organization\",\"name\":\"Mosoni-Vuissoz Magie du Feu\",\"url\":\"https:\/\/magiedufeu.ch\/\",\"logo\":{\"@type\":\"ImageObject\",\"inLanguage\":\"fr-FR\",\"@id\":\"https:\/\/magiedufeu.ch\/#\/schema\/logo\/image\/\",\"url\":\"https:\/\/magiedufeu.ch\/wp-content\/uploads\/2021\/06\/Mosoni-Vuissoz-logo-1024x536-1-46d285e0.png\",\"contentUrl\":\"https:\/\/magiedufeu.ch\/wp-content\/uploads\/2021\/06\/Mosoni-Vuissoz-logo-1024x536-1-46d285e0.png\",\"width\":200,\"height\":105,\"caption\":\"Mosoni-Vuissoz Magie du Feu\"},\"image\":{\"@id\":\"https:\/\/magiedufeu.ch\/#\/schema\/logo\/image\/\"},\"sameAs\":[\"https:\/\/www.facebook.com\/magiedufeu.mdf\/\"]}]}<\/script>\n<!-- \/ Yoast SEO plugin. -->","yoast_head_json":{"title":"CUISINI\u00c8RE \u00c0 BOIS W3-50 NOIR ACIER POIGN\u00c9E \u00c9L\u00c9GANCE - Mosoni-Vuissoz Magie du Feu","robots":{"index":"index","follow":"follow","max-snippet":"max-snippet:-1","max-image-preview":"max-image-preview:large","max-video-preview":"max-video-preview:-1"},"canonical":"https:\/\/magiedufeu.ch\/fr\/produit\/wamsler-cuisiniere-a-bois-w3-50-noir-acier-poignee-elegance\/","og_locale":"fr_FR","og_type":"article","og_title":"CUISINI\u00c8RE \u00c0 BOIS W3-50 NOIR ACIER POIGN\u00c9E \u00c9L\u00c9GANCE - Mosoni-Vuissoz Magie du Feu","og_description":"Profondeur : 600 mm  &nbsp;  Largeur : 500 mm  &nbsp;  Hauteur : 920 mm  &nbsp;  Puissance calorifique nominale : 6 kW  &nbsp;","og_url":"https:\/\/magiedufeu.ch\/fr\/produit\/wamsler-cuisiniere-a-bois-w3-50-noir-acier-poignee-elegance\/","og_site_name":"Mosoni-Vuissoz Magie du Feu","article_publisher":"https:\/\/www.facebook.com\/magiedufeu.mdf\/","article_modified_time":"2025-11-11T13:32:05+00:00","og_image":[{"width":1080,"height":1080,"url":"https:\/\/magiedufeu.ch\/wp-content\/uploads\/2000\/01\/Design-sans-titre-71.png?wsr","type":"image\/png"}],"twitter_card":"summary_large_image","twitter_misc":{"Dur\u00e9e de lecture estim\u00e9e":"2 minutes"},"schema":{"@context":"https:\/\/schema.org","@graph":[{"@type":"WebPage","@id":"https:\/\/magiedufeu.ch\/fr\/produit\/wamsler-cuisiniere-a-bois-w3-50-noir-acier-poignee-elegance\/","url":"https:\/\/magiedufeu.ch\/fr\/produit\/wamsler-cuisiniere-a-bois-w3-50-noir-acier-poignee-elegance\/","name":"CUISINI\u00c8RE \u00c0 BOIS W3-50 NOIR ACIER POIGN\u00c9E \u00c9L\u00c9GANCE - Mosoni-Vuissoz Magie du Feu","isPartOf":{"@id":"https:\/\/magiedufeu.ch\/#website"},"primaryImageOfPage":{"@id":"https:\/\/magiedufeu.ch\/fr\/produit\/wamsler-cuisiniere-a-bois-w3-50-noir-acier-poignee-elegance\/#primaryimage"},"image":{"@id":"https:\/\/magiedufeu.ch\/fr\/produit\/wamsler-cuisiniere-a-bois-w3-50-noir-acier-poignee-elegance\/#primaryimage"},"thumbnailUrl":"https:\/\/magiedufeu.ch\/wp-content\/uploads\/2000\/01\/Design-sans-titre-71.png?wsr","datePublished":"2000-01-01T00:00:00+00:00","dateModified":"2025-11-11T13:32:05+00:00","breadcrumb":{"@id":"https:\/\/magiedufeu.ch\/fr\/produit\/wamsler-cuisiniere-a-bois-w3-50-noir-acier-poignee-elegance\/#breadcrumb"},"inLanguage":"fr-FR","potentialAction":[{"@type":"ReadAction","target":["https:\/\/magiedufeu.ch\/fr\/produit\/wamsler-cuisiniere-a-bois-w3-50-noir-acier-poignee-elegance\/"]}]},{"@type":"ImageObject","inLanguage":"fr-FR","@id":"https:\/\/magiedufeu.ch\/fr\/produit\/wamsler-cuisiniere-a-bois-w3-50-noir-acier-poignee-elegance\/#primaryimage","url":"https:\/\/magiedufeu.ch\/wp-content\/uploads\/2000\/01\/Design-sans-titre-71.png?wsr","contentUrl":"https:\/\/magiedufeu.ch\/wp-content\/uploads\/2000\/01\/Design-sans-titre-71.png?wsr","width":1080,"height":1080},{"@type":"BreadcrumbList","@id":"https:\/\/magiedufeu.ch\/fr\/produit\/wamsler-cuisiniere-a-bois-w3-50-noir-acier-poignee-elegance\/#breadcrumb","itemListElement":[{"@type":"ListItem","position":1,"name":"Accueil","item":"https:\/\/magiedufeu.ch\/"},{"@type":"ListItem","position":2,"name":"Boutique","item":"https:\/\/magiedufeu.ch\/fr\/boutique\/"},{"@type":"ListItem","position":3,"name":"CUISINI\u00c8RE \u00c0 BOIS W3-50 NOIR ACIER POIGN\u00c9E \u00c9L\u00c9GANCE"}]},{"@type":"WebSite","@id":"https:\/\/magiedufeu.ch\/#website","url":"https:\/\/magiedufeu.ch\/","name":"Mosoni-Vuissoz Magie du Feu","description":"","publisher":{"@id":"https:\/\/magiedufeu.ch\/#organization"},"potentialAction":[{"@type":"SearchAction","target":{"@type":"EntryPoint","urlTemplate":"https:\/\/magiedufeu.ch\/?s={search_term_string}"},"query-input":{"@type":"PropertyValueSpecification","valueRequired":true,"valueName":"search_term_string"}}],"inLanguage":"fr-FR"},{"@type":"Organization","@id":"https:\/\/magiedufeu.ch\/#organization","name":"Mosoni-Vuissoz Magie du Feu","url":"https:\/\/magiedufeu.ch\/","logo":{"@type":"ImageObject","inLanguage":"fr-FR","@id":"https:\/\/magiedufeu.ch\/#\/schema\/logo\/image\/","url":"https:\/\/magiedufeu.ch\/wp-content\/uploads\/2021\/06\/Mosoni-Vuissoz-logo-1024x536-1-46d285e0.png","contentUrl":"https:\/\/magiedufeu.ch\/wp-content\/uploads\/2021\/06\/Mosoni-Vuissoz-logo-1024x536-1-46d285e0.png","width":200,"height":105,"caption":"Mosoni-Vuissoz Magie du Feu"},"image":{"@id":"https:\/\/magiedufeu.ch\/#\/schema\/logo\/image\/"},"sameAs":["https:\/\/www.facebook.com\/magiedufeu.mdf\/"]}]}},"_links":{"self":[{"href":"https:\/\/magiedufeu.ch\/fr\/wp-json\/wp\/v2\/product\/10080","targetHints":{"allow":["GET"]}}],"collection":[{"href":"https:\/\/magiedufeu.ch\/fr\/wp-json\/wp\/v2\/product"}],"about":[{"href":"https:\/\/magiedufeu.ch\/fr\/wp-json\/wp\/v2\/types\/product"}],"replies":[{"embeddable":true,"href":"https:\/\/magiedufeu.ch\/fr\/wp-json\/wp\/v2\/comments?post=10080"}],"wp:featuredmedia":[{"embeddable":true,"href":"https:\/\/magiedufeu.ch\/fr\/wp-json\/wp\/v2\/media\/11849"}],"wp:attachment":[{"href":"https:\/\/magiedufeu.ch\/fr\/wp-json\/wp\/v2\/media?parent=10080"}],"wp:term":[{"taxonomy":"product_cat","embeddable":true,"href":"https:\/\/magiedufeu.ch\/fr\/wp-json\/wp\/v2\/product_cat?post=10080"},{"taxonomy":"product_tag","embeddable":true,"href":"https:\/\/magiedufeu.ch\/fr\/wp-json\/wp\/v2\/product_tag?post=10080"}],"curies":[{"name":"wp","href":"https:\/\/api.w.org\/{rel}","templated":true}]}}