{"id":10073,"date":"2000-01-01T00:00:00","date_gmt":"2000-01-01T00:00:00","guid":{"rendered":"https:\/\/magiedufeu.ch\/?post_type=product&#038;p=10073"},"modified":"2024-11-07T14:08:02","modified_gmt":"2024-11-07T14:08:02","slug":"wamsler-cuisiniere-a-bois-k138f-l-gris-cashmire","status":"publish","type":"product","link":"https:\/\/magiedufeu.ch\/fr\/produit\/wamsler-cuisiniere-a-bois-k138f-l-gris-cashmire\/","title":{"rendered":"WAMSLER CUISINI\u00c8RE \u00c0 BOIS K138F L GRIS CASHMIRE"},"content":{"rendered":"<p>Une ambiance \u00e9l\u00e9gante pour la cuisine : cet \u00e9l\u00e9gant po\u00eale impressionne jusque dans les moindres d\u00e9tails avec une finition pr\u00e9cise, des mat\u00e9riaux de qualit\u00e9 et une fonctionnalit\u00e9 maximale. \u00c9quip\u00e9 d&#8217;une fen\u00eatre, d&#8217;une plaque vitroc\u00e9ramique facile \u00e0 nettoyer et d&#8217;un cadre de four stable en acier inoxydable, le po\u00eale d&#8217;endurance K 138 F dispose d&#8217;une r\u00f4tissoire confortable de grande taille avec affichage de la temp\u00e9rature, d&#8217;une chambre de combustion spacieuse et du syst\u00e8me efficace de r\u00e9duction des \u00e9missions polluantes de Wamsler (SRS). Le double tirage bavarois assure une r\u00e9partition uniforme de la chaleur et permet ainsi d&#8217;obtenir des r\u00e9sultats de grillade optimaux. Le volet de chauffage, l&#8217;arriv\u00e9e d&#8217;air et la puissance de ce po\u00eale \u00e0 bois se commandent ais\u00e9ment sur le cadre du po\u00eale et, gr\u00e2ce aux pieds r\u00e9glables en hauteur (+5 cm), il s&#8217;int\u00e8gre facilement dans le coin cuisine. Le K 138F est \u00e9galement disponible avec une plaque en acier robuste et solide.<\/p>\n<p>&nbsp;<\/p>\n<p>Profondeur : 600 mm<\/p>\n<p>Largeur : 905 mm<\/p>\n<p>Hauteur : 850 mm<\/p>\n<p>Puissance calorifique nominale : 7 kW<\/p>\n<p>&nbsp;<\/p>\n<p><strong><a href=\"https:\/\/magiedufeu.ch\/wp-content\/uploads\/2000\/01\/DATENBLATT.K138F.pdf\">DESSIN TECHNIQUE.K138F<\/a><\/strong><\/p>\n","protected":false},"excerpt":{"rendered":"<p>Profondeur : 600 mm<\/p>\n<p>&nbsp;<\/p>\n<p>Largeur : 905 mm<\/p>\n<p>&nbsp;<\/p>\n<p>Hauteur : 850 mm<\/p>\n<p>&nbsp;<\/p>\n<p>Puissance calorifique nominale : 7 kW<\/p>\n<p>&nbsp;<\/p>\n","protected":false},"featured_media":11851,"comment_status":"closed","ping_status":"closed","template":"","meta":[],"product_cat":[165,166],"product_tag":[2424,769,2423,577,2422,591,2421,2329,589],"class_list":{"0":"post-10073","1":"product","2":"type-product","3":"status-publish","4":"has-post-thumbnail","6":"product_cat-bois-cuisinieres","7":"product_cat-cuisinieres","8":"product_tag-accessoires-chromes","9":"product_tag-acier","10":"product_tag-av-plaque-cuisson","11":"product_tag-cuisiniere-a-bois","12":"product_tag-four-gauche","13":"product_tag-gris-cashmire","14":"product_tag-k138f-l","15":"product_tag-refr","16":"product_tag-wamsler","18":"first","19":"instock","20":"taxable","21":"shipping-taxable","22":"purchasable","23":"product-type-simple"},"yoast_head":"<!-- This site is optimized with the Yoast SEO plugin v23.7 - https:\/\/yoast.com\/wordpress\/plugins\/seo\/ -->\n<title>WAMSLER CUISINI\u00c8RE \u00c0 BOIS K138F L GRIS CASHMIRE - Mosoni-Vuissoz Magie du Feu<\/title>\n<meta name=\"robots\" content=\"index, follow, max-snippet:-1, max-image-preview:large, max-video-preview:-1\" \/>\n<link rel=\"canonical\" href=\"https:\/\/magiedufeu.ch\/fr\/produit\/wamsler-cuisiniere-a-bois-k138f-l-gris-cashmire\/\" \/>\n<meta property=\"og:locale\" content=\"fr_FR\" \/>\n<meta property=\"og:type\" content=\"article\" \/>\n<meta property=\"og:title\" content=\"WAMSLER CUISINI\u00c8RE \u00c0 BOIS K138F L GRIS CASHMIRE - Mosoni-Vuissoz Magie du Feu\" \/>\n<meta property=\"og:description\" content=\"Profondeur : 600 mm  &nbsp;  Largeur : 905 mm  &nbsp;  Hauteur : 850 mm  &nbsp;  Puissance calorifique nominale : 7 kW  &nbsp;\" \/>\n<meta property=\"og:url\" content=\"https:\/\/magiedufeu.ch\/fr\/produit\/wamsler-cuisiniere-a-bois-k138f-l-gris-cashmire\/\" \/>\n<meta property=\"og:site_name\" content=\"Mosoni-Vuissoz Magie du Feu\" \/>\n<meta property=\"article:publisher\" content=\"https:\/\/www.facebook.com\/magiedufeu.mdf\/\" \/>\n<meta property=\"article:modified_time\" content=\"2024-11-07T14:08:02+00:00\" \/>\n<meta property=\"og:image\" content=\"https:\/\/magiedufeu.ch\/wp-content\/uploads\/2000\/01\/Design-sans-titre-72.png?wsr\" \/>\n\t<meta property=\"og:image:width\" content=\"1080\" \/>\n\t<meta property=\"og:image:height\" content=\"1080\" \/>\n\t<meta property=\"og:image:type\" content=\"image\/png\" \/>\n<meta name=\"twitter:card\" content=\"summary_large_image\" \/>\n<meta name=\"twitter:label1\" content=\"Dur\u00e9e de lecture estim\u00e9e\" \/>\n\t<meta name=\"twitter:data1\" content=\"2 minutes\" \/>\n<script type=\"application\/ld+json\" class=\"yoast-schema-graph\">{\"@context\":\"https:\/\/schema.org\",\"@graph\":[{\"@type\":\"WebPage\",\"@id\":\"https:\/\/magiedufeu.ch\/fr\/produit\/wamsler-cuisiniere-a-bois-k138f-l-gris-cashmire\/\",\"url\":\"https:\/\/magiedufeu.ch\/fr\/produit\/wamsler-cuisiniere-a-bois-k138f-l-gris-cashmire\/\",\"name\":\"WAMSLER CUISINI\u00c8RE \u00c0 BOIS K138F L GRIS CASHMIRE - Mosoni-Vuissoz Magie du Feu\",\"isPartOf\":{\"@id\":\"https:\/\/magiedufeu.ch\/#website\"},\"primaryImageOfPage\":{\"@id\":\"https:\/\/magiedufeu.ch\/fr\/produit\/wamsler-cuisiniere-a-bois-k138f-l-gris-cashmire\/#primaryimage\"},\"image\":{\"@id\":\"https:\/\/magiedufeu.ch\/fr\/produit\/wamsler-cuisiniere-a-bois-k138f-l-gris-cashmire\/#primaryimage\"},\"thumbnailUrl\":\"https:\/\/magiedufeu.ch\/wp-content\/uploads\/2000\/01\/Design-sans-titre-72.png?wsr\",\"datePublished\":\"2000-01-01T00:00:00+00:00\",\"dateModified\":\"2024-11-07T14:08:02+00:00\",\"breadcrumb\":{\"@id\":\"https:\/\/magiedufeu.ch\/fr\/produit\/wamsler-cuisiniere-a-bois-k138f-l-gris-cashmire\/#breadcrumb\"},\"inLanguage\":\"fr-FR\",\"potentialAction\":[{\"@type\":\"ReadAction\",\"target\":[\"https:\/\/magiedufeu.ch\/fr\/produit\/wamsler-cuisiniere-a-bois-k138f-l-gris-cashmire\/\"]}]},{\"@type\":\"ImageObject\",\"inLanguage\":\"fr-FR\",\"@id\":\"https:\/\/magiedufeu.ch\/fr\/produit\/wamsler-cuisiniere-a-bois-k138f-l-gris-cashmire\/#primaryimage\",\"url\":\"https:\/\/magiedufeu.ch\/wp-content\/uploads\/2000\/01\/Design-sans-titre-72.png?wsr\",\"contentUrl\":\"https:\/\/magiedufeu.ch\/wp-content\/uploads\/2000\/01\/Design-sans-titre-72.png?wsr\",\"width\":1080,\"height\":1080},{\"@type\":\"BreadcrumbList\",\"@id\":\"https:\/\/magiedufeu.ch\/fr\/produit\/wamsler-cuisiniere-a-bois-k138f-l-gris-cashmire\/#breadcrumb\",\"itemListElement\":[{\"@type\":\"ListItem\",\"position\":1,\"name\":\"Accueil\",\"item\":\"https:\/\/magiedufeu.ch\/\"},{\"@type\":\"ListItem\",\"position\":2,\"name\":\"Boutique\",\"item\":\"https:\/\/magiedufeu.ch\/fr\/boutique\/\"},{\"@type\":\"ListItem\",\"position\":3,\"name\":\"WAMSLER CUISINI\u00c8RE \u00c0 BOIS K138F L GRIS CASHMIRE\"}]},{\"@type\":\"WebSite\",\"@id\":\"https:\/\/magiedufeu.ch\/#website\",\"url\":\"https:\/\/magiedufeu.ch\/\",\"name\":\"Mosoni-Vuissoz Magie du Feu\",\"description\":\"\",\"publisher\":{\"@id\":\"https:\/\/magiedufeu.ch\/#organization\"},\"potentialAction\":[{\"@type\":\"SearchAction\",\"target\":{\"@type\":\"EntryPoint\",\"urlTemplate\":\"https:\/\/magiedufeu.ch\/?s={search_term_string}\"},\"query-input\":{\"@type\":\"PropertyValueSpecification\",\"valueRequired\":true,\"valueName\":\"search_term_string\"}}],\"inLanguage\":\"fr-FR\"},{\"@type\":\"Organization\",\"@id\":\"https:\/\/magiedufeu.ch\/#organization\",\"name\":\"Mosoni-Vuissoz Magie du Feu\",\"url\":\"https:\/\/magiedufeu.ch\/\",\"logo\":{\"@type\":\"ImageObject\",\"inLanguage\":\"fr-FR\",\"@id\":\"https:\/\/magiedufeu.ch\/#\/schema\/logo\/image\/\",\"url\":\"https:\/\/magiedufeu.ch\/wp-content\/uploads\/2021\/06\/Mosoni-Vuissoz-logo-1024x536-1-46d285e0.png\",\"contentUrl\":\"https:\/\/magiedufeu.ch\/wp-content\/uploads\/2021\/06\/Mosoni-Vuissoz-logo-1024x536-1-46d285e0.png\",\"width\":200,\"height\":105,\"caption\":\"Mosoni-Vuissoz Magie du Feu\"},\"image\":{\"@id\":\"https:\/\/magiedufeu.ch\/#\/schema\/logo\/image\/\"},\"sameAs\":[\"https:\/\/www.facebook.com\/magiedufeu.mdf\/\"]}]}<\/script>\n<!-- \/ Yoast SEO plugin. -->","yoast_head_json":{"title":"WAMSLER CUISINI\u00c8RE \u00c0 BOIS K138F L GRIS CASHMIRE - Mosoni-Vuissoz Magie du Feu","robots":{"index":"index","follow":"follow","max-snippet":"max-snippet:-1","max-image-preview":"max-image-preview:large","max-video-preview":"max-video-preview:-1"},"canonical":"https:\/\/magiedufeu.ch\/fr\/produit\/wamsler-cuisiniere-a-bois-k138f-l-gris-cashmire\/","og_locale":"fr_FR","og_type":"article","og_title":"WAMSLER CUISINI\u00c8RE \u00c0 BOIS K138F L GRIS CASHMIRE - Mosoni-Vuissoz Magie du Feu","og_description":"Profondeur : 600 mm  &nbsp;  Largeur : 905 mm  &nbsp;  Hauteur : 850 mm  &nbsp;  Puissance calorifique nominale : 7 kW  &nbsp;","og_url":"https:\/\/magiedufeu.ch\/fr\/produit\/wamsler-cuisiniere-a-bois-k138f-l-gris-cashmire\/","og_site_name":"Mosoni-Vuissoz Magie du Feu","article_publisher":"https:\/\/www.facebook.com\/magiedufeu.mdf\/","article_modified_time":"2024-11-07T14:08:02+00:00","og_image":[{"width":1080,"height":1080,"url":"https:\/\/magiedufeu.ch\/wp-content\/uploads\/2000\/01\/Design-sans-titre-72.png?wsr","type":"image\/png"}],"twitter_card":"summary_large_image","twitter_misc":{"Dur\u00e9e de lecture estim\u00e9e":"2 minutes"},"schema":{"@context":"https:\/\/schema.org","@graph":[{"@type":"WebPage","@id":"https:\/\/magiedufeu.ch\/fr\/produit\/wamsler-cuisiniere-a-bois-k138f-l-gris-cashmire\/","url":"https:\/\/magiedufeu.ch\/fr\/produit\/wamsler-cuisiniere-a-bois-k138f-l-gris-cashmire\/","name":"WAMSLER CUISINI\u00c8RE \u00c0 BOIS K138F L GRIS CASHMIRE - Mosoni-Vuissoz Magie du Feu","isPartOf":{"@id":"https:\/\/magiedufeu.ch\/#website"},"primaryImageOfPage":{"@id":"https:\/\/magiedufeu.ch\/fr\/produit\/wamsler-cuisiniere-a-bois-k138f-l-gris-cashmire\/#primaryimage"},"image":{"@id":"https:\/\/magiedufeu.ch\/fr\/produit\/wamsler-cuisiniere-a-bois-k138f-l-gris-cashmire\/#primaryimage"},"thumbnailUrl":"https:\/\/magiedufeu.ch\/wp-content\/uploads\/2000\/01\/Design-sans-titre-72.png?wsr","datePublished":"2000-01-01T00:00:00+00:00","dateModified":"2024-11-07T14:08:02+00:00","breadcrumb":{"@id":"https:\/\/magiedufeu.ch\/fr\/produit\/wamsler-cuisiniere-a-bois-k138f-l-gris-cashmire\/#breadcrumb"},"inLanguage":"fr-FR","potentialAction":[{"@type":"ReadAction","target":["https:\/\/magiedufeu.ch\/fr\/produit\/wamsler-cuisiniere-a-bois-k138f-l-gris-cashmire\/"]}]},{"@type":"ImageObject","inLanguage":"fr-FR","@id":"https:\/\/magiedufeu.ch\/fr\/produit\/wamsler-cuisiniere-a-bois-k138f-l-gris-cashmire\/#primaryimage","url":"https:\/\/magiedufeu.ch\/wp-content\/uploads\/2000\/01\/Design-sans-titre-72.png?wsr","contentUrl":"https:\/\/magiedufeu.ch\/wp-content\/uploads\/2000\/01\/Design-sans-titre-72.png?wsr","width":1080,"height":1080},{"@type":"BreadcrumbList","@id":"https:\/\/magiedufeu.ch\/fr\/produit\/wamsler-cuisiniere-a-bois-k138f-l-gris-cashmire\/#breadcrumb","itemListElement":[{"@type":"ListItem","position":1,"name":"Accueil","item":"https:\/\/magiedufeu.ch\/"},{"@type":"ListItem","position":2,"name":"Boutique","item":"https:\/\/magiedufeu.ch\/fr\/boutique\/"},{"@type":"ListItem","position":3,"name":"WAMSLER CUISINI\u00c8RE \u00c0 BOIS K138F L GRIS CASHMIRE"}]},{"@type":"WebSite","@id":"https:\/\/magiedufeu.ch\/#website","url":"https:\/\/magiedufeu.ch\/","name":"Mosoni-Vuissoz Magie du Feu","description":"","publisher":{"@id":"https:\/\/magiedufeu.ch\/#organization"},"potentialAction":[{"@type":"SearchAction","target":{"@type":"EntryPoint","urlTemplate":"https:\/\/magiedufeu.ch\/?s={search_term_string}"},"query-input":{"@type":"PropertyValueSpecification","valueRequired":true,"valueName":"search_term_string"}}],"inLanguage":"fr-FR"},{"@type":"Organization","@id":"https:\/\/magiedufeu.ch\/#organization","name":"Mosoni-Vuissoz Magie du Feu","url":"https:\/\/magiedufeu.ch\/","logo":{"@type":"ImageObject","inLanguage":"fr-FR","@id":"https:\/\/magiedufeu.ch\/#\/schema\/logo\/image\/","url":"https:\/\/magiedufeu.ch\/wp-content\/uploads\/2021\/06\/Mosoni-Vuissoz-logo-1024x536-1-46d285e0.png","contentUrl":"https:\/\/magiedufeu.ch\/wp-content\/uploads\/2021\/06\/Mosoni-Vuissoz-logo-1024x536-1-46d285e0.png","width":200,"height":105,"caption":"Mosoni-Vuissoz Magie du Feu"},"image":{"@id":"https:\/\/magiedufeu.ch\/#\/schema\/logo\/image\/"},"sameAs":["https:\/\/www.facebook.com\/magiedufeu.mdf\/"]}]}},"_links":{"self":[{"href":"https:\/\/magiedufeu.ch\/fr\/wp-json\/wp\/v2\/product\/10073","targetHints":{"allow":["GET"]}}],"collection":[{"href":"https:\/\/magiedufeu.ch\/fr\/wp-json\/wp\/v2\/product"}],"about":[{"href":"https:\/\/magiedufeu.ch\/fr\/wp-json\/wp\/v2\/types\/product"}],"replies":[{"embeddable":true,"href":"https:\/\/magiedufeu.ch\/fr\/wp-json\/wp\/v2\/comments?post=10073"}],"wp:featuredmedia":[{"embeddable":true,"href":"https:\/\/magiedufeu.ch\/fr\/wp-json\/wp\/v2\/media\/11851"}],"wp:attachment":[{"href":"https:\/\/magiedufeu.ch\/fr\/wp-json\/wp\/v2\/media?parent=10073"}],"wp:term":[{"taxonomy":"product_cat","embeddable":true,"href":"https:\/\/magiedufeu.ch\/fr\/wp-json\/wp\/v2\/product_cat?post=10073"},{"taxonomy":"product_tag","embeddable":true,"href":"https:\/\/magiedufeu.ch\/fr\/wp-json\/wp\/v2\/product_tag?post=10073"}],"curies":[{"name":"wp","href":"https:\/\/api.w.org\/{rel}","templated":true}]}}