{"id":902,"date":"2022-03-25T14:01:09","date_gmt":"2022-03-25T14:01:09","guid":{"rendered":"https:\/\/magiedufeu.ch\/cheminees-ouvertes-et-inserts-de-cheminee\/"},"modified":"2022-11-27T11:33:51","modified_gmt":"2022-11-27T11:33:51","slug":"cheminees-ouvertes-et-inserts-de-cheminee","status":"publish","type":"page","link":"https:\/\/magiedufeu.ch\/fr\/cheminees-ouvertes-et-inserts-de-cheminee\/","title":{"rendered":"Chemin\u00e9es ouvertes et inserts de chemin\u00e9e"},"content":{"rendered":"<div>\n<p>    <img decoding=\"async\" data-src=\"\/wp-content\/uploads\/2022\/02\/mosoni-1_0000_2.cheminee-et-insert.jpg\" alt=\"\" src=\"data:image\/gif;base64,R0lGODlhAQABAAAAACH5BAEKAAEALAAAAAABAAEAAAICTAEAOw==\" class=\"lazyload\" style=\"--smush-placeholder-width: 850px; --smush-placeholder-aspect-ratio: 850\/800;\"><noscript><img decoding=\"async\" src=\"\/wp-content\/uploads\/2022\/02\/mosoni-1_0000_2.cheminee-et-insert.jpg\" alt=\"\"><\/noscript><\/p>\n<h2>Chemin\u00e9es et inserts <\/h2>\n<\/div>\n<p>\n    <a href=\"https:\/\/magiedufeu.ch\/fr\/artikel\/\">Retour<\/a>\n<\/p>\n<ul>\n<li>\n<p>        <img decoding=\"async\" data-src=\"\/wp-content\/uploads\/2022\/02\/mosoni-1_0030_2.1Bois-.jpg\" alt=\"\" src=\"data:image\/gif;base64,R0lGODlhAQABAAAAACH5BAEKAAEALAAAAAABAAEAAAICTAEAOw==\" class=\"lazyload\" style=\"--smush-placeholder-width: 850px; --smush-placeholder-aspect-ratio: 850\/800;\"><noscript><img decoding=\"async\" src=\"\/wp-content\/uploads\/2022\/02\/mosoni-1_0030_2.1Bois-.jpg\" alt=\"\"><\/noscript><\/p>\n<h4>Bois <\/h4>\n<div>\n<p><a class=\"uk-button uk-button-text\">continuer la lecture<\/a><\/p>\n<\/div>\n<p><a href=\"https:\/\/magiedufeu.ch\/fr\/cat\u00e9gorie-de-produit\/cheminees-et-inserts\/bois\/\"><\/a><\/p>\n<\/li>\n<li>\n<p>        <img decoding=\"async\" data-src=\"\/wp-content\/uploads\/2022\/02\/mosoni-1_0029_2.2Pellets.jpg\" alt=\"\" src=\"data:image\/gif;base64,R0lGODlhAQABAAAAACH5BAEKAAEALAAAAAABAAEAAAICTAEAOw==\" class=\"lazyload\" style=\"--smush-placeholder-width: 850px; --smush-placeholder-aspect-ratio: 850\/800;\"><noscript><img decoding=\"async\" src=\"\/wp-content\/uploads\/2022\/02\/mosoni-1_0029_2.2Pellets.jpg\" alt=\"\"><\/noscript><\/p>\n<h4>Pellets <\/h4>\n<div>\n<p><a class=\"uk-button uk-button-text\">continuer la lecture<\/a><\/p>\n<\/div>\n<p><a href=\"https:\/\/magiedufeu.ch\/fr\/cat\u00e9gorie-de-produit\/cuisinieres\/pellets\/\"><\/a><\/p>\n<\/li>\n<li>\n<p>        <img decoding=\"async\" data-src=\"\/wp-content\/uploads\/2022\/02\/mosoni-1_0001_2.3Gaz-.jpg\" alt=\"\" src=\"data:image\/gif;base64,R0lGODlhAQABAAAAACH5BAEKAAEALAAAAAABAAEAAAICTAEAOw==\" class=\"lazyload\" style=\"--smush-placeholder-width: 850px; --smush-placeholder-aspect-ratio: 850\/800;\"><noscript><img decoding=\"async\" src=\"\/wp-content\/uploads\/2022\/02\/mosoni-1_0001_2.3Gaz-.jpg\" alt=\"\"><\/noscript><\/p>\n<h4>Gaz <\/h4>\n<div>\n<p><a class=\"uk-button uk-button-text\">continuer la lecture<\/a><\/p>\n<\/div>\n<p><a href=\"https:\/\/magiedufeu.ch\/fr\/cat\u00e9gorie-de-produit\/cheminees-et-inserts\/gaz\/\"><\/a><\/p>\n<\/li>\n<\/ul>\n<ul>\n<li>\n<p>        <img decoding=\"async\" data-src=\"\/wp-content\/uploads\/2022\/02\/mosoni-1_0006_2.4-electrique.jpg\" alt=\"\" src=\"data:image\/gif;base64,R0lGODlhAQABAAAAACH5BAEKAAEALAAAAAABAAEAAAICTAEAOw==\" class=\"lazyload\" style=\"--smush-placeholder-width: 850px; --smush-placeholder-aspect-ratio: 850\/800;\"><noscript><img decoding=\"async\" src=\"\/wp-content\/uploads\/2022\/02\/mosoni-1_0006_2.4-electrique.jpg\" alt=\"\"><\/noscript><\/p>\n<h4>Electrique <\/h4>\n<div>\n<p><a class=\"uk-button uk-button-text\">continuer la lecture<\/a><\/p>\n<\/div>\n<p><a href=\"https:\/\/magiedufeu.ch\/fr\/cat\u00e9gorie-de-produit\/cheminees-et-inserts\/electrique\/\"><\/a><\/p>\n<\/li>\n<li>\n<p>        <img decoding=\"async\" data-src=\"\/wp-content\/uploads\/2022\/02\/mosoni-1_0028_2.5-Design.jpg\" alt=\"\" src=\"data:image\/gif;base64,R0lGODlhAQABAAAAACH5BAEKAAEALAAAAAABAAEAAAICTAEAOw==\" class=\"lazyload\" style=\"--smush-placeholder-width: 850px; --smush-placeholder-aspect-ratio: 850\/800;\"><noscript><img decoding=\"async\" src=\"\/wp-content\/uploads\/2022\/02\/mosoni-1_0028_2.5-Design.jpg\" alt=\"\"><\/noscript><\/p>\n<h4>Design <\/h4>\n<div>\n<p><a class=\"uk-button uk-button-text\">continuer la lecture<\/a><\/p>\n<\/div>\n<p><a href=\"https:\/\/magiedufeu.ch\/fr\/cat\u00e9gorie-de-produit\/cheminees-et-inserts\/design\/\"><\/a><\/p>\n<\/li>\n<li>\n<p>        <img decoding=\"async\" data-src=\"\/wp-content\/uploads\/2022\/02\/mosoni-1_0027_2.6-Hydro-1.jpg\" alt=\"\" src=\"data:image\/gif;base64,R0lGODlhAQABAAAAACH5BAEKAAEALAAAAAABAAEAAAICTAEAOw==\" class=\"lazyload\" style=\"--smush-placeholder-width: 850px; --smush-placeholder-aspect-ratio: 850\/800;\"><noscript><img decoding=\"async\" src=\"\/wp-content\/uploads\/2022\/02\/mosoni-1_0027_2.6-Hydro-1.jpg\" alt=\"\"><\/noscript><\/p>\n<h4>Hydro <\/h4>\n<div>\n<p><a class=\"uk-button uk-button-text\">continuer la lecture<\/a><\/p>\n<\/div>\n<p><a href=\"https:\/\/magiedufeu.ch\/fr\/cat\u00e9gorie-de-produit\/cuisinieres\/hydro\/\"><\/a><\/p>\n<\/li>\n<\/ul>\n<p><img decoding=\"async\" data-src=\"\/wp-content\/uploads\/2021\/06\/icon_individuelle_beratung.svg\" alt=\"\" src=\"data:image\/gif;base64,R0lGODlhAQABAAAAACH5BAEKAAEALAAAAAABAAEAAAICTAEAOw==\" class=\"lazyload\"><noscript><img decoding=\"async\" src=\"\/wp-content\/uploads\/2021\/06\/icon_individuelle_beratung.svg\" alt=\"\"><\/noscript><\/p>\n<h2><span>Vous avez besoin de conseils personnalis\u00e9s ?<\/span><\/h2>\n<p>\n    <a href=\"https:\/\/magiedufeu.ch\/fr\/contact\/\">Contacter maintenant<\/a>\n<\/p>\n<p><!--more--><br \/>\n<!-- {\"children\":[{\"name\":\"Hero\",\"type\":\"section\",\"props\":{\"style\":\"default\",\"width\":\"\",\"vertical_align\":\"\",\"title_position\":\"top-left\",\"title_rotation\":\"left\",\"title_breakpoint\":\"xl\",\"image_position\":\"center-center\",\"height\":\"percent\",\"padding\":\"none\",\"padding_remove_top\":false,\"header_transparent\":\"light\",\"header_transparent_noplaceholder\":true},\"children\":[{\"name\":\"\",\"type\":\"row\",\"props\":{\"margin_remove_top\":false},\"children\":[{\"name\":\"\",\"type\":\"column\",\"props\":{\"image_position\":\"center-center\",\"media_overlay_gradient\":\"\",\"width_medium\":\"1-1\",\"position_sticky_breakpoint\":\"m\"},\"children\":[{\"name\":\"\",\"type\":\"slideshow\",\"props\":{\"show_title\":true,\"show_meta\":true,\"show_content\":true,\"show_link\":true,\"show_thumbnail\":true,\"slideshow_min_height\":\"500\",\"slideshow_autoplay_pause\":true,\"nav\":\"dotnav\",\"nav_position\":\"bottom-center\",\"nav_position_margin\":\"medium\",\"nav_align\":\"center\",\"nav_breakpoint\":\"\",\"thumbnav_width\":\"150\",\"thumbnav_height\":\"100\",\"slidenav\":\"bottom-right\",\"slidenav_margin\":\"\",\"slidenav_breakpoint\":\"m\",\"slidenav_outside_breakpoint\":\"xl\",\"overlay_position\":\"center\",\"overlay_animation\":\"parallax\",\"title_element\":\"h2\",\"meta_style\":\"h4\",\"meta_align\":\"above-title\",\"link_text\":\"Read more\",\"link_style\":\"default\",\"margin\":\"default\",\"slideshow_height\":\"percent\",\"slideshow_box_shadow\":\"\",\"slideshow_box_decoration\":\"\",\"slideshow_animation\":\"pull\",\"slideshow_kenburns\":\"\",\"nav_color\":\"\",\"slidenav_outside_color\":\"\",\"overlay_container\":\"\",\"overlay_container_padding\":\"\",\"overlay_width\":\"\",\"title_style\":\"heading-xlarge\",\"text_align\":\"center\",\"animation\":\"parallax\",\"slideshow_max_height\":\"\",\"container_padding_remove\":false,\"slidenav_hover\":false,\"slidenav_large\":true,\"margin_remove_top\":false,\"nav_below\":false,\"nav_margin\":\"\",\"nav_vertical\":false,\"overlay_parallax_scale_start\":\"\",\"overlay_parallax_scale_end\":\"\",\"title_parallax_scale_start\":\"\",\"title_parallax_scale_end\":\"\",\"title_parallax_rotate_start\":\"\",\"title_parallax_rotate_end\":\"\",\"title_parallax_x_start\":\"\",\"title_parallax_x_end\":\"\",\"overlay_parallax_x_start\":\"\",\"title_parallax_y_start\":\"\",\"thumbnav_nowrap\":true,\"meta_color\":\"muted\",\"parallax_breakpoint\":\"m\",\"parallax_target\":false,\"title_parallax_opacity_start\":\"\",\"title_parallax_opacity_end\":\"\",\"overlay_parallax_x_end\":\"\",\"overlay_parallax_y_end\":\"\",\"overlay_parallax_y_start\":\"\",\"title_parallax_y_end\":\"\",\"slideshow_velocity\":\"1.5\",\"image_width\":\"2560\",\"parallax_y_start\":\"0\",\"parallax_y_end\":\"-50\",\"thumbnav_svg_color\":\"emphasis\",\"meta_element\":\"div\",\"slideshow_autoplay\":true,\"slideshow_autoplay_interval\":\"11\",\"slideshow_kenburns_duration\":\"10\"},\"children\":[{\"name\":\"\",\"type\":\"slideshow_item\",\"props\":{\"text_color\":\"light\",\"image\":\"wp-content\\\/uploads\\\/2022\\\/02\\\/mosoni-1_0000_2.cheminee-et-insert.jpg\",\"title\":\"Chemin\\u00e9es et inserts \",\"content\":\"\",\"meta\":\"\",\"media_overlay\":\"rgba(22, 21, 21, 0.29)\"}}]}]}]},{\"type\":\"row\",\"props\":{\"width\":\"xlarge\"},\"children\":[{\"type\":\"column\",\"props\":{\"position_sticky_breakpoint\":\"m\",\"image_position\":\"center-center\",\"media_overlay_gradient\":\"\"},\"children\":[{\"type\":\"button\",\"props\":{\"grid_column_gap\":\"small\",\"grid_row_gap\":\"small\",\"margin\":\"default\"},\"children\":[{\"type\":\"button_item\",\"props\":{\"button_style\":\"link-muted\",\"icon_align\":\"left\",\"content\":\"Retour\",\"link\":\"https:\\\/\\\/magiedufeu.ch\\\/fr\\\/artikel\\\/\",\"icon\":\"arrow-left\"}}],\"name\":\"Retourner-Button FR\"}]}]}],\"modified\":\"2021-08-12T13:04:23.610Z\"},{\"name\":\"Galerie-ElementKATEGORIEN\",\"type\":\"section\",\"props\":{\"style\":\"default\",\"width\":\"\",\"vertical_align\":\"middle\",\"title_position\":\"top-left\",\"title_rotation\":\"left\",\"title_breakpoint\":\"xl\",\"image_position\":\"center-center\",\"padding_remove_top\":false,\"padding_remove_bottom\":true,\"animation_delay\":false},\"children\":[{\"name\":\"\",\"type\":\"row\",\"props\":{\"match\":false,\"margin_remove_bottom\":false,\"margin_remove_top\":false,\"column_gap\":\"small\",\"row_gap\":\"small\"},\"children\":[{\"name\":\"\",\"type\":\"column\",\"props\":{\"image_position\":\"center-center\",\"vertical_align\":\"middle\",\"media_overlay_gradient\":\"\",\"width_medium\":\"\",\"position_sticky_breakpoint\":\"m\"},\"children\":[{\"name\":\"\",\"type\":\"gallery\",\"props\":{\"show_title\":true,\"show_meta\":true,\"show_content\":true,\"show_link\":true,\"show_hover_image\":true,\"grid_default\":\"1\",\"grid_medium\":\"1\",\"filter_style\":\"tab\",\"filter_all\":true,\"filter_position\":\"top\",\"filter_align\":\"left\",\"filter_grid_width\":\"auto\",\"overlay_mode\":\"caption\",\"overlay_position\":\"center\",\"overlay_transition\":\"fade\",\"title_element\":\"h4\",\"meta_style\":\"\",\"meta_align\":\"below-title\",\"text_align\":\"center\",\"margin\":\"\",\"grid_small\":\"1\",\"overlay_style\":\"overlay-default\",\"text_color\":\"\",\"overlay_padding\":\"large\",\"overlay_margin\":\"large\",\"overlay_maxwidth\":\"large\",\"image_transition\":\"scale-up\",\"title_style\":\"h2\",\"item_animation\":true,\"overlay_hover\":false,\"image_width\":\"850\",\"link_text\":\"\",\"link_style\":\"default\",\"grid_column_gap\":\"small\",\"grid_row_gap\":\"small\",\"filter_grid_breakpoint\":\"m\",\"overlay_link\":true,\"title_hover_style\":\"reset\",\"meta_element\":\"div\",\"animation\":\"none\",\"image_height\":\"800\",\"grid_large\":\"3\"},\"children\":[{\"name\":\"\",\"type\":\"gallery_item\",\"props\":{\"title\":\"Bois \",\"image\":\"wp-content\\\/uploads\\\/2022\\\/02\\\/mosoni-1_0030_2.1Bois-.jpg\",\"content\":\"\n\n<p><a class=\\\"uk-button uk-button-text\\\">continuer la lecture<\\\/a><\\\/p>\",\"link\":\"https:\\\/\\\/magiedufeu.ch\\\/fr\\\/cat%C3%A9gorie-de-produit\\\/cheminees-et-inserts\\\/bois\\\/\",\"hover_image\":null}},{\"name\":\"\",\"type\":\"gallery_item\",\"props\":{\"title\":\"Pellets \",\"image\":\"wp-content\\\/uploads\\\/2022\\\/02\\\/mosoni-1_0029_2.2Pellets.jpg\",\"content\":\"\n\n<p><a class=\\\"uk-button uk-button-text\\\">continuer la lecture<\\\/a><\\\/p>\",\"link\":\"https:\\\/\\\/magiedufeu.ch\\\/fr\\\/cat%C3%A9gorie-de-produit\\\/cheminees-et-inserts\\\/pellets\\\/\",\"hover_image\":null}},{\"name\":\"\",\"type\":\"gallery_item\",\"props\":{\"title\":\"Gaz \",\"image\":\"wp-content\\\/uploads\\\/2022\\\/02\\\/mosoni-1_0001_2.3Gaz-.jpg\",\"content\":\"\n\n<p><a class=\\\"uk-button uk-button-text\\\">continuer la lecture<\\\/a><\\\/p>\",\"link\":\"https:\\\/\\\/magiedufeu.ch\\\/fr\\\/cat%C3%A9gorie-de-produit\\\/cheminees-et-inserts\\\/gaz\\\/\",\"hover_image\":null}}]}]}]},{\"name\":\"\",\"type\":\"row\",\"props\":{\"column_gap\":\"small\",\"row_gap\":\"small\"},\"children\":[{\"name\":\"\",\"type\":\"column\",\"props\":{\"image_position\":\"center-center\",\"media_overlay_gradient\":\"\",\"width_medium\":\"1-1\",\"position_sticky_breakpoint\":\"m\"},\"children\":[{\"name\":\"\",\"type\":\"gallery\",\"props\":{\"show_title\":true,\"show_meta\":true,\"show_content\":true,\"show_link\":true,\"show_hover_image\":true,\"grid_default\":\"1\",\"grid_medium\":\"1\",\"filter_style\":\"tab\",\"filter_all\":true,\"filter_position\":\"top\",\"filter_align\":\"left\",\"filter_grid_width\":\"auto\",\"overlay_mode\":\"caption\",\"overlay_position\":\"center\",\"overlay_transition\":\"fade\",\"title_element\":\"h4\",\"meta_style\":\"\",\"meta_align\":\"below-title\",\"text_align\":\"center\",\"margin\":\"\",\"grid_small\":\"1\",\"overlay_style\":\"overlay-default\",\"text_color\":\"\",\"overlay_padding\":\"large\",\"overlay_margin\":\"large\",\"overlay_maxwidth\":\"large\",\"image_transition\":\"scale-up\",\"title_style\":\"h2\",\"item_animation\":true,\"overlay_hover\":false,\"image_width\":\"850\",\"link_text\":\"\",\"link_style\":\"default\",\"grid_column_gap\":\"small\",\"grid_row_gap\":\"small\",\"filter_grid_breakpoint\":\"m\",\"overlay_link\":true,\"title_hover_style\":\"reset\",\"meta_element\":\"div\",\"animation\":\"none\",\"image_height\":\"800\",\"grid_large\":\"3\"},\"children\":[{\"name\":\"\",\"type\":\"gallery_item\",\"props\":{\"title\":\"Electrique \",\"image\":\"wp-content\\\/uploads\\\/2022\\\/02\\\/mosoni-1_0006_2.4-electrique.jpg\",\"content\":\"\n\n<p><a class=\\\"uk-button uk-button-text\\\">continuer la lecture<\\\/a><\\\/p>\",\"link\":\"https:\\\/\\\/magiedufeu.ch\\\/fr\\\/cat%C3%A9gorie-de-produit\\\/cheminees-et-inserts\\\/electrique\\\/\",\"hover_image\":null}},{\"name\":\"\",\"type\":\"gallery_item\",\"props\":{\"title\":\"Design \",\"image\":\"wp-content\\\/uploads\\\/2022\\\/02\\\/mosoni-1_0028_2.5-Design.jpg\",\"content\":\"\n\n<p><a class=\\\"uk-button uk-button-text\\\">continuer la lecture<\\\/a><\\\/p>\",\"link\":\"https:\\\/\\\/magiedufeu.ch\\\/fr\\\/cat%C3%A9gorie-de-produit\\\/cheminees-et-inserts\\\/design\\\/\",\"hover_image\":null}},{\"name\":\"\",\"type\":\"gallery_item\",\"props\":{\"title\":\"Hydro \",\"image\":\"wp-content\\\/uploads\\\/2022\\\/02\\\/mosoni-1_0027_2.6-Hydro-1.jpg\",\"content\":\"\n\n<p><a class=\\\"uk-button uk-button-text\\\">continuer la lecture<\\\/a><\\\/p>\",\"link\":\"https:\\\/\\\/magiedufeu.ch\\\/fr\\\/cat%C3%A9gorie-de-produit\\\/cheminees-et-inserts\\\/hydro\\\/\",\"hover_image\":null}}]}]}]}],\"modified\":\"2021-08-12T13:03:28.465Z\"},{\"name\":\"CTA FR\",\"type\":\"section\",\"props\":{\"style\":\"default\",\"width\":\"xlarge\",\"vertical_align\":\"middle\",\"title_position\":\"top-left\",\"title_rotation\":\"left\",\"title_breakpoint\":\"xl\",\"image_position\":\"center-center\",\"image\":\"\",\"text_color\":\"light\",\"padding_remove_bottom\":true,\"padding_remove_top\":false},\"children\":[{\"name\":\"\",\"type\":\"row\",\"children\":[{\"name\":\"\",\"type\":\"column\",\"props\":{\"image_position\":\"center-center\",\"vertical_align\":\"middle\",\"text_color\":\"light\",\"padding\":\"large\",\"image\":\"wp-content\\\/uploads\\\/photo-1614255976202-8ce52bfcb655-scaled.jpg\",\"image_size\":\"cover\",\"image_width\":\"1600\",\"media_overlay_gradient\":\"\",\"width_medium\":\"1-1\",\"media_overlay\":\"rgba(18, 12, 12, 0.37)\",\"position_sticky_breakpoint\":\"m\"},\"children\":[{\"name\":\"\",\"type\":\"image\",\"props\":{\"margin\":\"default\",\"text_align\":\"center\",\"image\":\"wp-content\\\/uploads\\\/2021\\\/06\\\/icon_individuelle_beratung.svg\",\"image_svg_color\":\"emphasis\",\"image_svg_inline\":true}},{\"name\":\"\",\"type\":\"headline\",\"props\":{\"title_element\":\"h2\",\"title_style\":\"heading-small\",\"text_align\":\"center\",\"margin\":\"default\",\"content\":\"<span>Vous avez besoin de conseils personnalis\\u00e9s ?<\\\/span>\"}},{\"name\":\"\",\"type\":\"button\",\"props\":{\"margin\":\"large\",\"button_size\":\"large\",\"text_align\":\"center\",\"margin_remove_bottom\":false,\"fullwidth\":false,\"grid_column_gap\":\"\",\"grid_row_gap\":\"\"},\"children\":[{\"name\":\"\",\"type\":\"button_item\",\"props\":{\"button_style\":\"default\",\"icon_align\":\"left\",\"content\":\"Contacter maintenant\",\"link\":\"https:\\\/\\\/magiedufeu.ch\\\/fr\\\/contact\\\/\"}}]}]}]}]}],\"version\":\"2.7.22\",\"type\":\"layout\"} --><\/p>\n","protected":false},"excerpt":{"rendered":"<p>Chemin\u00e9es et inserts Retour Bois continuer la lecture Pellets continuer la lecture Gaz continuer la lecture Electrique continuer la lecture Design continuer la lecture Hydro continuer la lecture Vous avez besoin de conseils personnalis\u00e9s ? Contacter maintenant<\/p>\n","protected":false},"author":1,"featured_media":0,"parent":0,"menu_order":0,"comment_status":"closed","ping_status":"closed","template":"","meta":{"footnotes":""},"class_list":["post-902","page","type-page","status-publish","hentry"],"yoast_head":"<!-- This site is optimized with the Yoast SEO plugin v23.7 - https:\/\/yoast.com\/wordpress\/plugins\/seo\/ -->\n<title>Chemin\u00e9es ouvertes et inserts de chemin\u00e9e - Mosoni-Vuissoz Magie du Feu<\/title>\n<meta name=\"robots\" content=\"index, follow, max-snippet:-1, max-image-preview:large, max-video-preview:-1\" \/>\n<link rel=\"canonical\" href=\"https:\/\/magiedufeu.ch\/fr\/cheminees-ouvertes-et-inserts-de-cheminee\/\" \/>\n<meta property=\"og:locale\" content=\"fr_FR\" \/>\n<meta property=\"og:type\" content=\"article\" \/>\n<meta property=\"og:title\" content=\"Chemin\u00e9es ouvertes et inserts de chemin\u00e9e - Mosoni-Vuissoz Magie du Feu\" \/>\n<meta property=\"og:description\" content=\"Chemin\u00e9es et inserts Retour Bois continuer la lecture Pellets continuer la lecture Gaz continuer la lecture Electrique continuer la lecture Design continuer la lecture Hydro continuer la lecture Vous avez besoin de conseils personnalis\u00e9s ? Contacter maintenant\" \/>\n<meta property=\"og:url\" content=\"https:\/\/magiedufeu.ch\/fr\/cheminees-ouvertes-et-inserts-de-cheminee\/\" \/>\n<meta property=\"og:site_name\" content=\"Mosoni-Vuissoz Magie du Feu\" \/>\n<meta property=\"article:publisher\" content=\"https:\/\/www.facebook.com\/magiedufeu.mdf\/\" \/>\n<meta property=\"article:modified_time\" content=\"2022-11-27T11:33:51+00:00\" \/>\n<meta name=\"twitter:card\" content=\"summary_large_image\" \/>\n<script type=\"application\/ld+json\" class=\"yoast-schema-graph\">{\"@context\":\"https:\/\/schema.org\",\"@graph\":[{\"@type\":\"WebPage\",\"@id\":\"https:\/\/magiedufeu.ch\/fr\/cheminees-ouvertes-et-inserts-de-cheminee\/\",\"url\":\"https:\/\/magiedufeu.ch\/fr\/cheminees-ouvertes-et-inserts-de-cheminee\/\",\"name\":\"Chemin\u00e9es ouvertes et inserts de chemin\u00e9e - Mosoni-Vuissoz Magie du Feu\",\"isPartOf\":{\"@id\":\"https:\/\/magiedufeu.ch\/#website\"},\"datePublished\":\"2022-03-25T14:01:09+00:00\",\"dateModified\":\"2022-11-27T11:33:51+00:00\",\"breadcrumb\":{\"@id\":\"https:\/\/magiedufeu.ch\/fr\/cheminees-ouvertes-et-inserts-de-cheminee\/#breadcrumb\"},\"inLanguage\":\"fr-FR\",\"potentialAction\":[{\"@type\":\"ReadAction\",\"target\":[\"https:\/\/magiedufeu.ch\/fr\/cheminees-ouvertes-et-inserts-de-cheminee\/\"]}]},{\"@type\":\"BreadcrumbList\",\"@id\":\"https:\/\/magiedufeu.ch\/fr\/cheminees-ouvertes-et-inserts-de-cheminee\/#breadcrumb\",\"itemListElement\":[{\"@type\":\"ListItem\",\"position\":1,\"name\":\"Accueil\",\"item\":\"https:\/\/magiedufeu.ch\/\"},{\"@type\":\"ListItem\",\"position\":2,\"name\":\"Chemin\u00e9es ouvertes et inserts de chemin\u00e9e\"}]},{\"@type\":\"WebSite\",\"@id\":\"https:\/\/magiedufeu.ch\/#website\",\"url\":\"https:\/\/magiedufeu.ch\/\",\"name\":\"Mosoni-Vuissoz Magie du Feu\",\"description\":\"\",\"publisher\":{\"@id\":\"https:\/\/magiedufeu.ch\/#organization\"},\"potentialAction\":[{\"@type\":\"SearchAction\",\"target\":{\"@type\":\"EntryPoint\",\"urlTemplate\":\"https:\/\/magiedufeu.ch\/?s={search_term_string}\"},\"query-input\":{\"@type\":\"PropertyValueSpecification\",\"valueRequired\":true,\"valueName\":\"search_term_string\"}}],\"inLanguage\":\"fr-FR\"},{\"@type\":\"Organization\",\"@id\":\"https:\/\/magiedufeu.ch\/#organization\",\"name\":\"Mosoni-Vuissoz Magie du Feu\",\"url\":\"https:\/\/magiedufeu.ch\/\",\"logo\":{\"@type\":\"ImageObject\",\"inLanguage\":\"fr-FR\",\"@id\":\"https:\/\/magiedufeu.ch\/#\/schema\/logo\/image\/\",\"url\":\"https:\/\/magiedufeu.ch\/wp-content\/uploads\/2021\/06\/Mosoni-Vuissoz-logo-1024x536-1-46d285e0.png\",\"contentUrl\":\"https:\/\/magiedufeu.ch\/wp-content\/uploads\/2021\/06\/Mosoni-Vuissoz-logo-1024x536-1-46d285e0.png\",\"width\":200,\"height\":105,\"caption\":\"Mosoni-Vuissoz Magie du Feu\"},\"image\":{\"@id\":\"https:\/\/magiedufeu.ch\/#\/schema\/logo\/image\/\"},\"sameAs\":[\"https:\/\/www.facebook.com\/magiedufeu.mdf\/\"]}]}<\/script>\n<!-- \/ Yoast SEO plugin. -->","yoast_head_json":{"title":"Chemin\u00e9es ouvertes et inserts de chemin\u00e9e - Mosoni-Vuissoz Magie du Feu","robots":{"index":"index","follow":"follow","max-snippet":"max-snippet:-1","max-image-preview":"max-image-preview:large","max-video-preview":"max-video-preview:-1"},"canonical":"https:\/\/magiedufeu.ch\/fr\/cheminees-ouvertes-et-inserts-de-cheminee\/","og_locale":"fr_FR","og_type":"article","og_title":"Chemin\u00e9es ouvertes et inserts de chemin\u00e9e - Mosoni-Vuissoz Magie du Feu","og_description":"Chemin\u00e9es et inserts Retour Bois continuer la lecture Pellets continuer la lecture Gaz continuer la lecture Electrique continuer la lecture Design continuer la lecture Hydro continuer la lecture Vous avez besoin de conseils personnalis\u00e9s ? Contacter maintenant","og_url":"https:\/\/magiedufeu.ch\/fr\/cheminees-ouvertes-et-inserts-de-cheminee\/","og_site_name":"Mosoni-Vuissoz Magie du Feu","article_publisher":"https:\/\/www.facebook.com\/magiedufeu.mdf\/","article_modified_time":"2022-11-27T11:33:51+00:00","twitter_card":"summary_large_image","schema":{"@context":"https:\/\/schema.org","@graph":[{"@type":"WebPage","@id":"https:\/\/magiedufeu.ch\/fr\/cheminees-ouvertes-et-inserts-de-cheminee\/","url":"https:\/\/magiedufeu.ch\/fr\/cheminees-ouvertes-et-inserts-de-cheminee\/","name":"Chemin\u00e9es ouvertes et inserts de chemin\u00e9e - Mosoni-Vuissoz Magie du Feu","isPartOf":{"@id":"https:\/\/magiedufeu.ch\/#website"},"datePublished":"2022-03-25T14:01:09+00:00","dateModified":"2022-11-27T11:33:51+00:00","breadcrumb":{"@id":"https:\/\/magiedufeu.ch\/fr\/cheminees-ouvertes-et-inserts-de-cheminee\/#breadcrumb"},"inLanguage":"fr-FR","potentialAction":[{"@type":"ReadAction","target":["https:\/\/magiedufeu.ch\/fr\/cheminees-ouvertes-et-inserts-de-cheminee\/"]}]},{"@type":"BreadcrumbList","@id":"https:\/\/magiedufeu.ch\/fr\/cheminees-ouvertes-et-inserts-de-cheminee\/#breadcrumb","itemListElement":[{"@type":"ListItem","position":1,"name":"Accueil","item":"https:\/\/magiedufeu.ch\/"},{"@type":"ListItem","position":2,"name":"Chemin\u00e9es ouvertes et inserts de chemin\u00e9e"}]},{"@type":"WebSite","@id":"https:\/\/magiedufeu.ch\/#website","url":"https:\/\/magiedufeu.ch\/","name":"Mosoni-Vuissoz Magie du Feu","description":"","publisher":{"@id":"https:\/\/magiedufeu.ch\/#organization"},"potentialAction":[{"@type":"SearchAction","target":{"@type":"EntryPoint","urlTemplate":"https:\/\/magiedufeu.ch\/?s={search_term_string}"},"query-input":{"@type":"PropertyValueSpecification","valueRequired":true,"valueName":"search_term_string"}}],"inLanguage":"fr-FR"},{"@type":"Organization","@id":"https:\/\/magiedufeu.ch\/#organization","name":"Mosoni-Vuissoz Magie du Feu","url":"https:\/\/magiedufeu.ch\/","logo":{"@type":"ImageObject","inLanguage":"fr-FR","@id":"https:\/\/magiedufeu.ch\/#\/schema\/logo\/image\/","url":"https:\/\/magiedufeu.ch\/wp-content\/uploads\/2021\/06\/Mosoni-Vuissoz-logo-1024x536-1-46d285e0.png","contentUrl":"https:\/\/magiedufeu.ch\/wp-content\/uploads\/2021\/06\/Mosoni-Vuissoz-logo-1024x536-1-46d285e0.png","width":200,"height":105,"caption":"Mosoni-Vuissoz Magie du Feu"},"image":{"@id":"https:\/\/magiedufeu.ch\/#\/schema\/logo\/image\/"},"sameAs":["https:\/\/www.facebook.com\/magiedufeu.mdf\/"]}]}},"_links":{"self":[{"href":"https:\/\/magiedufeu.ch\/fr\/wp-json\/wp\/v2\/pages\/902","targetHints":{"allow":["GET"]}}],"collection":[{"href":"https:\/\/magiedufeu.ch\/fr\/wp-json\/wp\/v2\/pages"}],"about":[{"href":"https:\/\/magiedufeu.ch\/fr\/wp-json\/wp\/v2\/types\/page"}],"author":[{"embeddable":true,"href":"https:\/\/magiedufeu.ch\/fr\/wp-json\/wp\/v2\/users\/1"}],"replies":[{"embeddable":true,"href":"https:\/\/magiedufeu.ch\/fr\/wp-json\/wp\/v2\/comments?post=902"}],"version-history":[{"count":7,"href":"https:\/\/magiedufeu.ch\/fr\/wp-json\/wp\/v2\/pages\/902\/revisions"}],"predecessor-version":[{"id":3501,"href":"https:\/\/magiedufeu.ch\/fr\/wp-json\/wp\/v2\/pages\/902\/revisions\/3501"}],"wp:attachment":[{"href":"https:\/\/magiedufeu.ch\/fr\/wp-json\/wp\/v2\/media?parent=902"}],"curies":[{"name":"wp","href":"https:\/\/api.w.org\/{rel}","templated":true}]}}