{"id":1008,"date":"2022-05-18T14:55:14","date_gmt":"2022-05-18T14:55:14","guid":{"rendered":"https:\/\/magiedufeu.ch\/?page_id=1008"},"modified":"2023-02-09T09:06:45","modified_gmt":"2023-02-09T09:06:45","slug":"conditions-generales","status":"publish","type":"page","link":"https:\/\/magiedufeu.ch\/fr\/conditions-generales\/","title":{"rendered":"Conditions g\u00e9n\u00e9rales de vente"},"content":{"rendered":"<p><strong>Chapitre I Clauses communes<\/strong><\/p><p><em><u>Article 1 Formation du contrat<\/u><\/em><\/p><p>1.&nbsp;&nbsp;&nbsp;&nbsp;&nbsp;&nbsp;Le contrat est r\u00e9put\u00e9 conclu \u00e0 r\u00e9ception du devis ou du bon de commande dument sign\u00e9 par le Client.<\/p><p>2.\u00a0\u00a0\u00a0\u00a0\u00a0\u00a0Pour les commandes pass\u00e9es via notre shop internet le client re\u00e7oit une confirmation de commande sans valeur contractuelle. Le contrat est r\u00e9put\u00e9 conclu avec la confirmation de l&#8217;envoi de la marchandise ou le retrait de la marchandise au magasin par le client. Dans le cas o\u00f9 un devis ou un bon de commande en plus de la confirmation de commande sans valeur contractuelle a \u00e9t\u00e9 sign\u00e9 par le client d&#8217;apr\u00e8s le point 1 (par exemple par e-mail), alors le contrat est r\u00e9put\u00e9 conclu \u00e0 r\u00e9ception de celui-ci.<\/p><p><em><u>Article 2 Obligations de&nbsp;Mosoni&nbsp;Vuissoz SA<\/u><\/em><\/p><p>1.&nbsp;&nbsp;&nbsp;&nbsp;&nbsp;&nbsp;Mosoni&nbsp;Vuissoz SA s\u2019engage \u00e0 fournir la Prestation convenue dans le contrat, dans les r\u00e8gles de l\u2019art.<\/p><p>2.&nbsp;&nbsp;&nbsp;&nbsp;&nbsp;&nbsp;Mosoni&nbsp;Vuissoz SA veillera \u00e0 conseiller le Client ainsi qu\u2019\u00e0 lui expliquer les caract\u00e9ristiques du produit et l\u2019usage auquel il est destin\u00e9. Dans le cas o\u00f9 ils existent,&nbsp;Mosoni&nbsp;Vuissoz SA remettra au Client toutes notices et manuels d\u2019utilisation.<\/p><p><em><u>Article 3 Obligations du Client<\/u><\/em><\/p><p>1.&nbsp;&nbsp;&nbsp;&nbsp;&nbsp;&nbsp;Le Client s\u2019engage \u00e0 payer le prix dans le d\u00e9lai fix\u00e9 par le contrat.<\/p><p>2.&nbsp;&nbsp;&nbsp;&nbsp;&nbsp;&nbsp;En cas de paiement convenu par \u00e9ch\u00e9ances, l\u2019absence de paiement d\u2019une seule \u00e9ch\u00e9ance rend l\u2019entier du prix exigible imm\u00e9diatement. L\u2019int\u00e9r\u00eat moratoire est fix\u00e9 \u00e0 9% l\u2019an, d\u00e8s l\u2019\u00e9ch\u00e9ance manqu\u00e9e, sans mise en demeure suppl\u00e9mentaire.<\/p><p>3.&nbsp;&nbsp;&nbsp;&nbsp;&nbsp;&nbsp;Le devis tient compte des frais de d\u00e9placement en g\u00e9n\u00e9ral&nbsp;; ceux-ci seront effectivement recalcul\u00e9s lors de la facturation.<\/p><p>4.&nbsp;&nbsp;&nbsp;&nbsp;&nbsp;&nbsp;Mosoni&nbsp;Vuissoz SA se r\u00e9serve le droit d\u2019ajuster le prix au tarif qui sera en vigueur, lorsque l\u2019ex\u00e9cution de la Prestation s\u2019effectue au-del\u00e0 de 12 mois apr\u00e8s la conclusion du contrat.<\/p><p>5.&nbsp;&nbsp;&nbsp;&nbsp;&nbsp;&nbsp;Toute Prestation suppl\u00e9mentaire ou non pr\u00e9vue au moment de l\u2019\u00e9tablissement du devis est factur\u00e9e en sus.<\/p><p>6.&nbsp;&nbsp;&nbsp;&nbsp;&nbsp;&nbsp;Pour toute Prestation sup\u00e9rieure \u00e0 Fr. 500.00, un acompte de 50% est exig\u00e9 du Client \u00e0 la conclusion du contrat.<\/p><p>7.&nbsp;&nbsp;&nbsp;&nbsp;&nbsp;&nbsp;Le Client est tenu de se conformer aux conseils prodigu\u00e9s par&nbsp;Mosoni&nbsp;Vuissoz SA, en particulier en mati\u00e8re de r\u00e9glementation de police du feu.<\/p><p>8.&nbsp;&nbsp;&nbsp;&nbsp;&nbsp;&nbsp;Il incombe au Client de faire contr\u00f4ler sa nouvelle installation par le ramoneur.<\/p><p><em><u>Article 4 Garantie g\u00e9n\u00e9rale<\/u><\/em><\/p><p>1.&nbsp;&nbsp;&nbsp;Le Client est tenu de v\u00e9rifier la chose au moment de la livraison. S\u2019il n\u00e9glige de le faire, la chose est tenue pour accept\u00e9e. S\u2019il s\u2019agit d\u2019un d\u00e9faut d\u00e9couvert ult\u00e9rieurement, le Client doit imm\u00e9diatement avertir&nbsp;Mosoni&nbsp;Vuissoz SA par \u00e9crit et fournir un justificatif (photos, etc\u2026). Le Client qui effectue un avis des d\u00e9fauts au-del\u00e0 des 8 jours d\u00e8s la livraison ou la pose de la Prestation est consid\u00e9r\u00e9 comme tardif et perd son droit \u00e0 la garantie.<\/p><p>2.&nbsp;&nbsp;&nbsp;Toute r\u00e9clamation doit mentionner le num\u00e9ro de facture.<\/p><p>3.&nbsp;&nbsp;&nbsp;Si la prestation n\u2019est pas conforme \u00e0 celle convenue entre les parties, par suite d\u2019une faute de&nbsp;Mosoni&nbsp;Vuissoz SA, le Client a le choix: en r\u00e9duire le prix, ou exiger livraison des marchandises de remplacement.<\/p><p>4.&nbsp;&nbsp;&nbsp;En cas de r\u00e9solution du contrat, le Client n\u2019aura droit qu\u2019au remboursement du prix pay\u00e9, sans dommages-int\u00e9r\u00eats.<\/p><p>5.&nbsp;&nbsp;&nbsp;La garantie du&nbsp;Mosoni&nbsp;Vuissoz SA couvre tant les produits que les frais de main d\u2019\u0153uvre et les travaux y relatifs.<\/p><p>6.&nbsp;&nbsp;&nbsp;Mosoni&nbsp;Vuissoz SA ne garantit pas le concept du choix de chauffage.<\/p><p><em><u>Article 5 R\u00e9siliation pour justes motifs<\/u><\/em><\/p><p>1.&nbsp;&nbsp;&nbsp;&nbsp;&nbsp;&nbsp;Mosoni&nbsp;Vuissoz SA peut r\u00e9silier imm\u00e9diatement le contrat pour les justes motifs suivants&nbsp;:<\/p><p>a.&nbsp;&nbsp;&nbsp;le Client est en demeure ou se r\u00e9v\u00e8le insolvable;<\/p><p>b.&nbsp;&nbsp;&nbsp;Malgr\u00e9 un avertissement \u00e9crit, le Client ne suit pas les instructions et conseils de&nbsp;Mosoni&nbsp;Vuissoz SA, adopte un comportement frauduleux ou ne respecte pas les conseils et prescriptions fournis par&nbsp;Mosoni&nbsp;Vuissoz SA relatifs au produit choisi;<\/p><p>c.&nbsp;&nbsp;&nbsp;&nbsp;Le Client ne dispose pas des infrastructures n\u00e9cessaires \u00e0 la mise en \u0153uvre de la Prestation.<\/p><p>d.&nbsp;&nbsp;&nbsp;En cas de force majeure.<\/p><p>2.&nbsp;&nbsp;&nbsp;&nbsp;&nbsp;&nbsp;Mosoni&nbsp;Vuissoz SA n\u2019est pas tenue \u00e0 des&nbsp;dommages-int\u00e9r\u00eats.&nbsp;<strong>30% du prix initial, ainsi que les \u00e9ventuels frais de d\u00e9placement, lui restent en revanche acquis.<\/strong><\/p><p><em><u>Article 6 Litiges<\/u><\/em><\/p><p>1.&nbsp;&nbsp;&nbsp;Les parties s\u2019efforcent de r\u00e9gler \u00e0 l\u2019amiable les litiges d\u00e9coulant de l\u2019ex\u00e9cution du contrat.<\/p><p>2.&nbsp;&nbsp;&nbsp;Seul le droit suisse est applicable aux relations contractuelles entre&nbsp;Mosoni&nbsp;Vuissoz SA et le Client, \u00e0 l\u2019exclusion du droit international priv\u00e9.<\/p><p>3.&nbsp;&nbsp;&nbsp;Pour tout litige relatif \u00e0 la Prestation ou se rapportant \u00e0 celle-ci,&nbsp;<strong>le for est au si\u00e8ge de&nbsp;Mosoni&nbsp;Vuissoz La Magie du Feu SA<\/strong>, sauf disposition contraire imp\u00e9rative.<\/p><p><em><u>Article 7 Clause salvatrice<\/u><\/em><\/p><p>L\u2019invalidit\u00e9 d\u2019une disposition des pr\u00e9sentes conditions g\u00e9n\u00e9rales n\u2019invalide pas le contrat, ni les autres clauses.<\/p><p><strong>Chapitre II Conditions relatives \u00e0 la vente (fourniture)<\/strong><\/p><p><em><u>Article 8 Lieu et date de la livraison, transfert des risques<\/u><\/em><\/p><p>1.&nbsp;&nbsp;&nbsp;&nbsp;&nbsp;&nbsp;La date de livraison indiqu\u00e9e est estimative et peut varier selon des facteurs non imputables \u00e0&nbsp;Mosoni&nbsp;Vuissoz SA.<\/p><p>2.&nbsp;&nbsp;&nbsp;&nbsp;&nbsp;&nbsp;Mosoni&nbsp;Vuissoz SA n\u2019encourt aucune responsabilit\u00e9 en cas de retard de la livraison, si celui-ci est ind\u00e9pendant de sa volont\u00e9.<\/p><p>3.&nbsp;&nbsp;&nbsp;&nbsp;&nbsp;&nbsp;Le lieu de livraison est au domicile du client, sous r\u00e9serve d\u2019une convention \u00e9crite contraire.<\/p><p>4.&nbsp;&nbsp;&nbsp;&nbsp;&nbsp;&nbsp;Si le Client souhaite diff\u00e9rer la date de livraison, il est tenu d\u2019en avertir&nbsp;Mosoni&nbsp;Vuissoz SA 7 jours \u00e0 l\u2019avance par \u00e9crit. A d\u00e9faut, aucun report de date ne sera accept\u00e9.<\/p><p>5.&nbsp;&nbsp;&nbsp;&nbsp;&nbsp;&nbsp;Les risques seront transf\u00e9r\u00e9s au Client d\u00e8s la livraison.<\/p><p><em><u>Article 9 Garantie du vendeur<\/u><\/em><\/p><p>Mosoni&nbsp;Vuissoz SA offre une garantie de deux ans sur les produits neufs, d\u2019un an sur les produits d\u2019occasion, \u00e0 l\u2019exclusion de toute autre garantie.<\/p><p><strong>Chapitre III Contrat d\u2019entreprise (pose)<\/strong><\/p><p><em><u>Article 10 Responsabilit\u00e9 du&nbsp;Mosoni&nbsp;Vuissoz SA<\/u><\/em><\/p><p>Mosoni&nbsp;Vuissoz SA n\u2019est pas responsable de l\u2019inex\u00e9cution en cas de force majeure. Est notamment consid\u00e9r\u00e9e comme telle une installation pr\u00e9existante incompatible avec le produit acquis malgr\u00e9 les conseils fournis, ou non conformes aux prescriptions de la police du feu.<\/p><p><em><u>Article 11 Prestations compl\u00e9mentaires<\/u><\/em><\/p><p>1.&nbsp;&nbsp;&nbsp;Le montant du devis final n\u2019est d\u00e9finitif que lorsque le poseur s\u2019est rendu sur place et a pu constater les conditions locales.<\/p><p>2.&nbsp;&nbsp;&nbsp;En cas de renonciation au contrat par le Client, suite \u00e0 l\u2019\u00e9tablissement du devis final, 30% du prix initial ainsi que les \u00e9ventuels frais de d\u00e9placement restent \u00e0 la charge de ce dernier.<\/p><p><em><u>Article 12 Exclusion de garantie<\/u><\/em><\/p><p>La garantie est exclue lorsque le d\u00e9faut provient soit de l\u2019usure normale du produit, soit de l\u2019absence d\u2019entretien, soit de l\u2019irrespect des prescriptions de la police du feu, par le Client.<\/p><p><strong>RETARD DE PAIEMENT:<\/strong> Le montant factur\u00e9 est exigible le jour civil indiqu\u00e9 sur la facture. Le taux d&#8217;int\u00e9r\u00eat moratoire est de 9%. Le contractant se r\u00e9serve le droit de refuser une commande jusqu&#8217;\u00e0 ce que toutes les cr\u00e9ances en cours aient \u00e9t\u00e9 r\u00e9gl\u00e9es. Le recouvrement des cr\u00e9ances est effectu\u00e9 par Creditreform Romandie GNT SA apr\u00e8s un 2\u00e8me rappel infructueux. Les frais engag\u00e9s \u00e0 cet effet sont remboursables et d\u00e9pendent du montant de la cr\u00e9ance. D\u00e8s la prise en charge de la cr\u00e9ance par Creditreform Romandie GNT SA, les taxes s&#8217;\u00e9l\u00e8vent \u00e0 CHF 60.- jusqu&#8217;au montant de la cr\u00e9ance (MC) de CHF 50.-, CHF 100.- jusqu&#8217;au MC de CHF 150.-, CHF 125.- jusqu&#8217;au MC de CHF 300.-, CHF 190.- jusqu&#8217;au MC de CHF 500.-, CHF 260.- jusqu&#8217;au MC de CHF 1 000.-, CHF 350.- jusqu&#8217;au MC de CHF 2 000.-, CHF 530.- jusqu&#8217;au MC de CHF 4 000.-, CHF 900.- jusqu&#8217;au MC de CHF 8 000.-, CHF 1 330.- jusqu&#8217;au MC de CHF 16 000.-, CHF 2 000.- jusqu&#8217;au MC de CHF 32 000.-, CHF 2 600.- jusqu&#8217;au MC de CHF 50 000.-, \u00e0 partir du MC de CHF 50 000.-, elles s&#8217;\u00e9l\u00e8vent \u00e0 5,5% de la cr\u00e9ance.<\/p><p>Ainsi fait \u00e0 Sierre, le 3 octobre 2016.<\/p>","protected":false},"excerpt":{"rendered":"<p>Chapitre I Clauses communes Article 1 Formation du contrat 1.&nbsp;&nbsp;&nbsp;&nbsp;&nbsp;&nbsp;Le contrat est r\u00e9put\u00e9 conclu \u00e0 r\u00e9ception du devis ou du bon de commande dument sign\u00e9 par le Client. 2.\u00a0\u00a0\u00a0\u00a0\u00a0\u00a0Pour les commandes pass\u00e9es via notre shop internet le client re\u00e7oit une confirmation de commande sans valeur contractuelle. Le contrat est r\u00e9put\u00e9 conclu avec la confirmation de [&hellip;]<\/p>\n","protected":false},"author":1,"featured_media":0,"parent":0,"menu_order":0,"comment_status":"closed","ping_status":"closed","template":"","meta":{"footnotes":""},"class_list":["post-1008","page","type-page","status-publish","hentry"],"yoast_head":"<!-- This site is optimized with the Yoast SEO plugin v23.7 - https:\/\/yoast.com\/wordpress\/plugins\/seo\/ -->\n<title>Conditions g\u00e9n\u00e9rales de vente - Mosoni-Vuissoz Magie du Feu<\/title>\n<meta name=\"robots\" content=\"index, follow, max-snippet:-1, max-image-preview:large, max-video-preview:-1\" \/>\n<link rel=\"canonical\" href=\"https:\/\/magiedufeu.ch\/fr\/conditions-generales\/\" \/>\n<meta property=\"og:locale\" content=\"fr_FR\" \/>\n<meta property=\"og:type\" content=\"article\" \/>\n<meta property=\"og:title\" content=\"Conditions g\u00e9n\u00e9rales de vente - Mosoni-Vuissoz Magie du Feu\" \/>\n<meta property=\"og:description\" content=\"Chapitre I Clauses communes Article 1 Formation du contrat 1.&nbsp;&nbsp;&nbsp;&nbsp;&nbsp;&nbsp;Le contrat est r\u00e9put\u00e9 conclu \u00e0 r\u00e9ception du devis ou du bon de commande dument sign\u00e9 par le Client. 2.\u00a0\u00a0\u00a0\u00a0\u00a0\u00a0Pour les commandes pass\u00e9es via notre shop internet le client re\u00e7oit une confirmation de commande sans valeur contractuelle. Le contrat est r\u00e9put\u00e9 conclu avec la confirmation de [&hellip;]\" \/>\n<meta property=\"og:url\" content=\"https:\/\/magiedufeu.ch\/fr\/conditions-generales\/\" \/>\n<meta property=\"og:site_name\" content=\"Mosoni-Vuissoz Magie du Feu\" \/>\n<meta property=\"article:publisher\" content=\"https:\/\/www.facebook.com\/magiedufeu.mdf\/\" \/>\n<meta property=\"article:modified_time\" content=\"2023-02-09T09:06:45+00:00\" \/>\n<meta name=\"twitter:card\" content=\"summary_large_image\" \/>\n<meta name=\"twitter:label1\" content=\"Dur\u00e9e de lecture estim\u00e9e\" \/>\n\t<meta name=\"twitter:data1\" content=\"8 minutes\" \/>\n<script type=\"application\/ld+json\" class=\"yoast-schema-graph\">{\"@context\":\"https:\/\/schema.org\",\"@graph\":[{\"@type\":\"WebPage\",\"@id\":\"https:\/\/magiedufeu.ch\/fr\/conditions-generales\/\",\"url\":\"https:\/\/magiedufeu.ch\/fr\/conditions-generales\/\",\"name\":\"Conditions g\u00e9n\u00e9rales de vente - Mosoni-Vuissoz Magie du Feu\",\"isPartOf\":{\"@id\":\"https:\/\/magiedufeu.ch\/#website\"},\"datePublished\":\"2022-05-18T14:55:14+00:00\",\"dateModified\":\"2023-02-09T09:06:45+00:00\",\"breadcrumb\":{\"@id\":\"https:\/\/magiedufeu.ch\/fr\/conditions-generales\/#breadcrumb\"},\"inLanguage\":\"fr-FR\",\"potentialAction\":[{\"@type\":\"ReadAction\",\"target\":[\"https:\/\/magiedufeu.ch\/fr\/conditions-generales\/\"]}]},{\"@type\":\"BreadcrumbList\",\"@id\":\"https:\/\/magiedufeu.ch\/fr\/conditions-generales\/#breadcrumb\",\"itemListElement\":[{\"@type\":\"ListItem\",\"position\":1,\"name\":\"Accueil\",\"item\":\"https:\/\/magiedufeu.ch\/\"},{\"@type\":\"ListItem\",\"position\":2,\"name\":\"Conditions g\u00e9n\u00e9rales de vente\"}]},{\"@type\":\"WebSite\",\"@id\":\"https:\/\/magiedufeu.ch\/#website\",\"url\":\"https:\/\/magiedufeu.ch\/\",\"name\":\"Mosoni-Vuissoz Magie du Feu\",\"description\":\"\",\"publisher\":{\"@id\":\"https:\/\/magiedufeu.ch\/#organization\"},\"potentialAction\":[{\"@type\":\"SearchAction\",\"target\":{\"@type\":\"EntryPoint\",\"urlTemplate\":\"https:\/\/magiedufeu.ch\/?s={search_term_string}\"},\"query-input\":{\"@type\":\"PropertyValueSpecification\",\"valueRequired\":true,\"valueName\":\"search_term_string\"}}],\"inLanguage\":\"fr-FR\"},{\"@type\":\"Organization\",\"@id\":\"https:\/\/magiedufeu.ch\/#organization\",\"name\":\"Mosoni-Vuissoz Magie du Feu\",\"url\":\"https:\/\/magiedufeu.ch\/\",\"logo\":{\"@type\":\"ImageObject\",\"inLanguage\":\"fr-FR\",\"@id\":\"https:\/\/magiedufeu.ch\/#\/schema\/logo\/image\/\",\"url\":\"https:\/\/magiedufeu.ch\/wp-content\/uploads\/2021\/06\/Mosoni-Vuissoz-logo-1024x536-1-46d285e0.png\",\"contentUrl\":\"https:\/\/magiedufeu.ch\/wp-content\/uploads\/2021\/06\/Mosoni-Vuissoz-logo-1024x536-1-46d285e0.png\",\"width\":200,\"height\":105,\"caption\":\"Mosoni-Vuissoz Magie du Feu\"},\"image\":{\"@id\":\"https:\/\/magiedufeu.ch\/#\/schema\/logo\/image\/\"},\"sameAs\":[\"https:\/\/www.facebook.com\/magiedufeu.mdf\/\"]}]}<\/script>\n<!-- \/ Yoast SEO plugin. -->","yoast_head_json":{"title":"Conditions g\u00e9n\u00e9rales de vente - Mosoni-Vuissoz Magie du Feu","robots":{"index":"index","follow":"follow","max-snippet":"max-snippet:-1","max-image-preview":"max-image-preview:large","max-video-preview":"max-video-preview:-1"},"canonical":"https:\/\/magiedufeu.ch\/fr\/conditions-generales\/","og_locale":"fr_FR","og_type":"article","og_title":"Conditions g\u00e9n\u00e9rales de vente - Mosoni-Vuissoz Magie du Feu","og_description":"Chapitre I Clauses communes Article 1 Formation du contrat 1.&nbsp;&nbsp;&nbsp;&nbsp;&nbsp;&nbsp;Le contrat est r\u00e9put\u00e9 conclu \u00e0 r\u00e9ception du devis ou du bon de commande dument sign\u00e9 par le Client. 2.\u00a0\u00a0\u00a0\u00a0\u00a0\u00a0Pour les commandes pass\u00e9es via notre shop internet le client re\u00e7oit une confirmation de commande sans valeur contractuelle. Le contrat est r\u00e9put\u00e9 conclu avec la confirmation de [&hellip;]","og_url":"https:\/\/magiedufeu.ch\/fr\/conditions-generales\/","og_site_name":"Mosoni-Vuissoz Magie du Feu","article_publisher":"https:\/\/www.facebook.com\/magiedufeu.mdf\/","article_modified_time":"2023-02-09T09:06:45+00:00","twitter_card":"summary_large_image","twitter_misc":{"Dur\u00e9e de lecture estim\u00e9e":"8 minutes"},"schema":{"@context":"https:\/\/schema.org","@graph":[{"@type":"WebPage","@id":"https:\/\/magiedufeu.ch\/fr\/conditions-generales\/","url":"https:\/\/magiedufeu.ch\/fr\/conditions-generales\/","name":"Conditions g\u00e9n\u00e9rales de vente - Mosoni-Vuissoz Magie du Feu","isPartOf":{"@id":"https:\/\/magiedufeu.ch\/#website"},"datePublished":"2022-05-18T14:55:14+00:00","dateModified":"2023-02-09T09:06:45+00:00","breadcrumb":{"@id":"https:\/\/magiedufeu.ch\/fr\/conditions-generales\/#breadcrumb"},"inLanguage":"fr-FR","potentialAction":[{"@type":"ReadAction","target":["https:\/\/magiedufeu.ch\/fr\/conditions-generales\/"]}]},{"@type":"BreadcrumbList","@id":"https:\/\/magiedufeu.ch\/fr\/conditions-generales\/#breadcrumb","itemListElement":[{"@type":"ListItem","position":1,"name":"Accueil","item":"https:\/\/magiedufeu.ch\/"},{"@type":"ListItem","position":2,"name":"Conditions g\u00e9n\u00e9rales de vente"}]},{"@type":"WebSite","@id":"https:\/\/magiedufeu.ch\/#website","url":"https:\/\/magiedufeu.ch\/","name":"Mosoni-Vuissoz Magie du Feu","description":"","publisher":{"@id":"https:\/\/magiedufeu.ch\/#organization"},"potentialAction":[{"@type":"SearchAction","target":{"@type":"EntryPoint","urlTemplate":"https:\/\/magiedufeu.ch\/?s={search_term_string}"},"query-input":{"@type":"PropertyValueSpecification","valueRequired":true,"valueName":"search_term_string"}}],"inLanguage":"fr-FR"},{"@type":"Organization","@id":"https:\/\/magiedufeu.ch\/#organization","name":"Mosoni-Vuissoz Magie du Feu","url":"https:\/\/magiedufeu.ch\/","logo":{"@type":"ImageObject","inLanguage":"fr-FR","@id":"https:\/\/magiedufeu.ch\/#\/schema\/logo\/image\/","url":"https:\/\/magiedufeu.ch\/wp-content\/uploads\/2021\/06\/Mosoni-Vuissoz-logo-1024x536-1-46d285e0.png","contentUrl":"https:\/\/magiedufeu.ch\/wp-content\/uploads\/2021\/06\/Mosoni-Vuissoz-logo-1024x536-1-46d285e0.png","width":200,"height":105,"caption":"Mosoni-Vuissoz Magie du Feu"},"image":{"@id":"https:\/\/magiedufeu.ch\/#\/schema\/logo\/image\/"},"sameAs":["https:\/\/www.facebook.com\/magiedufeu.mdf\/"]}]}},"_links":{"self":[{"href":"https:\/\/magiedufeu.ch\/fr\/wp-json\/wp\/v2\/pages\/1008","targetHints":{"allow":["GET"]}}],"collection":[{"href":"https:\/\/magiedufeu.ch\/fr\/wp-json\/wp\/v2\/pages"}],"about":[{"href":"https:\/\/magiedufeu.ch\/fr\/wp-json\/wp\/v2\/types\/page"}],"author":[{"embeddable":true,"href":"https:\/\/magiedufeu.ch\/fr\/wp-json\/wp\/v2\/users\/1"}],"replies":[{"embeddable":true,"href":"https:\/\/magiedufeu.ch\/fr\/wp-json\/wp\/v2\/comments?post=1008"}],"version-history":[{"count":9,"href":"https:\/\/magiedufeu.ch\/fr\/wp-json\/wp\/v2\/pages\/1008\/revisions"}],"predecessor-version":[{"id":3827,"href":"https:\/\/magiedufeu.ch\/fr\/wp-json\/wp\/v2\/pages\/1008\/revisions\/3827"}],"wp:attachment":[{"href":"https:\/\/magiedufeu.ch\/fr\/wp-json\/wp\/v2\/media?parent=1008"}],"curies":[{"name":"wp","href":"https:\/\/api.w.org\/{rel}","templated":true}]}}